{"id":3311,"date":"2025-06-02T14:21:33","date_gmt":"2025-06-02T14:21:33","guid":{"rendered":"https:\/\/kopija.poljoserviskljakic.com\/?page_id=3311"},"modified":"2026-03-03T10:27:54","modified_gmt":"2026-03-03T10:27:54","slug":"model-754","status":"publish","type":"page","link":"https:\/\/kopija.poljoserviskljakic.com\/bs\/model-754\/","title":{"rendered":"MODEL 754"},"content":{"rendered":"\t\t<div data-elementor-type=\"wp-page\" data-elementor-id=\"3311\" class=\"elementor elementor-3311\" data-elementor-post-type=\"page\">\n\t\t\t\t<div class=\"elementor-element elementor-element-d9a422e e-flex e-con-boxed e-con e-parent\" data-id=\"d9a422e\" data-element_type=\"container\" data-e-type=\"container\" data-settings=\"{&quot;background_background&quot;:&quot;classic&quot;}\">\n\t\t\t\t\t<div class=\"e-con-inner\">\n\t\t\t\t<div class=\"elementor-element elementor-element-36dd966 elementor-widget elementor-widget-heading\" data-id=\"36dd966\" data-element_type=\"widget\" data-e-type=\"widget\" data-widget_type=\"heading.default\">\n\t\t\t\t<div class=\"elementor-widget-container\">\n\t\t\t\t\t<h1 class=\"elementor-heading-title elementor-size-default\">MODEL 754<\/h1>\t\t\t\t<\/div>\n\t\t\t\t<\/div>\n\t\t\t\t\t<\/div>\n\t\t\t\t<\/div>\n\t\t<div class=\"elementor-element elementor-element-708a584 e-flex e-con-boxed e-con e-parent\" data-id=\"708a584\" data-element_type=\"container\" data-e-type=\"container\">\n\t\t\t\t\t<div class=\"e-con-inner\">\n\t\t<div class=\"elementor-element elementor-element-507f336 e-con-full e-flex e-con e-child\" data-id=\"507f336\" data-element_type=\"container\" data-e-type=\"container\">\n\t\t<div class=\"elementor-element elementor-element-b2c6f6e e-con-full e-flex e-con e-child\" data-id=\"b2c6f6e\" data-element_type=\"container\" data-e-type=\"container\">\n\t\t<div class=\"elementor-element elementor-element-1f3b29f e-con-full e-flex e-con e-child\" data-id=\"1f3b29f\" data-element_type=\"container\" data-e-type=\"container\">\n\t\t\t\t<div class=\"elementor-element elementor-element-37e7653 elementor-drop-cap-yes elementor-drop-cap-view-default elementor-widget elementor-widget-text-editor\" data-id=\"37e7653\" data-element_type=\"widget\" data-e-type=\"widget\" data-settings=\"{&quot;drop_cap&quot;:&quot;yes&quot;}\" data-widget_type=\"text-editor.default\">\n\t\t\t\t<div class=\"elementor-widget-container\">\n\t\t\t\t\t\t\t\t\t<h3 data-start=\"146\" data-end=\"201\">HANWO 754 \u2013 Traktor visokih performansi snage 75 KS<\/h3><p data-start=\"203\" data-end=\"493\">HANWO 754 je robustan i pouzdan traktor snage 75 KS, namenjen zahtevnim poljoprivrednim zadacima. Sa \u010detvorocilindri\u010dnim motorom, pogonom na sva \u010detiri to\u010dka (4WD) i menja\u010dem 12+12 brzina sa mehani\u010dkim reverzerom, ovaj model nudi snagu, preciznost i potpunu kontrolu u svim radnim uslovima.<\/p><p data-start=\"495\" data-end=\"827\">Traktor je opremljen LUK kva\u010dilom i nezavisnim PTO kva\u010dilom, kao i PTO-om sa dvostrukom brzinom (540\/1000 o\/min), \u0161to omogu\u0107ava svestranu primenu sa razli\u010ditim priklju\u010dnim ma\u0161inama. Kategorija 2 spojnice i sna\u017ean hidrauli\u010dni sistem (protok pumpe 36\u201355 l\/min, dva para spoljne hidraulike) dodatno osiguravaju visoke radne kapacitete.<\/p><p data-start=\"829\" data-end=\"1128\">Komfor operatera je na visokom nivou zahvaljuju\u0107i klimatizovanoj kabini, podesivom volanu i Grammer sedi\u0161tu. Traktor dolazi sa gumama 9.5-24 (prednje) i 14.9-30 (zadnje), donjom i gornjom poteznicom, prednjim tegovima od 100 kg i zadnjim od 90 kg, \u0161to obezbe\u0111uje stabilnost i optimalno balansiranje.<\/p><p data-start=\"1130\" data-end=\"1413\">Za dodatnu bezbednost i funkcionalnost, ugra\u0111en je kompresor sa vazdu\u0161nom instalacijom (jednokru\u017eni sistem), me\u0111uosovinsko rastojanje iznosi 2.050 mm, a ukupna te\u017eina sa tegovima je 3.140 kg. Zadnja kamera omogu\u0107ava lak\u0161e manevrisanje i ve\u0107u bezbednost prilikom rada sa priklju\u010dcima.<\/p>\t\t\t\t\t\t\t\t<\/div>\n\t\t\t\t<\/div>\n\t\t\t\t<div class=\"elementor-element elementor-element-58b66ee elementor-align-left elementor-mobile-align-justify elementor-widget-mobile__width-inherit elementor-widget elementor-widget-button\" data-id=\"58b66ee\" data-element_type=\"widget\" data-e-type=\"widget\" data-widget_type=\"button.default\">\n\t\t\t\t<div class=\"elementor-widget-container\">\n\t\t\t\t\t\t\t\t\t<div class=\"elementor-button-wrapper\">\n\t\t\t\t\t<a class=\"elementor-button elementor-button-link elementor-size-sm\" href=\"#elementor-action%3Aaction%3Dpopup%3Aopen%26settings%3DeyJpZCI6IjQ1MyIsInRvZ2dsZSI6ZmFsc2V9\">\n\t\t\t\t\t\t<span class=\"elementor-button-content-wrapper\">\n\t\t\t\t\t\t\t\t\t<span class=\"elementor-button-text\">Po\u0161aljite upit<\/span>\n\t\t\t\t\t<\/span>\n\t\t\t\t\t<\/a>\n\t\t\t\t<\/div>\n\t\t\t\t\t\t\t\t<\/div>\n\t\t\t\t<\/div>\n\t\t\t\t<\/div>\n\t\t<div class=\"elementor-element elementor-element-b62331b e-con-full e-flex e-con e-child\" data-id=\"b62331b\" data-element_type=\"container\" data-e-type=\"container\">\n\t\t\t\t<div class=\"elementor-element elementor-element-80fab8d elementor-widget-tablet__width-inherit elementor-widget__width-inherit elementor-widget elementor-widget-image\" data-id=\"80fab8d\" data-element_type=\"widget\" data-e-type=\"widget\" data-widget_type=\"image.default\">\n\t\t\t\t<div class=\"elementor-widget-container\">\n\t\t\t\t\t\t\t\t\t\t\t\t\t\t\t<img fetchpriority=\"high\" decoding=\"async\" width=\"300\" height=\"295\" src=\"https:\/\/kopija.poljoserviskljakic.com\/wp-content\/uploads\/2025\/06\/754-300x295.jpg\" class=\"attachment-medium size-medium wp-image-3259\" alt=\"\" srcset=\"https:\/\/kopija.poljoserviskljakic.com\/wp-content\/uploads\/2025\/06\/754-300x295.jpg 300w, https:\/\/kopija.poljoserviskljakic.com\/wp-content\/uploads\/2025\/06\/754-1024x1006.jpg 1024w, https:\/\/kopija.poljoserviskljakic.com\/wp-content\/uploads\/2025\/06\/754-768x755.jpg 768w, https:\/\/kopija.poljoserviskljakic.com\/wp-content\/uploads\/2025\/06\/754-12x12.jpg 12w, https:\/\/kopija.poljoserviskljakic.com\/wp-content\/uploads\/2025\/06\/754.jpg 1091w\" sizes=\"(max-width: 300px) 100vw, 300px\" \/>\t\t\t\t\t\t\t\t\t\t\t\t\t\t\t<\/div>\n\t\t\t\t<\/div>\n\t\t\t\t<\/div>\n\t\t\t\t<div class=\"elementor-element elementor-element-6b4050b elementor-absolute elementor-widget elementor-widget-image\" data-id=\"6b4050b\" data-element_type=\"widget\" data-e-type=\"widget\" data-settings=\"{&quot;_position&quot;:&quot;absolute&quot;,&quot;motion_fx_motion_fx_scrolling&quot;:&quot;yes&quot;,&quot;motion_fx_translateX_effect&quot;:&quot;yes&quot;,&quot;motion_fx_translateX_speed&quot;:{&quot;unit&quot;:&quot;px&quot;,&quot;size&quot;:4,&quot;sizes&quot;:[]},&quot;motion_fx_translateX_affectedRange&quot;:{&quot;unit&quot;:&quot;%&quot;,&quot;size&quot;:&quot;&quot;,&quot;sizes&quot;:{&quot;start&quot;:0,&quot;end&quot;:100}},&quot;motion_fx_devices&quot;:[&quot;desktop&quot;,&quot;laptop&quot;,&quot;tablet&quot;,&quot;mobile&quot;]}\" data-widget_type=\"image.default\">\n\t\t\t\t<div class=\"elementor-widget-container\">\n\t\t\t\t\t\t\t\t\t\t\t\t\t\t\t<img decoding=\"async\" width=\"512\" height=\"512\" data-src=\"https:\/\/kopija.poljoserviskljakic.com\/wp-content\/uploads\/2024\/06\/favicon1.png\" class=\"attachment-full size-full wp-image-420 lazyload\" alt=\"\" data-srcset=\"https:\/\/kopija.poljoserviskljakic.com\/wp-content\/uploads\/2024\/06\/favicon1.png 512w, https:\/\/kopija.poljoserviskljakic.com\/wp-content\/uploads\/2024\/06\/favicon1-300x300.png 300w, https:\/\/kopija.poljoserviskljakic.com\/wp-content\/uploads\/2024\/06\/favicon1-150x150.png 150w\" data-sizes=\"(max-width: 512px) 100vw, 512px\" src=\"data:image\/svg+xml;base64,PHN2ZyB3aWR0aD0iMSIgaGVpZ2h0PSIxIiB4bWxucz0iaHR0cDovL3d3dy53My5vcmcvMjAwMC9zdmciPjwvc3ZnPg==\" style=\"--smush-placeholder-width: 512px; --smush-placeholder-aspect-ratio: 512\/512;\" \/>\t\t\t\t\t\t\t\t\t\t\t\t\t\t\t<\/div>\n\t\t\t\t<\/div>\n\t\t\t\t<\/div>\n\t\t\t\t<\/div>\n\t\t\t\t\t<\/div>\n\t\t\t\t<\/div>\n\t\t\t\t<\/div>\n\t\t","protected":false},"excerpt":{"rendered":"<p>MODEL 754 HANWO 754 \u2013 Traktor visokih performansi snage 75 KS HANWO 754 je robustan i pouzdan traktor snage 75 KS, namenjen zahtevnim poljoprivrednim zadacima. Sa \u010detvorocilindri\u010dnim motorom, pogonom na sva \u010detiri to\u010dka (4WD) i menja\u010dem 12+12 brzina sa mehani\u010dkim reverzerom, ovaj model nudi snagu, preciznost i potpunu kontrolu u svim radnim uslovima. Traktor je [&hellip;]<\/p>\n","protected":false},"author":2,"featured_media":0,"parent":0,"menu_order":0,"comment_status":"closed","ping_status":"closed","template":"","meta":{"content-type":"","footnotes":""},"class_list":["post-3311","page","type-page","status-publish","hentry"],"yoast_head":"<!-- This site is optimized with the Yoast SEO plugin v27.1.1 - https:\/\/yoast.com\/product\/yoast-seo-wordpress\/ -->\n<title>MODEL 754 - Poljoservis Kljaki\u0107<\/title>\n<meta name=\"description\" content=\"Traktor Hanwo 754 75 KS sa \u010detvorocilindri\u010dnim motorom i pogonom na sve to\u010dkove. Opremljen PTO ure\u0111ajem, hidraulikom i klimatizovanom kabinom za udoban i efikasan rad u vo\u0107arstvu, povrtarstvu i vinogradarstvu.\" \/>\n<meta name=\"robots\" content=\"index, follow, max-snippet:-1, max-image-preview:large, max-video-preview:-1\" \/>\n<link rel=\"canonical\" href=\"https:\/\/kopija.poljoserviskljakic.com\/bs\/model-754\/\" \/>\n<meta property=\"og:locale\" content=\"bs_BA\" \/>\n<meta property=\"og:type\" content=\"article\" \/>\n<meta property=\"og:title\" content=\"MODEL 754 - Poljoservis Kljaki\u0107\" \/>\n<meta property=\"og:description\" content=\"Traktor Hanwo 754 75 KS sa \u010detvorocilindri\u010dnim motorom i pogonom na sve to\u010dkove. Opremljen PTO ure\u0111ajem, hidraulikom i klimatizovanom kabinom za udoban i efikasan rad u vo\u0107arstvu, povrtarstvu i vinogradarstvu.\" \/>\n<meta property=\"og:url\" content=\"https:\/\/kopija.poljoserviskljakic.com\/bs\/model-754\/\" \/>\n<meta property=\"og:site_name\" content=\"Poljoservis Kljaki\u0107\" \/>\n<meta property=\"article:modified_time\" content=\"2026-03-03T10:27:54+00:00\" \/>\n<meta property=\"og:image\" content=\"https:\/\/kopija.poljoserviskljakic.com\/wp-content\/uploads\/2025\/06\/754-300x295.jpg\" \/>\n<meta name=\"twitter:card\" content=\"summary_large_image\" \/>\n<meta name=\"twitter:label1\" content=\"Est. reading time\" \/>\n\t<meta name=\"twitter:data1\" content=\"2 minute\" \/>\n<script type=\"application\/ld+json\" class=\"yoast-schema-graph\">{\"@context\":\"https:\/\/schema.org\",\"@graph\":[{\"@type\":\"WebPage\",\"@id\":\"https:\/\/kopija.poljoserviskljakic.com\/en\/model-754\/\",\"url\":\"https:\/\/kopija.poljoserviskljakic.com\/en\/model-754\/\",\"name\":\"MODEL 754 - Poljoservis Kljaki\u0107\",\"isPartOf\":{\"@id\":\"https:\/\/kopija.poljoserviskljakic.com\/ru\/#website\"},\"primaryImageOfPage\":{\"@id\":\"https:\/\/kopija.poljoserviskljakic.com\/en\/model-754\/#primaryimage\"},\"image\":{\"@id\":\"https:\/\/kopija.poljoserviskljakic.com\/en\/model-754\/#primaryimage\"},\"thumbnailUrl\":\"https:\/\/kopija.poljoserviskljakic.com\/wp-content\/uploads\/2025\/06\/754-300x295.jpg\",\"datePublished\":\"2025-06-02T14:21:33+00:00\",\"dateModified\":\"2026-03-03T10:27:54+00:00\",\"description\":\"Traktor Hanwo 754 75 KS sa \u010detvorocilindri\u010dnim motorom i pogonom na sve to\u010dkove. Opremljen PTO ure\u0111ajem, hidraulikom i klimatizovanom kabinom za udoban i efikasan rad u vo\u0107arstvu, povrtarstvu i vinogradarstvu.\",\"breadcrumb\":{\"@id\":\"https:\/\/kopija.poljoserviskljakic.com\/en\/model-754\/#breadcrumb\"},\"inLanguage\":\"bs-BA\",\"potentialAction\":[{\"@type\":\"ReadAction\",\"target\":[\"https:\/\/kopija.poljoserviskljakic.com\/en\/model-754\/\"]}]},{\"@type\":\"ImageObject\",\"inLanguage\":\"bs-BA\",\"@id\":\"https:\/\/kopija.poljoserviskljakic.com\/en\/model-754\/#primaryimage\",\"url\":\"https:\/\/kopija.poljoserviskljakic.com\/wp-content\/uploads\/2025\/06\/754-300x295.jpg\",\"contentUrl\":\"https:\/\/kopija.poljoserviskljakic.com\/wp-content\/uploads\/2025\/06\/754-300x295.jpg\"},{\"@type\":\"BreadcrumbList\",\"@id\":\"https:\/\/kopija.poljoserviskljakic.com\/en\/model-754\/#breadcrumb\",\"itemListElement\":[{\"@type\":\"ListItem\",\"position\":1,\"name\":\"Po\u010detna\",\"item\":\"https:\/\/kopija.poljoserviskljakic.com\/\"},{\"@type\":\"ListItem\",\"position\":2,\"name\":\"MODEL 754\"}]},{\"@type\":\"WebSite\",\"@id\":\"https:\/\/kopija.poljoserviskljakic.com\/ru\/#website\",\"url\":\"https:\/\/kopija.poljoserviskljakic.com\/ru\/\",\"name\":\"Poljoservis Kljaki\u0107\",\"description\":\"Servis i prodaja poljoprivredne opreme\",\"publisher\":{\"@id\":\"https:\/\/kopija.poljoserviskljakic.com\/ru\/#organization\"},\"potentialAction\":[{\"@type\":\"SearchAction\",\"target\":{\"@type\":\"EntryPoint\",\"urlTemplate\":\"https:\/\/kopija.poljoserviskljakic.com\/ru\/?s={search_term_string}\"},\"query-input\":{\"@type\":\"PropertyValueSpecification\",\"valueRequired\":true,\"valueName\":\"search_term_string\"}}],\"inLanguage\":\"bs-BA\"},{\"@type\":\"Organization\",\"@id\":\"https:\/\/kopija.poljoserviskljakic.com\/ru\/#organization\",\"name\":\"Poljoservis Kljaki\u0107\",\"url\":\"https:\/\/kopija.poljoserviskljakic.com\/ru\/\",\"logo\":{\"@type\":\"ImageObject\",\"inLanguage\":\"bs-BA\",\"@id\":\"https:\/\/kopija.poljoserviskljakic.com\/ru\/#\/schema\/logo\/image\/\",\"url\":\"https:\/\/kopija.poljoserviskljakic.com\/wp-content\/uploads\/2024\/06\/logo-e1717595433124.png\",\"contentUrl\":\"https:\/\/kopija.poljoserviskljakic.com\/wp-content\/uploads\/2024\/06\/logo-e1717595433124.png\",\"width\":491,\"height\":130,\"caption\":\"Poljoservis Kljaki\u0107\"},\"image\":{\"@id\":\"https:\/\/kopija.poljoserviskljakic.com\/ru\/#\/schema\/logo\/image\/\"},\"sameAs\":[\"https:\/\/www.instagram.com\/poljoserviskljakic\/\"]}]}<\/script>\n<!-- \/ Yoast SEO plugin. -->","yoast_head_json":{"title":"MODEL 754 - Poljoservis Kljaki\u0107","description":"Traktor Hanwo 754 75 KS sa \u010detvorocilindri\u010dnim motorom i pogonom na sve to\u010dkove. Opremljen PTO ure\u0111ajem, hidraulikom i klimatizovanom kabinom za udoban i efikasan rad u vo\u0107arstvu, povrtarstvu i vinogradarstvu.","robots":{"index":"index","follow":"follow","max-snippet":"max-snippet:-1","max-image-preview":"max-image-preview:large","max-video-preview":"max-video-preview:-1"},"canonical":"https:\/\/kopija.poljoserviskljakic.com\/bs\/model-754\/","og_locale":"bs_BA","og_type":"article","og_title":"MODEL 754 - Poljoservis Kljaki\u0107","og_description":"Traktor Hanwo 754 75 KS sa \u010detvorocilindri\u010dnim motorom i pogonom na sve to\u010dkove. Opremljen PTO ure\u0111ajem, hidraulikom i klimatizovanom kabinom za udoban i efikasan rad u vo\u0107arstvu, povrtarstvu i vinogradarstvu.","og_url":"https:\/\/kopija.poljoserviskljakic.com\/bs\/model-754\/","og_site_name":"Poljoservis Kljaki\u0107","article_modified_time":"2026-03-03T10:27:54+00:00","og_image":[{"url":"https:\/\/kopija.poljoserviskljakic.com\/wp-content\/uploads\/2025\/06\/754-300x295.jpg","type":"","width":"","height":""}],"twitter_card":"summary_large_image","twitter_misc":{"Est. reading time":"2 minute"},"schema":{"@context":"https:\/\/schema.org","@graph":[{"@type":"WebPage","@id":"https:\/\/kopija.poljoserviskljakic.com\/en\/model-754\/","url":"https:\/\/kopija.poljoserviskljakic.com\/en\/model-754\/","name":"MODEL 754 - Poljoservis Kljaki\u0107","isPartOf":{"@id":"https:\/\/kopija.poljoserviskljakic.com\/ru\/#website"},"primaryImageOfPage":{"@id":"https:\/\/kopija.poljoserviskljakic.com\/en\/model-754\/#primaryimage"},"image":{"@id":"https:\/\/kopija.poljoserviskljakic.com\/en\/model-754\/#primaryimage"},"thumbnailUrl":"https:\/\/kopija.poljoserviskljakic.com\/wp-content\/uploads\/2025\/06\/754-300x295.jpg","datePublished":"2025-06-02T14:21:33+00:00","dateModified":"2026-03-03T10:27:54+00:00","description":"Traktor Hanwo 754 75 KS sa \u010detvorocilindri\u010dnim motorom i pogonom na sve to\u010dkove. Opremljen PTO ure\u0111ajem, hidraulikom i klimatizovanom kabinom za udoban i efikasan rad u vo\u0107arstvu, povrtarstvu i vinogradarstvu.","breadcrumb":{"@id":"https:\/\/kopija.poljoserviskljakic.com\/en\/model-754\/#breadcrumb"},"inLanguage":"bs-BA","potentialAction":[{"@type":"ReadAction","target":["https:\/\/kopija.poljoserviskljakic.com\/en\/model-754\/"]}]},{"@type":"ImageObject","inLanguage":"bs-BA","@id":"https:\/\/kopija.poljoserviskljakic.com\/en\/model-754\/#primaryimage","url":"https:\/\/kopija.poljoserviskljakic.com\/wp-content\/uploads\/2025\/06\/754-300x295.jpg","contentUrl":"https:\/\/kopija.poljoserviskljakic.com\/wp-content\/uploads\/2025\/06\/754-300x295.jpg"},{"@type":"BreadcrumbList","@id":"https:\/\/kopija.poljoserviskljakic.com\/en\/model-754\/#breadcrumb","itemListElement":[{"@type":"ListItem","position":1,"name":"Po\u010detna","item":"https:\/\/kopija.poljoserviskljakic.com\/"},{"@type":"ListItem","position":2,"name":"MODEL 754"}]},{"@type":"WebSite","@id":"https:\/\/kopija.poljoserviskljakic.com\/ru\/#website","url":"https:\/\/kopija.poljoserviskljakic.com\/ru\/","name":"Poljoservis Kljaki\u0107","description":"Servis i prodaja poljoprivredne opreme","publisher":{"@id":"https:\/\/kopija.poljoserviskljakic.com\/ru\/#organization"},"potentialAction":[{"@type":"SearchAction","target":{"@type":"EntryPoint","urlTemplate":"https:\/\/kopija.poljoserviskljakic.com\/ru\/?s={search_term_string}"},"query-input":{"@type":"PropertyValueSpecification","valueRequired":true,"valueName":"search_term_string"}}],"inLanguage":"bs-BA"},{"@type":"Organization","@id":"https:\/\/kopija.poljoserviskljakic.com\/ru\/#organization","name":"Poljoservis Kljaki\u0107","url":"https:\/\/kopija.poljoserviskljakic.com\/ru\/","logo":{"@type":"ImageObject","inLanguage":"bs-BA","@id":"https:\/\/kopija.poljoserviskljakic.com\/ru\/#\/schema\/logo\/image\/","url":"https:\/\/kopija.poljoserviskljakic.com\/wp-content\/uploads\/2024\/06\/logo-e1717595433124.png","contentUrl":"https:\/\/kopija.poljoserviskljakic.com\/wp-content\/uploads\/2024\/06\/logo-e1717595433124.png","width":491,"height":130,"caption":"Poljoservis Kljaki\u0107"},"image":{"@id":"https:\/\/kopija.poljoserviskljakic.com\/ru\/#\/schema\/logo\/image\/"},"sameAs":["https:\/\/www.instagram.com\/poljoserviskljakic\/"]}]}},"_links":{"self":[{"href":"https:\/\/kopija.poljoserviskljakic.com\/bs\/wp-json\/wp\/v2\/pages\/3311","targetHints":{"allow":["GET"]}}],"collection":[{"href":"https:\/\/kopija.poljoserviskljakic.com\/bs\/wp-json\/wp\/v2\/pages"}],"about":[{"href":"https:\/\/kopija.poljoserviskljakic.com\/bs\/wp-json\/wp\/v2\/types\/page"}],"author":[{"embeddable":true,"href":"https:\/\/kopija.poljoserviskljakic.com\/bs\/wp-json\/wp\/v2\/users\/2"}],"replies":[{"embeddable":true,"href":"https:\/\/kopija.poljoserviskljakic.com\/bs\/wp-json\/wp\/v2\/comments?post=3311"}],"version-history":[{"count":10,"href":"https:\/\/kopija.poljoserviskljakic.com\/bs\/wp-json\/wp\/v2\/pages\/3311\/revisions"}],"predecessor-version":[{"id":3772,"href":"https:\/\/kopija.poljoserviskljakic.com\/bs\/wp-json\/wp\/v2\/pages\/3311\/revisions\/3772"}],"wp:attachment":[{"href":"https:\/\/kopija.poljoserviskljakic.com\/bs\/wp-json\/wp\/v2\/media?parent=3311"}],"curies":[{"name":"radni list","href":"https:\/\/api.w.org\/{rel}","templated":true}]}}