{"id":3270,"date":"2025-06-02T13:38:36","date_gmt":"2025-06-02T13:38:36","guid":{"rendered":"https:\/\/kopija.poljoserviskljakic.com\/?page_id=3270"},"modified":"2026-03-03T10:07:40","modified_gmt":"2026-03-03T10:07:40","slug":"tractor-hanwo-254","status":"publish","type":"page","link":"https:\/\/kopija.poljoserviskljakic.com\/en\/traktor-hanwo-254\/","title":{"rendered":"MODEL 254"},"content":{"rendered":"\t\t<div data-elementor-type=\"wp-page\" data-elementor-id=\"3270\" class=\"elementor elementor-3270\" data-elementor-post-type=\"page\">\n\t\t\t\t<div class=\"elementor-element elementor-element-306f611 e-flex e-con-boxed e-con e-parent\" data-id=\"306f611\" data-element_type=\"container\" data-e-type=\"container\" data-settings=\"{&quot;background_background&quot;:&quot;classic&quot;}\">\n\t\t\t\t\t<div class=\"e-con-inner\">\n\t\t\t\t<div class=\"elementor-element elementor-element-025b3c5 elementor-widget elementor-widget-heading\" data-id=\"025b3c5\" data-element_type=\"widget\" data-e-type=\"widget\" data-widget_type=\"heading.default\">\n\t\t\t\t<div class=\"elementor-widget-container\">\n\t\t\t\t\t<h1 class=\"elementor-heading-title elementor-size-default\">MODEL 254<\/h1>\t\t\t\t<\/div>\n\t\t\t\t<\/div>\n\t\t\t\t\t<\/div>\n\t\t\t\t<\/div>\n\t\t<div class=\"elementor-element elementor-element-4035634 e-flex e-con-boxed e-con e-parent\" data-id=\"4035634\" data-element_type=\"container\" data-e-type=\"container\">\n\t\t\t\t\t<div class=\"e-con-inner\">\n\t\t<div class=\"elementor-element elementor-element-f18392b e-con-full e-flex e-con e-child\" data-id=\"f18392b\" data-element_type=\"container\" data-e-type=\"container\">\n\t\t<div class=\"elementor-element elementor-element-48d7eca e-con-full e-flex e-con e-child\" data-id=\"48d7eca\" data-element_type=\"container\" data-e-type=\"container\">\n\t\t\t\t<div class=\"elementor-element elementor-element-83dca27 elementor-drop-cap-yes elementor-drop-cap-view-default elementor-widget elementor-widget-text-editor\" data-id=\"83dca27\" data-element_type=\"widget\" data-e-type=\"widget\" data-settings=\"{&quot;drop_cap&quot;:&quot;yes&quot;}\" data-widget_type=\"text-editor.default\">\n\t\t\t\t<div class=\"elementor-widget-container\">\n\t\t\t\t\t\t\t\t\t<h3 data-start=\"123\" data-end=\"199\">Kompaktni traktor 30 KS \u2013 Pouzdan partner za va\u0161e poljoprivredne poslove<\/h3><p data-start=\"201\" data-end=\"537\">Ovaj traktor snage 30 konjskih snaga sa trocilindri\u010dnim motorom i pogonom na sva \u010detiri to\u010dka (4WD) predstavlja idealno re\u0161enje za manje i srednje poljoprivredne radove. Opremljen je menja\u010dem sa 8+8 brzina i mehani\u010dkim reverzerom za laku promenu pravca, kao i PTO-om sa dve brzine (540\/1000 o\/min) za rad sa raznim priklju\u010dnim ma\u0161inama.<\/p><p data-start=\"539\" data-end=\"794\">Traktor dolazi sa Cat 1 spojnicama za ka\u010denje hidrauli\u010dnog podiznog ure\u0111aja, sigurnosnim ramom sa ROPS za\u0161titom i nadstre\u0161nicom protiv sunca, \u0161to omogu\u0107ava bezbedan i udoban rad. Voza\u010dka udobnost dodatno je unapre\u0111ena podesivim volanom i Grammer sedi\u0161tem.<\/p><p data-start=\"796\" data-end=\"1078\">Hidrauli\u010dki sistem nudi glavni protok pumpe od 24\u201336 l\/min i dva para spoljne hidraulike. Opremljen je gumama dimenzija 6.5-16 (prednje) i 11.2-24 (zadnje), donjom poteznicom, tegovima (100 kg prednji, 40 kg zadnji), kao i kompresorom sa vazdu\u0161nom instalacijom (jednokru\u017eni sistem).<\/p><p data-start=\"1080\" data-end=\"1243\">Uz me\u0111uosovinsko rastojanje od 1.800 mm i ukupnu te\u017einu sa tegovima od 1.670 kg, ovaj traktor nudi stabilnost, funkcionalnost i pouzdanost za svakodnevnu upotrebu.<\/p>\t\t\t\t\t\t\t\t<\/div>\n\t\t\t\t<\/div>\n\t\t\t\t<div class=\"elementor-element elementor-element-789fb16 elementor-align-left elementor-mobile-align-justify elementor-widget-mobile__width-inherit elementor-widget elementor-widget-button\" data-id=\"789fb16\" data-element_type=\"widget\" data-e-type=\"widget\" data-widget_type=\"button.default\">\n\t\t\t\t<div class=\"elementor-widget-container\">\n\t\t\t\t\t\t\t\t\t<div class=\"elementor-button-wrapper\">\n\t\t\t\t\t<a class=\"elementor-button elementor-button-link elementor-size-sm\" href=\"#elementor-action%3Aaction%3Dpopup%3Aopen%26settings%3DeyJpZCI6IjQ1MyIsInRvZ2dsZSI6ZmFsc2V9\">\n\t\t\t\t\t\t<span class=\"elementor-button-content-wrapper\">\n\t\t\t\t\t\t\t\t\t<span class=\"elementor-button-text\">Po\u0161aljite upit<\/span>\n\t\t\t\t\t<\/span>\n\t\t\t\t\t<\/a>\n\t\t\t\t<\/div>\n\t\t\t\t\t\t\t\t<\/div>\n\t\t\t\t<\/div>\n\t\t\t\t<\/div>\n\t\t<div class=\"elementor-element elementor-element-6e4ee92 e-con-full e-flex e-con e-child\" data-id=\"6e4ee92\" data-element_type=\"container\" data-e-type=\"container\">\n\t\t\t\t<div class=\"elementor-element elementor-element-176c5c0 elementor-widget-tablet__width-inherit elementor-widget__width-inherit elementor-widget elementor-widget-image\" data-id=\"176c5c0\" data-element_type=\"widget\" data-e-type=\"widget\" data-widget_type=\"image.default\">\n\t\t\t\t<div class=\"elementor-widget-container\">\n\t\t\t\t\t\t\t\t\t\t\t\t\t\t\t<img fetchpriority=\"high\" decoding=\"async\" width=\"300\" height=\"292\" src=\"https:\/\/kopija.poljoserviskljakic.com\/wp-content\/uploads\/2025\/06\/254-300x292.jpg\" class=\"attachment-medium size-medium wp-image-3257\" alt=\"\" srcset=\"https:\/\/kopija.poljoserviskljakic.com\/wp-content\/uploads\/2025\/06\/254-300x292.jpg 300w, https:\/\/kopija.poljoserviskljakic.com\/wp-content\/uploads\/2025\/06\/254-1024x998.jpg 1024w, https:\/\/kopija.poljoserviskljakic.com\/wp-content\/uploads\/2025\/06\/254-768x748.jpg 768w, https:\/\/kopija.poljoserviskljakic.com\/wp-content\/uploads\/2025\/06\/254-12x12.jpg 12w, https:\/\/kopija.poljoserviskljakic.com\/wp-content\/uploads\/2025\/06\/254.jpg 1200w\" sizes=\"(max-width: 300px) 100vw, 300px\" \/>\t\t\t\t\t\t\t\t\t\t\t\t\t\t\t<\/div>\n\t\t\t\t<\/div>\n\t\t\t\t<\/div>\n\t\t\t\t<div class=\"elementor-element elementor-element-8551a5f elementor-absolute elementor-widget elementor-widget-image\" data-id=\"8551a5f\" data-element_type=\"widget\" data-e-type=\"widget\" data-settings=\"{&quot;_position&quot;:&quot;absolute&quot;,&quot;motion_fx_motion_fx_scrolling&quot;:&quot;yes&quot;,&quot;motion_fx_translateX_effect&quot;:&quot;yes&quot;,&quot;motion_fx_translateX_speed&quot;:{&quot;unit&quot;:&quot;px&quot;,&quot;size&quot;:4,&quot;sizes&quot;:[]},&quot;motion_fx_translateX_affectedRange&quot;:{&quot;unit&quot;:&quot;%&quot;,&quot;size&quot;:&quot;&quot;,&quot;sizes&quot;:{&quot;start&quot;:0,&quot;end&quot;:100}},&quot;motion_fx_devices&quot;:[&quot;desktop&quot;,&quot;laptop&quot;,&quot;tablet&quot;,&quot;mobile&quot;]}\" data-widget_type=\"image.default\">\n\t\t\t\t<div class=\"elementor-widget-container\">\n\t\t\t\t\t\t\t\t\t\t\t\t\t\t\t<img decoding=\"async\" width=\"512\" height=\"512\" data-src=\"https:\/\/kopija.poljoserviskljakic.com\/wp-content\/uploads\/2024\/06\/favicon1.png\" class=\"attachment-full size-full wp-image-420 lazyload\" alt=\"\" data-srcset=\"https:\/\/kopija.poljoserviskljakic.com\/wp-content\/uploads\/2024\/06\/favicon1.png 512w, https:\/\/kopija.poljoserviskljakic.com\/wp-content\/uploads\/2024\/06\/favicon1-300x300.png 300w, https:\/\/kopija.poljoserviskljakic.com\/wp-content\/uploads\/2024\/06\/favicon1-150x150.png 150w\" data-sizes=\"(max-width: 512px) 100vw, 512px\" src=\"data:image\/svg+xml;base64,PHN2ZyB3aWR0aD0iMSIgaGVpZ2h0PSIxIiB4bWxucz0iaHR0cDovL3d3dy53My5vcmcvMjAwMC9zdmciPjwvc3ZnPg==\" style=\"--smush-placeholder-width: 512px; --smush-placeholder-aspect-ratio: 512\/512;\" \/>\t\t\t\t\t\t\t\t\t\t\t\t\t\t\t<\/div>\n\t\t\t\t<\/div>\n\t\t\t\t<\/div>\n\t\t\t\t\t<\/div>\n\t\t\t\t<\/div>\n\t\t<div class=\"elementor-element elementor-element-0e1d06a e-flex e-con-boxed e-con e-parent\" data-id=\"0e1d06a\" data-element_type=\"container\" data-e-type=\"container\" data-settings=\"{&quot;background_background&quot;:&quot;classic&quot;}\">\n\t\t\t\t\t<div class=\"e-con-inner\">\n\t\t\t\t<div class=\"elementor-element elementor-element-8ae965c elementor-widget elementor-widget-heading\" data-id=\"8ae965c\" data-element_type=\"widget\" data-e-type=\"widget\" data-widget_type=\"heading.default\">\n\t\t\t\t<div class=\"elementor-widget-container\">\n\t\t\t\t\t<span class=\"elementor-heading-title elementor-size-default\">Poljoservis Kljaki\u0107<\/span>\t\t\t\t<\/div>\n\t\t\t\t<\/div>\n\t\t\t\t<div class=\"elementor-element elementor-element-e08ca38 elementor-widget__width-initial elementor-widget-tablet__width-inherit elementor-widget elementor-widget-heading\" data-id=\"e08ca38\" data-element_type=\"widget\" data-e-type=\"widget\" data-widget_type=\"heading.default\">\n\t\t\t\t<div class=\"elementor-widget-container\">\n\t\t\t\t\t<h2 class=\"elementor-heading-title elementor-size-default\">Potreban Vam je ekspert za poljoprivredne ma\u0161ine?<\/h2>\t\t\t\t<\/div>\n\t\t\t\t<\/div>\n\t\t\t\t<div class=\"elementor-element elementor-element-214966e elementor-align-center elementor-mobile-align-justify elementor-widget-mobile__width-inherit elementor-widget elementor-widget-button\" data-id=\"214966e\" data-element_type=\"widget\" data-e-type=\"widget\" data-widget_type=\"button.default\">\n\t\t\t\t<div class=\"elementor-widget-container\">\n\t\t\t\t\t\t\t\t\t<div class=\"elementor-button-wrapper\">\n\t\t\t\t\t<a class=\"elementor-button elementor-button-link elementor-size-sm\" href=\"https:\/\/kopija.poljoserviskljakic.com\/en\/kontakt\/\">\n\t\t\t\t\t\t<span class=\"elementor-button-content-wrapper\">\n\t\t\t\t\t\t\t\t\t<span class=\"elementor-button-text\">Kontaktirajte nas<\/span>\n\t\t\t\t\t<\/span>\n\t\t\t\t\t<\/a>\n\t\t\t\t<\/div>\n\t\t\t\t\t\t\t\t<\/div>\n\t\t\t\t<\/div>\n\t\t\t\t\t<\/div>\n\t\t\t\t<\/div>\n\t\t\t\t<\/div>\n\t\t","protected":false},"excerpt":{"rendered":"<p>MODEL 254 Kompaktni traktor 30 KS \u2013 Pouzdan partner za va\u0161e poljoprivredne poslove Ovaj traktor snage 30 konjskih snaga sa trocilindri\u010dnim motorom i pogonom na sva \u010detiri to\u010dka (4WD) predstavlja idealno re\u0161enje za manje i srednje poljoprivredne radove. Opremljen je menja\u010dem sa 8+8 brzina i mehani\u010dkim reverzerom za laku promenu pravca, kao i PTO-om sa [&hellip;]<\/p>\n","protected":false},"author":2,"featured_media":0,"parent":0,"menu_order":0,"comment_status":"closed","ping_status":"closed","template":"","meta":{"content-type":"","footnotes":""},"class_list":["post-3270","page","type-page","status-publish","hentry"],"yoast_head":"<!-- This site is optimized with the Yoast SEO plugin v27.1.1 - https:\/\/yoast.com\/product\/yoast-seo-wordpress\/ -->\n<title>MODEL 254 - Poljoservis Kljaki\u0107<\/title>\n<meta name=\"description\" content=\"Traktor Hanwo 254 30 KS sa trocilindri\u010dnim motorom i pogonom na sva \u010detiri to\u010dka. Pogodan za manje i srednje poljoprivredne radove, opremljen hidraulikom, PTO ure\u0111ajem, sigurnosnim ramom i udobnim sedi\u0161tem za bezbedan rad.\" \/>\n<meta name=\"robots\" content=\"index, follow, max-snippet:-1, max-image-preview:large, max-video-preview:-1\" \/>\n<link rel=\"canonical\" href=\"https:\/\/kopija.poljoserviskljakic.com\/en\/tractor-hanwo-254\/\" \/>\n<meta property=\"og:locale\" content=\"en_US\" \/>\n<meta property=\"og:type\" content=\"article\" \/>\n<meta property=\"og:title\" content=\"MODEL 254 - Poljoservis Kljaki\u0107\" \/>\n<meta property=\"og:description\" content=\"Traktor Hanwo 254 30 KS sa trocilindri\u010dnim motorom i pogonom na sva \u010detiri to\u010dka. Pogodan za manje i srednje poljoprivredne radove, opremljen hidraulikom, PTO ure\u0111ajem, sigurnosnim ramom i udobnim sedi\u0161tem za bezbedan rad.\" \/>\n<meta property=\"og:url\" content=\"https:\/\/kopija.poljoserviskljakic.com\/en\/tractor-hanwo-254\/\" \/>\n<meta property=\"og:site_name\" content=\"Poljoservis Kljaki\u0107\" \/>\n<meta property=\"article:modified_time\" content=\"2026-03-03T10:07:40+00:00\" \/>\n<meta property=\"og:image\" content=\"https:\/\/kopija.poljoserviskljakic.com\/wp-content\/uploads\/2025\/06\/254-300x292.jpg\" \/>\n<meta name=\"twitter:card\" content=\"summary_large_image\" \/>\n<meta name=\"twitter:label1\" content=\"Est. reading time\" \/>\n\t<meta name=\"twitter:data1\" content=\"2 minutes\" \/>\n<script type=\"application\/ld+json\" class=\"yoast-schema-graph\">{\"@context\":\"https:\/\/schema.org\",\"@graph\":[{\"@type\":\"WebPage\",\"@id\":\"https:\/\/kopija.poljoserviskljakic.com\/traktor-hanwo-254\/\",\"url\":\"https:\/\/kopija.poljoserviskljakic.com\/traktor-hanwo-254\/\",\"name\":\"MODEL 254 - Poljoservis Kljaki\u0107\",\"isPartOf\":{\"@id\":\"https:\/\/kopija.poljoserviskljakic.com\/ru\/#website\"},\"primaryImageOfPage\":{\"@id\":\"https:\/\/kopija.poljoserviskljakic.com\/traktor-hanwo-254\/#primaryimage\"},\"image\":{\"@id\":\"https:\/\/kopija.poljoserviskljakic.com\/traktor-hanwo-254\/#primaryimage\"},\"thumbnailUrl\":\"https:\/\/kopija.poljoserviskljakic.com\/wp-content\/uploads\/2025\/06\/254-300x292.jpg\",\"datePublished\":\"2025-06-02T13:38:36+00:00\",\"dateModified\":\"2026-03-03T10:07:40+00:00\",\"description\":\"Traktor Hanwo 254 30 KS sa trocilindri\u010dnim motorom i pogonom na sva \u010detiri to\u010dka. Pogodan za manje i srednje poljoprivredne radove, opremljen hidraulikom, PTO ure\u0111ajem, sigurnosnim ramom i udobnim sedi\u0161tem za bezbedan rad.\",\"breadcrumb\":{\"@id\":\"https:\/\/kopija.poljoserviskljakic.com\/traktor-hanwo-254\/#breadcrumb\"},\"inLanguage\":\"en-US\",\"potentialAction\":[{\"@type\":\"ReadAction\",\"target\":[\"https:\/\/kopija.poljoserviskljakic.com\/traktor-hanwo-254\/\"]}]},{\"@type\":\"ImageObject\",\"inLanguage\":\"en-US\",\"@id\":\"https:\/\/kopija.poljoserviskljakic.com\/traktor-hanwo-254\/#primaryimage\",\"url\":\"https:\/\/kopija.poljoserviskljakic.com\/wp-content\/uploads\/2025\/06\/254-300x292.jpg\",\"contentUrl\":\"https:\/\/kopija.poljoserviskljakic.com\/wp-content\/uploads\/2025\/06\/254-300x292.jpg\"},{\"@type\":\"BreadcrumbList\",\"@id\":\"https:\/\/kopija.poljoserviskljakic.com\/traktor-hanwo-254\/#breadcrumb\",\"itemListElement\":[{\"@type\":\"ListItem\",\"position\":1,\"name\":\"Po\u010detna\",\"item\":\"https:\/\/kopija.poljoserviskljakic.com\/\"},{\"@type\":\"ListItem\",\"position\":2,\"name\":\"MODEL 254\"}]},{\"@type\":\"WebSite\",\"@id\":\"https:\/\/kopija.poljoserviskljakic.com\/ru\/#website\",\"url\":\"https:\/\/kopija.poljoserviskljakic.com\/ru\/\",\"name\":\"Poljoservis Kljaki\u0107\",\"description\":\"Servis i prodaja poljoprivredne opreme\",\"publisher\":{\"@id\":\"https:\/\/kopija.poljoserviskljakic.com\/ru\/#organization\"},\"potentialAction\":[{\"@type\":\"SearchAction\",\"target\":{\"@type\":\"EntryPoint\",\"urlTemplate\":\"https:\/\/kopija.poljoserviskljakic.com\/ru\/?s={search_term_string}\"},\"query-input\":{\"@type\":\"PropertyValueSpecification\",\"valueRequired\":true,\"valueName\":\"search_term_string\"}}],\"inLanguage\":\"en-US\"},{\"@type\":\"Organization\",\"@id\":\"https:\/\/kopija.poljoserviskljakic.com\/ru\/#organization\",\"name\":\"Poljoservis Kljaki\u0107\",\"url\":\"https:\/\/kopija.poljoserviskljakic.com\/ru\/\",\"logo\":{\"@type\":\"ImageObject\",\"inLanguage\":\"en-US\",\"@id\":\"https:\/\/kopija.poljoserviskljakic.com\/ru\/#\/schema\/logo\/image\/\",\"url\":\"https:\/\/kopija.poljoserviskljakic.com\/wp-content\/uploads\/2024\/06\/logo-e1717595433124.png\",\"contentUrl\":\"https:\/\/kopija.poljoserviskljakic.com\/wp-content\/uploads\/2024\/06\/logo-e1717595433124.png\",\"width\":491,\"height\":130,\"caption\":\"Poljoservis Kljaki\u0107\"},\"image\":{\"@id\":\"https:\/\/kopija.poljoserviskljakic.com\/ru\/#\/schema\/logo\/image\/\"},\"sameAs\":[\"https:\/\/www.instagram.com\/poljoserviskljakic\/\"]}]}<\/script>\n<!-- \/ Yoast SEO plugin. -->","yoast_head_json":{"title":"MODEL 254 - Field Service Kljaki\u0107","description":"Traktor Hanwo 254 30 KS sa trocilindri\u010dnim motorom i pogonom na sva \u010detiri to\u010dka. Pogodan za manje i srednje poljoprivredne radove, opremljen hidraulikom, PTO ure\u0111ajem, sigurnosnim ramom i udobnim sedi\u0161tem za bezbedan rad.","robots":{"index":"index","follow":"follow","max-snippet":"max-snippet:-1","max-image-preview":"max-image-preview:large","max-video-preview":"max-video-preview:-1"},"canonical":"https:\/\/kopija.poljoserviskljakic.com\/en\/tractor-hanwo-254\/","og_locale":"en_US","og_type":"article","og_title":"MODEL 254 - Poljoservis Kljaki\u0107","og_description":"Traktor Hanwo 254 30 KS sa trocilindri\u010dnim motorom i pogonom na sva \u010detiri to\u010dka. Pogodan za manje i srednje poljoprivredne radove, opremljen hidraulikom, PTO ure\u0111ajem, sigurnosnim ramom i udobnim sedi\u0161tem za bezbedan rad.","og_url":"https:\/\/kopija.poljoserviskljakic.com\/en\/tractor-hanwo-254\/","og_site_name":"Poljoservis Kljaki\u0107","article_modified_time":"2026-03-03T10:07:40+00:00","og_image":[{"url":"https:\/\/kopija.poljoserviskljakic.com\/wp-content\/uploads\/2025\/06\/254-300x292.jpg","type":"","width":"","height":""}],"twitter_card":"summary_large_image","twitter_misc":{"Est. reading time":"2 minutes"},"schema":{"@context":"https:\/\/schema.org","@graph":[{"@type":"WebPage","@id":"https:\/\/kopija.poljoserviskljakic.com\/traktor-hanwo-254\/","url":"https:\/\/kopija.poljoserviskljakic.com\/traktor-hanwo-254\/","name":"MODEL 254 - Field Service Kljaki\u0107","isPartOf":{"@id":"https:\/\/kopija.poljoserviskljakic.com\/ru\/#website"},"primaryImageOfPage":{"@id":"https:\/\/kopija.poljoserviskljakic.com\/traktor-hanwo-254\/#primaryimage"},"image":{"@id":"https:\/\/kopija.poljoserviskljakic.com\/traktor-hanwo-254\/#primaryimage"},"thumbnailUrl":"https:\/\/kopija.poljoserviskljakic.com\/wp-content\/uploads\/2025\/06\/254-300x292.jpg","datePublished":"2025-06-02T13:38:36+00:00","dateModified":"2026-03-03T10:07:40+00:00","description":"Traktor Hanwo 254 30 KS sa trocilindri\u010dnim motorom i pogonom na sva \u010detiri to\u010dka. Pogodan za manje i srednje poljoprivredne radove, opremljen hidraulikom, PTO ure\u0111ajem, sigurnosnim ramom i udobnim sedi\u0161tem za bezbedan rad.","breadcrumb":{"@id":"https:\/\/kopija.poljoserviskljakic.com\/traktor-hanwo-254\/#breadcrumb"},"inLanguage":"en-US","potentialAction":[{"@type":"ReadAction","target":["https:\/\/kopija.poljoserviskljakic.com\/traktor-hanwo-254\/"]}]},{"@type":"ImageObject","inLanguage":"en-US","@id":"https:\/\/kopija.poljoserviskljakic.com\/traktor-hanwo-254\/#primaryimage","url":"https:\/\/kopija.poljoserviskljakic.com\/wp-content\/uploads\/2025\/06\/254-300x292.jpg","contentUrl":"https:\/\/kopija.poljoserviskljakic.com\/wp-content\/uploads\/2025\/06\/254-300x292.jpg"},{"@type":"BreadcrumbList","@id":"https:\/\/kopija.poljoserviskljakic.com\/traktor-hanwo-254\/#breadcrumb","itemListElement":[{"@type":"ListItem","position":1,"name":"Po\u010detna","item":"https:\/\/kopija.poljoserviskljakic.com\/"},{"@type":"ListItem","position":2,"name":"MODEL 254"}]},{"@type":"WebSite","@id":"https:\/\/kopija.poljoserviskljakic.com\/ru\/#website","url":"https:\/\/kopija.poljoserviskljakic.com\/ru\/","name":"Poljoservis Kljaki\u0107","description":"Service and sale of agricultural equipment","publisher":{"@id":"https:\/\/kopija.poljoserviskljakic.com\/ru\/#organization"},"potentialAction":[{"@type":"SearchAction","target":{"@type":"EntryPoint","urlTemplate":"https:\/\/kopija.poljoserviskljakic.com\/ru\/?s={search_term_string}"},"query-input":{"@type":"PropertyValueSpecification","valueRequired":true,"valueName":"search_term_string"}}],"inLanguage":"en-US"},{"@type":"Organization","@id":"https:\/\/kopija.poljoserviskljakic.com\/ru\/#organization","name":"Poljoservis Kljaki\u0107","url":"https:\/\/kopija.poljoserviskljakic.com\/ru\/","logo":{"@type":"ImageObject","inLanguage":"en-US","@id":"https:\/\/kopija.poljoserviskljakic.com\/ru\/#\/schema\/logo\/image\/","url":"https:\/\/kopija.poljoserviskljakic.com\/wp-content\/uploads\/2024\/06\/logo-e1717595433124.png","contentUrl":"https:\/\/kopija.poljoserviskljakic.com\/wp-content\/uploads\/2024\/06\/logo-e1717595433124.png","width":491,"height":130,"caption":"Poljoservis Kljaki\u0107"},"image":{"@id":"https:\/\/kopija.poljoserviskljakic.com\/ru\/#\/schema\/logo\/image\/"},"sameAs":["https:\/\/www.instagram.com\/poljoserviskljakic\/"]}]}},"_links":{"self":[{"href":"https:\/\/kopija.poljoserviskljakic.com\/en\/wp-json\/wp\/v2\/pages\/3270","targetHints":{"allow":["GET"]}}],"collection":[{"href":"https:\/\/kopija.poljoserviskljakic.com\/en\/wp-json\/wp\/v2\/pages"}],"about":[{"href":"https:\/\/kopija.poljoserviskljakic.com\/en\/wp-json\/wp\/v2\/types\/page"}],"author":[{"embeddable":true,"href":"https:\/\/kopija.poljoserviskljakic.com\/en\/wp-json\/wp\/v2\/users\/2"}],"replies":[{"embeddable":true,"href":"https:\/\/kopija.poljoserviskljakic.com\/en\/wp-json\/wp\/v2\/comments?post=3270"}],"version-history":[{"count":20,"href":"https:\/\/kopija.poljoserviskljakic.com\/en\/wp-json\/wp\/v2\/pages\/3270\/revisions"}],"predecessor-version":[{"id":3759,"href":"https:\/\/kopija.poljoserviskljakic.com\/en\/wp-json\/wp\/v2\/pages\/3270\/revisions\/3759"}],"wp:attachment":[{"href":"https:\/\/kopija.poljoserviskljakic.com\/en\/wp-json\/wp\/v2\/media?parent=3270"}],"curies":[{"name":"wp","href":"https:\/\/api.w.org\/{rel}","templated":true}]}}