{"id":3296,"date":"2025-06-02T14:17:04","date_gmt":"2025-06-02T14:17:04","guid":{"rendered":"https:\/\/kopija.poljoserviskljakic.com\/?page_id=3296"},"modified":"2026-03-03T10:11:18","modified_gmt":"2026-03-03T10:11:18","slug":"model-404","status":"publish","type":"page","link":"https:\/\/kopija.poljoserviskljakic.com\/en\/model-404\/","title":{"rendered":"MODEL 404"},"content":{"rendered":"\t\t<div data-elementor-type=\"wp-page\" data-elementor-id=\"3296\" class=\"elementor elementor-3296\" data-elementor-post-type=\"page\">\n\t\t\t\t<div class=\"elementor-element elementor-element-2680516 e-flex e-con-boxed e-con e-parent\" data-id=\"2680516\" data-element_type=\"container\" data-e-type=\"container\">\n\t\t\t\t\t<div class=\"e-con-inner\">\n\t\t<div class=\"elementor-element elementor-element-bee2410 e-con-full e-flex e-con e-child\" data-id=\"bee2410\" data-element_type=\"container\" data-e-type=\"container\" data-settings=\"{&quot;background_background&quot;:&quot;classic&quot;}\">\n\t\t\t\t<div class=\"elementor-element elementor-element-5df59df elementor-widget elementor-widget-heading\" data-id=\"5df59df\" data-element_type=\"widget\" data-e-type=\"widget\" data-widget_type=\"heading.default\">\n\t\t\t\t<div class=\"elementor-widget-container\">\n\t\t\t\t\t<h1 class=\"elementor-heading-title elementor-size-default\">MODEL 404<\/h1>\t\t\t\t<\/div>\n\t\t\t\t<\/div>\n\t\t\t\t<\/div>\n\t\t\t\t\t<\/div>\n\t\t\t\t<\/div>\n\t\t<div class=\"elementor-element elementor-element-878504c e-flex e-con-boxed e-con e-parent\" data-id=\"878504c\" data-element_type=\"container\" data-e-type=\"container\">\n\t\t\t\t\t<div class=\"e-con-inner\">\n\t\t<div class=\"elementor-element elementor-element-0a08177 e-con-full e-flex e-con e-child\" data-id=\"0a08177\" data-element_type=\"container\" data-e-type=\"container\">\n\t\t<div class=\"elementor-element elementor-element-621436b e-con-full e-flex e-con e-child\" data-id=\"621436b\" data-element_type=\"container\" data-e-type=\"container\">\n\t\t<div class=\"elementor-element elementor-element-020d50d e-con-full e-flex e-con e-child\" data-id=\"020d50d\" data-element_type=\"container\" data-e-type=\"container\">\n\t\t\t\t<div class=\"elementor-element elementor-element-5775e86 elementor-drop-cap-yes elementor-drop-cap-view-default elementor-widget elementor-widget-text-editor\" data-id=\"5775e86\" data-element_type=\"widget\" data-e-type=\"widget\" data-settings=\"{&quot;drop_cap&quot;:&quot;yes&quot;}\" data-widget_type=\"text-editor.default\">\n\t\t\t\t<div class=\"elementor-widget-container\">\n\t\t\t\t\t\t\t\t\t<h3 data-start=\"124\" data-end=\"202\">HANWO 404 \u2013 Kompaktan traktor snage 40 KS za pouzdanu svakodnevnu upotrebu<\/h3><p data-start=\"204\" data-end=\"507\">HANWO 404 je izdr\u017eljiv i prakti\u010dan traktor snage 40 KS, idealan za vo\u0107arstvo, povrtarstvo, vinogradarstvo i pomo\u0107ne radove na manjim i srednjim gazdinstvima. Opremljen \u010detvorocilindri\u010dnim motorom i pogonom na sve to\u010dkove (4WD), ovaj model pru\u017ea stabilnost, vu\u010du i radnu efikasnost u razli\u010ditim uslovima.<\/p><p data-start=\"509\" data-end=\"838\">Menja\u010d sa 8+8 brzina i mehani\u010dkim reverzerom omogu\u0107ava lako manevrisanje i promenu pravca bez gubitka vremena. Priklju\u010dni vratilo (PTO) sa dvostrukom brzinom (540\/1000 o\/min) omogu\u0107ava rad sa \u0161irokim spektrom priklju\u010dnih ma\u0161ina. Kategorija 1 spojnice obezbe\u0111uju jednostavno i sigurno ka\u010denje opreme na hidrauli\u010dni podizni ure\u0111aj.<\/p><p data-start=\"840\" data-end=\"1108\">Traktor je opremljen sigurnosnim ramom sa ROPS za\u0161titom i nadstre\u0161nicom protiv sunca, kao i Grammer sedi\u0161tem i podesivim volanom za udoban rad. Hidrauli\u010dni sistem visokog protoka (36\u201350 l\/min) i dva para spoljne hidraulike omogu\u0107avaju rad sa zahtevnijom mehanizacijom.<\/p><p data-start=\"1110\" data-end=\"1393\">Gume dimenzija 6.5-16 (prednje) i 11.2-24 (zadnje) pru\u017eaju odli\u010dnu stabilnost, dok su donja poteznica i tegovi (100 kg prednji, 50 kg zadnji) uklju\u010deni radi optimalne raspodele te\u017eine. Vazdu\u0161na instalacija sa kompresorom (jednokru\u017eni sistem) dodatno pove\u0107ava funkcionalnost traktora.<\/p><p data-start=\"1395\" data-end=\"1544\">Sa me\u0111uosovinskim rastojanjem od 1.920 mm i ukupnom te\u017einom od 1.750 kg sa tegovima, HANWO 404 je kompaktan, sna\u017ean i spreman za svakodnevne izazove.<\/p>\t\t\t\t\t\t\t\t<\/div>\n\t\t\t\t<\/div>\n\t\t\t\t<div class=\"elementor-element elementor-element-329f90c elementor-align-left elementor-mobile-align-justify elementor-widget-mobile__width-inherit elementor-widget elementor-widget-button\" data-id=\"329f90c\" data-element_type=\"widget\" data-e-type=\"widget\" data-widget_type=\"button.default\">\n\t\t\t\t<div class=\"elementor-widget-container\">\n\t\t\t\t\t\t\t\t\t<div class=\"elementor-button-wrapper\">\n\t\t\t\t\t<a class=\"elementor-button elementor-button-link elementor-size-sm\" href=\"#elementor-action%3Aaction%3Dpopup%3Aopen%26settings%3DeyJpZCI6IjQ1MyIsInRvZ2dsZSI6ZmFsc2V9\">\n\t\t\t\t\t\t<span class=\"elementor-button-content-wrapper\">\n\t\t\t\t\t\t\t\t\t<span class=\"elementor-button-text\">Po\u0161aljite upit<\/span>\n\t\t\t\t\t<\/span>\n\t\t\t\t\t<\/a>\n\t\t\t\t<\/div>\n\t\t\t\t\t\t\t\t<\/div>\n\t\t\t\t<\/div>\n\t\t\t\t<\/div>\n\t\t<div class=\"elementor-element elementor-element-383092b e-con-full e-flex e-con e-child\" data-id=\"383092b\" data-element_type=\"container\" data-e-type=\"container\">\n\t\t\t\t<div class=\"elementor-element elementor-element-16ae443 elementor-widget-tablet__width-inherit elementor-widget__width-inherit elementor-widget elementor-widget-image\" data-id=\"16ae443\" data-element_type=\"widget\" data-e-type=\"widget\" data-widget_type=\"image.default\">\n\t\t\t\t<div class=\"elementor-widget-container\">\n\t\t\t\t\t\t\t\t\t\t\t\t\t\t\t<img fetchpriority=\"high\" decoding=\"async\" width=\"300\" height=\"300\" src=\"https:\/\/kopija.poljoserviskljakic.com\/wp-content\/uploads\/2025\/06\/404-300x300.jpg\" class=\"attachment-medium size-medium wp-image-3258\" alt=\"\" srcset=\"https:\/\/kopija.poljoserviskljakic.com\/wp-content\/uploads\/2025\/06\/404-300x300.jpg 300w, https:\/\/kopija.poljoserviskljakic.com\/wp-content\/uploads\/2025\/06\/404-1024x1024.jpg 1024w, https:\/\/kopija.poljoserviskljakic.com\/wp-content\/uploads\/2025\/06\/404-150x150.jpg 150w, https:\/\/kopija.poljoserviskljakic.com\/wp-content\/uploads\/2025\/06\/404-768x768.jpg 768w, https:\/\/kopija.poljoserviskljakic.com\/wp-content\/uploads\/2025\/06\/404-12x12.jpg 12w, https:\/\/kopija.poljoserviskljakic.com\/wp-content\/uploads\/2025\/06\/404.jpg 1055w\" sizes=\"(max-width: 300px) 100vw, 300px\" \/>\t\t\t\t\t\t\t\t\t\t\t\t\t\t\t<\/div>\n\t\t\t\t<\/div>\n\t\t\t\t<\/div>\n\t\t\t\t<div class=\"elementor-element elementor-element-5d43e0e elementor-absolute elementor-widget elementor-widget-image\" data-id=\"5d43e0e\" data-element_type=\"widget\" data-e-type=\"widget\" data-settings=\"{&quot;_position&quot;:&quot;absolute&quot;,&quot;motion_fx_motion_fx_scrolling&quot;:&quot;yes&quot;,&quot;motion_fx_translateX_effect&quot;:&quot;yes&quot;,&quot;motion_fx_translateX_speed&quot;:{&quot;unit&quot;:&quot;px&quot;,&quot;size&quot;:4,&quot;sizes&quot;:[]},&quot;motion_fx_translateX_affectedRange&quot;:{&quot;unit&quot;:&quot;%&quot;,&quot;size&quot;:&quot;&quot;,&quot;sizes&quot;:{&quot;start&quot;:0,&quot;end&quot;:100}},&quot;motion_fx_devices&quot;:[&quot;desktop&quot;,&quot;laptop&quot;,&quot;tablet&quot;,&quot;mobile&quot;]}\" data-widget_type=\"image.default\">\n\t\t\t\t<div class=\"elementor-widget-container\">\n\t\t\t\t\t\t\t\t\t\t\t\t\t\t\t<img decoding=\"async\" width=\"512\" height=\"512\" data-src=\"https:\/\/kopija.poljoserviskljakic.com\/wp-content\/uploads\/2024\/06\/favicon1.png\" class=\"attachment-full size-full wp-image-420 lazyload\" alt=\"\" data-srcset=\"https:\/\/kopija.poljoserviskljakic.com\/wp-content\/uploads\/2024\/06\/favicon1.png 512w, https:\/\/kopija.poljoserviskljakic.com\/wp-content\/uploads\/2024\/06\/favicon1-300x300.png 300w, https:\/\/kopija.poljoserviskljakic.com\/wp-content\/uploads\/2024\/06\/favicon1-150x150.png 150w\" data-sizes=\"(max-width: 512px) 100vw, 512px\" src=\"data:image\/svg+xml;base64,PHN2ZyB3aWR0aD0iMSIgaGVpZ2h0PSIxIiB4bWxucz0iaHR0cDovL3d3dy53My5vcmcvMjAwMC9zdmciPjwvc3ZnPg==\" style=\"--smush-placeholder-width: 512px; --smush-placeholder-aspect-ratio: 512\/512;\" \/>\t\t\t\t\t\t\t\t\t\t\t\t\t\t\t<\/div>\n\t\t\t\t<\/div>\n\t\t\t\t<\/div>\n\t\t\t\t<\/div>\n\t\t\t\t\t<\/div>\n\t\t\t\t<\/div>\n\t\t<div class=\"elementor-element elementor-element-2757de5 e-flex e-con-boxed e-con e-parent\" data-id=\"2757de5\" data-element_type=\"container\" data-e-type=\"container\">\n\t\t\t\t\t<div class=\"e-con-inner\">\n\t\t<div class=\"elementor-element elementor-element-5905b7b e-con-full e-flex e-con e-child\" data-id=\"5905b7b\" data-element_type=\"container\" data-e-type=\"container\" data-settings=\"{&quot;background_background&quot;:&quot;classic&quot;}\">\n\t\t\t\t<div class=\"elementor-element elementor-element-a68916b elementor-widget elementor-widget-heading\" data-id=\"a68916b\" data-element_type=\"widget\" data-e-type=\"widget\" data-widget_type=\"heading.default\">\n\t\t\t\t<div class=\"elementor-widget-container\">\n\t\t\t\t\t<span class=\"elementor-heading-title elementor-size-default\">Poljoservis Kljaki\u0107<\/span>\t\t\t\t<\/div>\n\t\t\t\t<\/div>\n\t\t\t\t<div class=\"elementor-element elementor-element-963770d elementor-widget__width-initial elementor-widget-tablet__width-inherit elementor-widget elementor-widget-heading\" data-id=\"963770d\" data-element_type=\"widget\" data-e-type=\"widget\" data-widget_type=\"heading.default\">\n\t\t\t\t<div class=\"elementor-widget-container\">\n\t\t\t\t\t<h2 class=\"elementor-heading-title elementor-size-default\">Potreban Vam je ekspert za poljoprivredne ma\u0161ine?<\/h2>\t\t\t\t<\/div>\n\t\t\t\t<\/div>\n\t\t\t\t<div class=\"elementor-element elementor-element-a69b5f2 elementor-align-center elementor-mobile-align-justify elementor-widget-mobile__width-inherit elementor-widget elementor-widget-button\" data-id=\"a69b5f2\" data-element_type=\"widget\" data-e-type=\"widget\" data-widget_type=\"button.default\">\n\t\t\t\t<div class=\"elementor-widget-container\">\n\t\t\t\t\t\t\t\t\t<div class=\"elementor-button-wrapper\">\n\t\t\t\t\t<a class=\"elementor-button elementor-button-link elementor-size-sm\" href=\"https:\/\/kopija.poljoserviskljakic.com\/en\/kontakt\/\">\n\t\t\t\t\t\t<span class=\"elementor-button-content-wrapper\">\n\t\t\t\t\t\t\t\t\t<span class=\"elementor-button-text\">Kontaktirajte nas<\/span>\n\t\t\t\t\t<\/span>\n\t\t\t\t\t<\/a>\n\t\t\t\t<\/div>\n\t\t\t\t\t\t\t\t<\/div>\n\t\t\t\t<\/div>\n\t\t\t\t<\/div>\n\t\t\t\t\t<\/div>\n\t\t\t\t<\/div>\n\t\t\t\t<\/div>\n\t\t","protected":false},"excerpt":{"rendered":"<p>MODEL 404 HANWO 404 \u2013 Kompaktan traktor snage 40 KS za pouzdanu svakodnevnu upotrebu HANWO 404 je izdr\u017eljiv i prakti\u010dan traktor snage 40 KS, idealan za vo\u0107arstvo, povrtarstvo, vinogradarstvo i pomo\u0107ne radove na manjim i srednjim gazdinstvima. Opremljen \u010detvorocilindri\u010dnim motorom i pogonom na sve to\u010dkove (4WD), ovaj model pru\u017ea stabilnost, vu\u010du i radnu efikasnost u [&hellip;]<\/p>\n","protected":false},"author":2,"featured_media":0,"parent":0,"menu_order":0,"comment_status":"closed","ping_status":"closed","template":"","meta":{"content-type":"","footnotes":""},"class_list":["post-3296","page","type-page","status-publish","hentry"],"yoast_head":"<!-- This site is optimized with the Yoast SEO plugin v27.1.1 - https:\/\/yoast.com\/product\/yoast-seo-wordpress\/ -->\n<title>MODEL 404 - Poljoservis Kljaki\u0107<\/title>\n<meta name=\"description\" content=\"Traktor Hanwo 404 40 KS sa \u010detvorocilindri\u010dnim motorom i pogonom na sve to\u010dkove. Idealan za vo\u0107arstvo, vinogradarstvo i povrtarstvo, opremljen hidraulikom, PTO ure\u0111ajem, sigurnosnim ramom i udobnim sedi\u0161tem za efikasan i siguran rad.\" \/>\n<meta name=\"robots\" content=\"index, follow, max-snippet:-1, max-image-preview:large, max-video-preview:-1\" \/>\n<link rel=\"canonical\" href=\"https:\/\/kopija.poljoserviskljakic.com\/en\/model-404\/\" \/>\n<meta property=\"og:locale\" content=\"en_US\" \/>\n<meta property=\"og:type\" content=\"article\" \/>\n<meta property=\"og:title\" content=\"MODEL 404 - Poljoservis Kljaki\u0107\" \/>\n<meta property=\"og:description\" content=\"Traktor Hanwo 404 40 KS sa \u010detvorocilindri\u010dnim motorom i pogonom na sve to\u010dkove. Idealan za vo\u0107arstvo, vinogradarstvo i povrtarstvo, opremljen hidraulikom, PTO ure\u0111ajem, sigurnosnim ramom i udobnim sedi\u0161tem za efikasan i siguran rad.\" \/>\n<meta property=\"og:url\" content=\"https:\/\/kopija.poljoserviskljakic.com\/en\/model-404\/\" \/>\n<meta property=\"og:site_name\" content=\"Poljoservis Kljaki\u0107\" \/>\n<meta property=\"article:modified_time\" content=\"2026-03-03T10:11:18+00:00\" \/>\n<meta property=\"og:image\" content=\"https:\/\/kopija.poljoserviskljakic.com\/wp-content\/uploads\/2025\/06\/404-300x300.jpg\" \/>\n<meta name=\"twitter:card\" content=\"summary_large_image\" \/>\n<meta name=\"twitter:label1\" content=\"Est. reading time\" \/>\n\t<meta name=\"twitter:data1\" content=\"2 minutes\" \/>\n<script type=\"application\/ld+json\" class=\"yoast-schema-graph\">{\"@context\":\"https:\/\/schema.org\",\"@graph\":[{\"@type\":\"WebPage\",\"@id\":\"https:\/\/kopija.poljoserviskljakic.com\/model-404\/\",\"url\":\"https:\/\/kopija.poljoserviskljakic.com\/model-404\/\",\"name\":\"MODEL 404 - Poljoservis Kljaki\u0107\",\"isPartOf\":{\"@id\":\"https:\/\/kopija.poljoserviskljakic.com\/ru\/#website\"},\"primaryImageOfPage\":{\"@id\":\"https:\/\/kopija.poljoserviskljakic.com\/model-404\/#primaryimage\"},\"image\":{\"@id\":\"https:\/\/kopija.poljoserviskljakic.com\/model-404\/#primaryimage\"},\"thumbnailUrl\":\"https:\/\/kopija.poljoserviskljakic.com\/wp-content\/uploads\/2025\/06\/404-300x300.jpg\",\"datePublished\":\"2025-06-02T14:17:04+00:00\",\"dateModified\":\"2026-03-03T10:11:18+00:00\",\"description\":\"Traktor Hanwo 404 40 KS sa \u010detvorocilindri\u010dnim motorom i pogonom na sve to\u010dkove. Idealan za vo\u0107arstvo, vinogradarstvo i povrtarstvo, opremljen hidraulikom, PTO ure\u0111ajem, sigurnosnim ramom i udobnim sedi\u0161tem za efikasan i siguran rad.\",\"breadcrumb\":{\"@id\":\"https:\/\/kopija.poljoserviskljakic.com\/model-404\/#breadcrumb\"},\"inLanguage\":\"en-US\",\"potentialAction\":[{\"@type\":\"ReadAction\",\"target\":[\"https:\/\/kopija.poljoserviskljakic.com\/model-404\/\"]}]},{\"@type\":\"ImageObject\",\"inLanguage\":\"en-US\",\"@id\":\"https:\/\/kopija.poljoserviskljakic.com\/model-404\/#primaryimage\",\"url\":\"https:\/\/kopija.poljoserviskljakic.com\/wp-content\/uploads\/2025\/06\/404-300x300.jpg\",\"contentUrl\":\"https:\/\/kopija.poljoserviskljakic.com\/wp-content\/uploads\/2025\/06\/404-300x300.jpg\"},{\"@type\":\"BreadcrumbList\",\"@id\":\"https:\/\/kopija.poljoserviskljakic.com\/model-404\/#breadcrumb\",\"itemListElement\":[{\"@type\":\"ListItem\",\"position\":1,\"name\":\"Po\u010detna\",\"item\":\"https:\/\/kopija.poljoserviskljakic.com\/\"},{\"@type\":\"ListItem\",\"position\":2,\"name\":\"MODEL 404\"}]},{\"@type\":\"WebSite\",\"@id\":\"https:\/\/kopija.poljoserviskljakic.com\/ru\/#website\",\"url\":\"https:\/\/kopija.poljoserviskljakic.com\/ru\/\",\"name\":\"Poljoservis Kljaki\u0107\",\"description\":\"Servis i prodaja poljoprivredne opreme\",\"publisher\":{\"@id\":\"https:\/\/kopija.poljoserviskljakic.com\/ru\/#organization\"},\"potentialAction\":[{\"@type\":\"SearchAction\",\"target\":{\"@type\":\"EntryPoint\",\"urlTemplate\":\"https:\/\/kopija.poljoserviskljakic.com\/ru\/?s={search_term_string}\"},\"query-input\":{\"@type\":\"PropertyValueSpecification\",\"valueRequired\":true,\"valueName\":\"search_term_string\"}}],\"inLanguage\":\"en-US\"},{\"@type\":\"Organization\",\"@id\":\"https:\/\/kopija.poljoserviskljakic.com\/ru\/#organization\",\"name\":\"Poljoservis Kljaki\u0107\",\"url\":\"https:\/\/kopija.poljoserviskljakic.com\/ru\/\",\"logo\":{\"@type\":\"ImageObject\",\"inLanguage\":\"en-US\",\"@id\":\"https:\/\/kopija.poljoserviskljakic.com\/ru\/#\/schema\/logo\/image\/\",\"url\":\"https:\/\/kopija.poljoserviskljakic.com\/wp-content\/uploads\/2024\/06\/logo-e1717595433124.png\",\"contentUrl\":\"https:\/\/kopija.poljoserviskljakic.com\/wp-content\/uploads\/2024\/06\/logo-e1717595433124.png\",\"width\":491,\"height\":130,\"caption\":\"Poljoservis Kljaki\u0107\"},\"image\":{\"@id\":\"https:\/\/kopija.poljoserviskljakic.com\/ru\/#\/schema\/logo\/image\/\"},\"sameAs\":[\"https:\/\/www.instagram.com\/poljoserviskljakic\/\"]}]}<\/script>\n<!-- \/ Yoast SEO plugin. -->","yoast_head_json":{"title":"MODEL 404 - Poljoservis Kljaki\u0107","description":"Traktor Hanwo 404 40 KS sa \u010detvorocilindri\u010dnim motorom i pogonom na sve to\u010dkove. Idealan za vo\u0107arstvo, vinogradarstvo i povrtarstvo, opremljen hidraulikom, PTO ure\u0111ajem, sigurnosnim ramom i udobnim sedi\u0161tem za efikasan i siguran rad.","robots":{"index":"index","follow":"follow","max-snippet":"max-snippet:-1","max-image-preview":"max-image-preview:large","max-video-preview":"max-video-preview:-1"},"canonical":"https:\/\/kopija.poljoserviskljakic.com\/en\/model-404\/","og_locale":"en_US","og_type":"article","og_title":"MODEL 404 - Poljoservis Kljaki\u0107","og_description":"Traktor Hanwo 404 40 KS sa \u010detvorocilindri\u010dnim motorom i pogonom na sve to\u010dkove. Idealan za vo\u0107arstvo, vinogradarstvo i povrtarstvo, opremljen hidraulikom, PTO ure\u0111ajem, sigurnosnim ramom i udobnim sedi\u0161tem za efikasan i siguran rad.","og_url":"https:\/\/kopija.poljoserviskljakic.com\/en\/model-404\/","og_site_name":"Poljoservis Kljaki\u0107","article_modified_time":"2026-03-03T10:11:18+00:00","og_image":[{"url":"https:\/\/kopija.poljoserviskljakic.com\/wp-content\/uploads\/2025\/06\/404-300x300.jpg","type":"","width":"","height":""}],"twitter_card":"summary_large_image","twitter_misc":{"Est. reading time":"2 minutes"},"schema":{"@context":"https:\/\/schema.org","@graph":[{"@type":"WebPage","@id":"https:\/\/kopija.poljoserviskljakic.com\/model-404\/","url":"https:\/\/kopija.poljoserviskljakic.com\/model-404\/","name":"MODEL 404 - Poljoservis Kljaki\u0107","isPartOf":{"@id":"https:\/\/kopija.poljoserviskljakic.com\/ru\/#website"},"primaryImageOfPage":{"@id":"https:\/\/kopija.poljoserviskljakic.com\/model-404\/#primaryimage"},"image":{"@id":"https:\/\/kopija.poljoserviskljakic.com\/model-404\/#primaryimage"},"thumbnailUrl":"https:\/\/kopija.poljoserviskljakic.com\/wp-content\/uploads\/2025\/06\/404-300x300.jpg","datePublished":"2025-06-02T14:17:04+00:00","dateModified":"2026-03-03T10:11:18+00:00","description":"Traktor Hanwo 404 40 KS sa \u010detvorocilindri\u010dnim motorom i pogonom na sve to\u010dkove. Idealan za vo\u0107arstvo, vinogradarstvo i povrtarstvo, opremljen hidraulikom, PTO ure\u0111ajem, sigurnosnim ramom i udobnim sedi\u0161tem za efikasan i siguran rad.","breadcrumb":{"@id":"https:\/\/kopija.poljoserviskljakic.com\/model-404\/#breadcrumb"},"inLanguage":"en-US","potentialAction":[{"@type":"ReadAction","target":["https:\/\/kopija.poljoserviskljakic.com\/model-404\/"]}]},{"@type":"ImageObject","inLanguage":"en-US","@id":"https:\/\/kopija.poljoserviskljakic.com\/model-404\/#primaryimage","url":"https:\/\/kopija.poljoserviskljakic.com\/wp-content\/uploads\/2025\/06\/404-300x300.jpg","contentUrl":"https:\/\/kopija.poljoserviskljakic.com\/wp-content\/uploads\/2025\/06\/404-300x300.jpg"},{"@type":"BreadcrumbList","@id":"https:\/\/kopija.poljoserviskljakic.com\/model-404\/#breadcrumb","itemListElement":[{"@type":"ListItem","position":1,"name":"Po\u010detna","item":"https:\/\/kopija.poljoserviskljakic.com\/"},{"@type":"ListItem","position":2,"name":"MODEL 404"}]},{"@type":"WebSite","@id":"https:\/\/kopija.poljoserviskljakic.com\/ru\/#website","url":"https:\/\/kopija.poljoserviskljakic.com\/ru\/","name":"Poljoservis Kljaki\u0107","description":"Service and sale of agricultural equipment","publisher":{"@id":"https:\/\/kopija.poljoserviskljakic.com\/ru\/#organization"},"potentialAction":[{"@type":"SearchAction","target":{"@type":"EntryPoint","urlTemplate":"https:\/\/kopija.poljoserviskljakic.com\/ru\/?s={search_term_string}"},"query-input":{"@type":"PropertyValueSpecification","valueRequired":true,"valueName":"search_term_string"}}],"inLanguage":"en-US"},{"@type":"Organization","@id":"https:\/\/kopija.poljoserviskljakic.com\/ru\/#organization","name":"Poljoservis Kljaki\u0107","url":"https:\/\/kopija.poljoserviskljakic.com\/ru\/","logo":{"@type":"ImageObject","inLanguage":"en-US","@id":"https:\/\/kopija.poljoserviskljakic.com\/ru\/#\/schema\/logo\/image\/","url":"https:\/\/kopija.poljoserviskljakic.com\/wp-content\/uploads\/2024\/06\/logo-e1717595433124.png","contentUrl":"https:\/\/kopija.poljoserviskljakic.com\/wp-content\/uploads\/2024\/06\/logo-e1717595433124.png","width":491,"height":130,"caption":"Poljoservis Kljaki\u0107"},"image":{"@id":"https:\/\/kopija.poljoserviskljakic.com\/ru\/#\/schema\/logo\/image\/"},"sameAs":["https:\/\/www.instagram.com\/poljoserviskljakic\/"]}]}},"_links":{"self":[{"href":"https:\/\/kopija.poljoserviskljakic.com\/en\/wp-json\/wp\/v2\/pages\/3296","targetHints":{"allow":["GET"]}}],"collection":[{"href":"https:\/\/kopija.poljoserviskljakic.com\/en\/wp-json\/wp\/v2\/pages"}],"about":[{"href":"https:\/\/kopija.poljoserviskljakic.com\/en\/wp-json\/wp\/v2\/types\/page"}],"author":[{"embeddable":true,"href":"https:\/\/kopija.poljoserviskljakic.com\/en\/wp-json\/wp\/v2\/users\/2"}],"replies":[{"embeddable":true,"href":"https:\/\/kopija.poljoserviskljakic.com\/en\/wp-json\/wp\/v2\/comments?post=3296"}],"version-history":[{"count":7,"href":"https:\/\/kopija.poljoserviskljakic.com\/en\/wp-json\/wp\/v2\/pages\/3296\/revisions"}],"predecessor-version":[{"id":3763,"href":"https:\/\/kopija.poljoserviskljakic.com\/en\/wp-json\/wp\/v2\/pages\/3296\/revisions\/3763"}],"wp:attachment":[{"href":"https:\/\/kopija.poljoserviskljakic.com\/en\/wp-json\/wp\/v2\/media?parent=3296"}],"curies":[{"name":"wp","href":"https:\/\/api.w.org\/{rel}","templated":true}]}}