{"id":1022,"date":"2024-06-19T10:22:30","date_gmt":"2024-06-19T10:22:30","guid":{"rendered":"https:\/\/kljajic.element-web.com\/?page_id=1022"},"modified":"2026-03-03T08:36:17","modified_gmt":"2026-03-03T08:36:17","slug":"traktorske-prikolice-malceri","status":"publish","type":"page","link":"https:\/\/kopija.poljoserviskljakic.com\/hr\/masine\/tarupi-malceri\/traktorski-tarupi-malceri\/","title":{"rendered":"Traktorski mal\u010deri\/mal\u010deri"},"content":{"rendered":"<div data-elementor-type=\"wp-page\" data-elementor-id=\"1022\" class=\"elementor elementor-1022\" data-elementor-post-type=\"page\">\n\t\t\t\t<div class=\"elementor-element elementor-element-95ba203 e-flex e-con-boxed e-con e-parent\" data-id=\"95ba203\" data-element_type=\"container\" data-e-type=\"container\" data-settings=\"{&quot;background_background&quot;:&quot;classic&quot;}\">\n\t\t\t\t\t<div class=\"e-con-inner\">\n\t\t\t\t\t<\/div>\n\t\t\t\t<\/div>\n\t\t<div class=\"elementor-element elementor-element-96eae9f e-flex e-con-boxed e-con e-parent\" data-id=\"96eae9f\" data-element_type=\"container\" data-e-type=\"container\" data-settings=\"{&quot;background_background&quot;:&quot;classic&quot;}\">\n\t\t\t\t\t<div class=\"e-con-inner\">\n\t\t<div class=\"elementor-element elementor-element-1e94dba e-con-full e-flex e-con e-child\" data-id=\"1e94dba\" data-element_type=\"container\" data-e-type=\"container\">\n\t\t\t\t<div class=\"elementor-element elementor-element-6a5c1fc elementor-cta--valign-middle e-transform elementor-cta--skin-classic elementor-animated-content elementor-bg-transform elementor-bg-transform-zoom-in elementor-widget elementor-widget-call-to-action\" data-id=\"6a5c1fc\" data-element_type=\"widget\" data-e-type=\"widget\" data-settings=\"{&quot;_transform_translateY_effect_hover&quot;:{&quot;unit&quot;:&quot;px&quot;,&quot;size&quot;:10,&quot;sizes&quot;:[]},&quot;_transform_translateX_effect_hover&quot;:{&quot;unit&quot;:&quot;px&quot;,&quot;size&quot;:10,&quot;sizes&quot;:[]},&quot;_transform_translateX_effect_hover_laptop&quot;:{&quot;unit&quot;:&quot;px&quot;,&quot;size&quot;:&quot;&quot;,&quot;sizes&quot;:[]},&quot;_transform_translateX_effect_hover_tablet&quot;:{&quot;unit&quot;:&quot;px&quot;,&quot;size&quot;:&quot;&quot;,&quot;sizes&quot;:[]},&quot;_transform_translateX_effect_hover_mobile&quot;:{&quot;unit&quot;:&quot;px&quot;,&quot;size&quot;:&quot;&quot;,&quot;sizes&quot;:[]},&quot;_transform_translateY_effect_hover_laptop&quot;:{&quot;unit&quot;:&quot;px&quot;,&quot;size&quot;:&quot;&quot;,&quot;sizes&quot;:[]},&quot;_transform_translateY_effect_hover_tablet&quot;:{&quot;unit&quot;:&quot;px&quot;,&quot;size&quot;:&quot;&quot;,&quot;sizes&quot;:[]},&quot;_transform_translateY_effect_hover_mobile&quot;:{&quot;unit&quot;:&quot;px&quot;,&quot;size&quot;:&quot;&quot;,&quot;sizes&quot;:[]}}\" data-widget_type=\"call-to-action.default\">\n\t\t\t\t<div class=\"elementor-widget-container\">\n\t\t\t\t\t\t\t<a class=\"elementor-cta\" href=\"https:\/\/kopija.poljoserviskljakic.com\/hr\/masine\/tarupi-malceri\/traktorski-tarupi-malceri\/poljoprivredni-traktorski-tarupi\/\">\n\t\t\t\t\t<div class=\"elementor-cta__bg-wrapper\">\n\t\t\t\t<div class=\"elementor-cta__bg elementor-bg lazyload\" style=\"background-image:inherit;\" role=\"img\" aria-label=\"S7-classic Seppi Poljoservis Kljaki\u0107\" data-bg-image=\"url(https:\/\/kopija.poljoserviskljakic.com\/wp-content\/uploads\/2025\/11\/S7-classic-22-6132-2048x1365.jpg)\"><\/div>\n\t\t\t\t<div class=\"elementor-cta__bg-overlay\"><\/div>\n\t\t\t<\/div>\n\t\t\t\t\t\t\t<div class=\"elementor-cta__content\">\n\t\t\t\t\n\t\t\t\t\t\t\t\t\t<h2 class=\"elementor-cta__title elementor-cta__content-item elementor-content-item\">\n\t\t\t\t\t\tPoljoprivredne traktorske prikolice\t\t\t\t\t<\/h2>\n\t\t\t\t\n\t\t\t\t\n\t\t\t\t\t\t\t<\/div>\n\t\t\t\t\t\t<\/a>\n\t\t\t\t\t\t<\/div>\n\t\t\t\t<\/div>\n\t\t\t\t<div class=\"elementor-element elementor-element-65ed982 elementor-absolute elementor-widget elementor-widget-spacer\" data-id=\"65ed982\" data-element_type=\"widget\" data-e-type=\"widget\" data-settings=\"{&quot;_position&quot;:&quot;absolute&quot;}\" data-widget_type=\"spacer.default\">\n\t\t\t\t<div class=\"elementor-widget-container\">\n\t\t\t\t\t\t\t<div class=\"elementor-spacer\">\n\t\t\t<div class=\"elementor-spacer-inner\"><\/div>\n\t\t<\/div>\n\t\t\t\t\t\t<\/div>\n\t\t\t\t<\/div>\n\t\t\t\t<\/div>\n\t\t<div class=\"elementor-element elementor-element-a692755 e-con-full e-flex e-con e-child\" data-id=\"a692755\" data-element_type=\"container\" data-e-type=\"container\">\n\t\t\t\t<div class=\"elementor-element elementor-element-8d0be89 elementor-cta--valign-middle e-transform elementor-cta--skin-classic elementor-animated-content elementor-bg-transform elementor-bg-transform-zoom-in elementor-widget elementor-widget-call-to-action\" data-id=\"8d0be89\" data-element_type=\"widget\" data-e-type=\"widget\" data-settings=\"{&quot;_transform_translateY_effect_hover&quot;:{&quot;unit&quot;:&quot;px&quot;,&quot;size&quot;:10,&quot;sizes&quot;:[]},&quot;_transform_translateX_effect_hover&quot;:{&quot;unit&quot;:&quot;px&quot;,&quot;size&quot;:10,&quot;sizes&quot;:[]},&quot;_transform_translateX_effect_hover_laptop&quot;:{&quot;unit&quot;:&quot;px&quot;,&quot;size&quot;:&quot;&quot;,&quot;sizes&quot;:[]},&quot;_transform_translateX_effect_hover_tablet&quot;:{&quot;unit&quot;:&quot;px&quot;,&quot;size&quot;:&quot;&quot;,&quot;sizes&quot;:[]},&quot;_transform_translateX_effect_hover_mobile&quot;:{&quot;unit&quot;:&quot;px&quot;,&quot;size&quot;:&quot;&quot;,&quot;sizes&quot;:[]},&quot;_transform_translateY_effect_hover_laptop&quot;:{&quot;unit&quot;:&quot;px&quot;,&quot;size&quot;:&quot;&quot;,&quot;sizes&quot;:[]},&quot;_transform_translateY_effect_hover_tablet&quot;:{&quot;unit&quot;:&quot;px&quot;,&quot;size&quot;:&quot;&quot;,&quot;sizes&quot;:[]},&quot;_transform_translateY_effect_hover_mobile&quot;:{&quot;unit&quot;:&quot;px&quot;,&quot;size&quot;:&quot;&quot;,&quot;sizes&quot;:[]}}\" data-widget_type=\"call-to-action.default\">\n\t\t\t\t<div class=\"elementor-widget-container\">\n\t\t\t\t\t\t\t<a class=\"elementor-cta\" href=\"https:\/\/kopija.poljoserviskljakic.com\/hr\/masine\/tarupi-malceri\/traktorski-tarupi-malceri\/sumski-traktorski-tarupi\/\">\n\t\t\t\t\t<div class=\"elementor-cta__bg-wrapper\">\n\t\t\t\t<div class=\"elementor-cta__bg elementor-bg lazyload\" style=\"background-image:inherit;\" role=\"img\" aria-label=\"STARSOIL-21-4429K\" data-bg-image=\"url(https:\/\/kopija.poljoserviskljakic.com\/wp-content\/uploads\/2024\/11\/STARSOIL-21-4429K-2048x1536.jpg)\"><\/div>\n\t\t\t\t<div class=\"elementor-cta__bg-overlay\"><\/div>\n\t\t\t<\/div>\n\t\t\t\t\t\t\t<div class=\"elementor-cta__content\">\n\t\t\t\t\n\t\t\t\t\t\t\t\t\t<h2 class=\"elementor-cta__title elementor-cta__content-item elementor-content-item\">\n\t\t\t\t\t\t\u0160umske traktorske prikolice\t\t\t\t\t<\/h2>\n\t\t\t\t\n\t\t\t\t\n\t\t\t\t\t\t\t<\/div>\n\t\t\t\t\t\t<\/a>\n\t\t\t\t\t\t<\/div>\n\t\t\t\t<\/div>\n\t\t\t\t<div class=\"elementor-element elementor-element-10402c7 elementor-absolute elementor-widget elementor-widget-spacer\" data-id=\"10402c7\" data-element_type=\"widget\" data-e-type=\"widget\" data-settings=\"{&quot;_position&quot;:&quot;absolute&quot;}\" data-widget_type=\"spacer.default\">\n\t\t\t\t<div class=\"elementor-widget-container\">\n\t\t\t\t\t\t\t<div class=\"elementor-spacer\">\n\t\t\t<div class=\"elementor-spacer-inner\"><\/div>\n\t\t<\/div>\n\t\t\t\t\t\t<\/div>\n\t\t\t\t<\/div>\n\t\t\t\t<\/div>\n\t\t<div class=\"elementor-element elementor-element-38acdd4 e-con-full e-flex e-con e-child\" data-id=\"38acdd4\" data-element_type=\"container\" data-e-type=\"container\">\n\t\t\t\t<div class=\"elementor-element elementor-element-71211cb elementor-cta--valign-middle e-transform elementor-cta--skin-classic elementor-animated-content elementor-bg-transform elementor-bg-transform-zoom-in elementor-widget elementor-widget-call-to-action\" data-id=\"71211cb\" data-element_type=\"widget\" data-e-type=\"widget\" data-settings=\"{&quot;_transform_translateY_effect_hover&quot;:{&quot;unit&quot;:&quot;px&quot;,&quot;size&quot;:10,&quot;sizes&quot;:[]},&quot;_transform_translateX_effect_hover&quot;:{&quot;unit&quot;:&quot;px&quot;,&quot;size&quot;:10,&quot;sizes&quot;:[]},&quot;_transform_translateX_effect_hover_laptop&quot;:{&quot;unit&quot;:&quot;px&quot;,&quot;size&quot;:&quot;&quot;,&quot;sizes&quot;:[]},&quot;_transform_translateX_effect_hover_tablet&quot;:{&quot;unit&quot;:&quot;px&quot;,&quot;size&quot;:&quot;&quot;,&quot;sizes&quot;:[]},&quot;_transform_translateX_effect_hover_mobile&quot;:{&quot;unit&quot;:&quot;px&quot;,&quot;size&quot;:&quot;&quot;,&quot;sizes&quot;:[]},&quot;_transform_translateY_effect_hover_laptop&quot;:{&quot;unit&quot;:&quot;px&quot;,&quot;size&quot;:&quot;&quot;,&quot;sizes&quot;:[]},&quot;_transform_translateY_effect_hover_tablet&quot;:{&quot;unit&quot;:&quot;px&quot;,&quot;size&quot;:&quot;&quot;,&quot;sizes&quot;:[]},&quot;_transform_translateY_effect_hover_mobile&quot;:{&quot;unit&quot;:&quot;px&quot;,&quot;size&quot;:&quot;&quot;,&quot;sizes&quot;:[]}}\" data-widget_type=\"call-to-action.default\">\n\t\t\t\t<div class=\"elementor-widget-container\">\n\t\t\t\t\t\t\t<a class=\"elementor-cta\" href=\"https:\/\/kopija.poljoserviskljakic.com\/hr\/masine\/tarupi-malceri\/traktorski-tarupi-malceri\/bocni-drumski-traktorski-tarupi\/\">\n\t\t\t\t\t<div class=\"elementor-cta__bg-wrapper\">\n\t\t\t\t<div class=\"elementor-cta__bg elementor-bg lazyload\" style=\"background-image:inherit;\" role=\"img\" aria-label=\"L9-flex Seppi Poljoservis Kljaki\u0107\" data-bg-image=\"url(https:\/\/kopija.poljoserviskljakic.com\/wp-content\/uploads\/2025\/11\/L9-flex-20-0239-2048x1365.jpg)\"><\/div>\n\t\t\t\t<div class=\"elementor-cta__bg-overlay\"><\/div>\n\t\t\t<\/div>\n\t\t\t\t\t\t\t<div class=\"elementor-cta__content\">\n\t\t\t\t\n\t\t\t\t\t\t\t\t\t<h2 class=\"elementor-cta__title elementor-cta__content-item elementor-content-item\">\n\t\t\t\t\t\tBo\u010dne (cestovne) traktorske prikolice\t\t\t\t\t<\/h2>\n\t\t\t\t\n\t\t\t\t\n\t\t\t\t\t\t\t<\/div>\n\t\t\t\t\t\t<\/a>\n\t\t\t\t\t\t<\/div>\n\t\t\t\t<\/div>\n\t\t\t\t<div class=\"elementor-element elementor-element-354d20f elementor-absolute elementor-widget elementor-widget-spacer\" data-id=\"354d20f\" data-element_type=\"widget\" data-e-type=\"widget\" data-settings=\"{&quot;_position&quot;:&quot;absolute&quot;}\" data-widget_type=\"spacer.default\">\n\t\t\t\t<div class=\"elementor-widget-container\">\n\t\t\t\t\t\t\t<div class=\"elementor-spacer\">\n\t\t\t<div class=\"elementor-spacer-inner\"><\/div>\n\t\t<\/div>\n\t\t\t\t\t\t<\/div>\n\t\t\t\t<\/div>\n\t\t\t\t<\/div>\n\t\t\t\t\t<\/div>\n\t\t\t\t<\/div>\n\t\t<div class=\"elementor-element elementor-element-245c601e e-flex e-con-boxed e-con e-parent\" data-id=\"245c601e\" data-element_type=\"container\" data-e-type=\"container\" data-settings=\"{&quot;background_background&quot;:&quot;classic&quot;}\">\n\t\t\t\t\t<div class=\"e-con-inner\">\n\t\t\t\t<div class=\"elementor-element elementor-element-7be6ff47 elementor-widget elementor-widget-heading\" data-id=\"7be6ff47\" data-element_type=\"widget\" data-e-type=\"widget\" data-widget_type=\"heading.default\">\n\t\t\t\t<div class=\"elementor-widget-container\">\n\t\t\t\t\t<span class=\"elementor-heading-title elementor-size-default\">Poljoservis Kljaki\u0107<\/span>\t\t\t\t<\/div>\n\t\t\t\t<\/div>\n\t\t\t\t<div class=\"elementor-element elementor-element-56abea58 elementor-widget__width-initial elementor-widget-tablet__width-inherit elementor-widget elementor-widget-heading\" data-id=\"56abea58\" data-element_type=\"widget\" data-e-type=\"widget\" data-widget_type=\"heading.default\">\n\t\t\t\t<div class=\"elementor-widget-container\">\n\t\t\t\t\t<h2 class=\"elementor-heading-title elementor-size-default\">Trebate stru\u010dnjaka za poljoprivredne strojeve?<\/h2>\t\t\t\t<\/div>\n\t\t\t\t<\/div>\n\t\t\t\t<div class=\"elementor-element elementor-element-1a05839 elementor-align-center elementor-mobile-align-justify elementor-widget-mobile__width-inherit elementor-widget elementor-widget-button\" data-id=\"1a05839\" data-element_type=\"widget\" data-e-type=\"widget\" data-widget_type=\"button.default\">\n\t\t\t\t<div class=\"elementor-widget-container\">\n\t\t\t\t\t\t\t\t\t<div class=\"elementor-button-wrapper\">\n\t\t\t\t\t<a class=\"elementor-button elementor-button-link elementor-size-sm\" href=\"https:\/\/kopija.poljoserviskljakic.com\/hr\/kontakt\/\">\n\t\t\t\t\t\t<span class=\"elementor-button-content-wrapper\">\n\t\t\t\t\t\t\t\t\t<span class=\"elementor-button-text\">Kontaktirajte nas<\/span>\n\t\t\t\t\t<\/span>\n\t\t\t\t\t<\/a>\n\t\t\t\t<\/div>\n\t\t\t\t\t\t\t\t<\/div>\n\t\t\t\t<\/div>\n\t\t\t\t\t<\/div>\n\t\t\t\t<\/div>\n\t\t\t\t<\/div>","protected":false},"excerpt":{"rendered":"<p>Poljoprivredne traktorske prikolice \u0160umske traktorske prikolice Bo\u010dne (cestovne) traktorske prikolice Poljoservis Kljaki\u0107 Trebate stru\u010dnjaka za poljoprivredne strojeve? Kontaktirajte nas<\/p>","protected":false},"author":2,"featured_media":0,"parent":303,"menu_order":0,"comment_status":"closed","ping_status":"closed","template":"","meta":{"content-type":"","footnotes":""},"class_list":["post-1022","page","type-page","status-publish","hentry"],"yoast_head":"<!-- This site is optimized with the Yoast SEO plugin v27.1.1 - https:\/\/yoast.com\/product\/yoast-seo-wordpress\/ -->\n<title>Traktorski tarupi\/mal\u010deri - Poljoservis Kljaki\u0107<\/title>\n<meta name=\"description\" content=\"Traktorski tarupi i mal\u010deri iz ponude Poljo Servis Kljaki\u0107 omogu\u0107avaju ravnomerno me\u0161anje zemlji\u0161ta i efikasnu pripremu useva, pobolj\u0161avaju\u0107i plodnost i strukturu tla.\" \/>\n<meta name=\"robots\" content=\"index, follow, max-snippet:-1, max-image-preview:large, max-video-preview:-1\" \/>\n<link rel=\"canonical\" href=\"https:\/\/kopija.poljoserviskljakic.com\/hr\/strojevi\/malceri\/traktorske-prikolice-malceri\/\" \/>\n<meta property=\"og:locale\" content=\"hr_HR\" \/>\n<meta property=\"og:type\" content=\"article\" \/>\n<meta property=\"og:title\" content=\"Traktorski tarupi\/mal\u010deri - Poljoservis Kljaki\u0107\" \/>\n<meta property=\"og:description\" content=\"Traktorski tarupi i mal\u010deri iz ponude Poljo Servis Kljaki\u0107 omogu\u0107avaju ravnomerno me\u0161anje zemlji\u0161ta i efikasnu pripremu useva, pobolj\u0161avaju\u0107i plodnost i strukturu tla.\" \/>\n<meta property=\"og:url\" content=\"https:\/\/kopija.poljoserviskljakic.com\/hr\/strojevi\/malceri\/traktorske-prikolice-malceri\/\" \/>\n<meta property=\"og:site_name\" content=\"Poljoservis Kljaki\u0107\" \/>\n<meta property=\"article:modified_time\" content=\"2026-03-03T08:36:17+00:00\" \/>\n<meta name=\"twitter:card\" content=\"summary_large_image\" \/>\n<meta name=\"twitter:label1\" content=\"Procijenjeno vrijeme \u010ditanja\" \/>\n\t<meta name=\"twitter:data1\" content=\"1 minuta\" \/>\n<script type=\"application\/ld+json\" class=\"yoast-schema-graph\">{\"@context\":\"https:\/\/schema.org\",\"@graph\":[{\"@type\":\"WebPage\",\"@id\":\"https:\/\/kopija.poljoserviskljakic.com\/masine\/tarupi-malceri\/traktorski-tarupi-malceri\/\",\"url\":\"https:\/\/kopija.poljoserviskljakic.com\/masine\/tarupi-malceri\/traktorski-tarupi-malceri\/\",\"name\":\"Traktorski tarupi\/mal\u010deri - Poljoservis Kljaki\u0107\",\"isPartOf\":{\"@id\":\"https:\/\/kopija.poljoserviskljakic.com\/ru\/#website\"},\"datePublished\":\"2024-06-19T10:22:30+00:00\",\"dateModified\":\"2026-03-03T08:36:17+00:00\",\"description\":\"Traktorski tarupi i mal\u010deri iz ponude Poljo Servis Kljaki\u0107 omogu\u0107avaju ravnomerno me\u0161anje zemlji\u0161ta i efikasnu pripremu useva, pobolj\u0161avaju\u0107i plodnost i strukturu tla.\",\"breadcrumb\":{\"@id\":\"https:\/\/kopija.poljoserviskljakic.com\/masine\/tarupi-malceri\/traktorski-tarupi-malceri\/#breadcrumb\"},\"inLanguage\":\"hr\",\"potentialAction\":[{\"@type\":\"ReadAction\",\"target\":[\"https:\/\/kopija.poljoserviskljakic.com\/masine\/tarupi-malceri\/traktorski-tarupi-malceri\/\"]}]},{\"@type\":\"BreadcrumbList\",\"@id\":\"https:\/\/kopija.poljoserviskljakic.com\/masine\/tarupi-malceri\/traktorski-tarupi-malceri\/#breadcrumb\",\"itemListElement\":[{\"@type\":\"ListItem\",\"position\":1,\"name\":\"Po\u010detna\",\"item\":\"https:\/\/kopija.poljoserviskljakic.com\/\"},{\"@type\":\"ListItem\",\"position\":2,\"name\":\"Ma\u0161ine\",\"item\":\"https:\/\/kopija.poljoserviskljakic.com\/hu\/gepek\/\"},{\"@type\":\"ListItem\",\"position\":3,\"name\":\"Tarupi\/mal\u010deri\",\"item\":\"https:\/\/kopija.poljoserviskljakic.com\/masine\/tarupi-malceri\/\"},{\"@type\":\"ListItem\",\"position\":4,\"name\":\"Traktorski tarupi\/mal\u010deri\"}]},{\"@type\":\"WebSite\",\"@id\":\"https:\/\/kopija.poljoserviskljakic.com\/ru\/#website\",\"url\":\"https:\/\/kopija.poljoserviskljakic.com\/ru\/\",\"name\":\"Poljoservis Kljaki\u0107\",\"description\":\"Servis i prodaja poljoprivredne opreme\",\"publisher\":{\"@id\":\"https:\/\/kopija.poljoserviskljakic.com\/ru\/#organization\"},\"potentialAction\":[{\"@type\":\"SearchAction\",\"target\":{\"@type\":\"EntryPoint\",\"urlTemplate\":\"https:\/\/kopija.poljoserviskljakic.com\/ru\/?s={search_term_string}\"},\"query-input\":{\"@type\":\"PropertyValueSpecification\",\"valueRequired\":true,\"valueName\":\"search_term_string\"}}],\"inLanguage\":\"hr\"},{\"@type\":\"Organization\",\"@id\":\"https:\/\/kopija.poljoserviskljakic.com\/ru\/#organization\",\"name\":\"Poljoservis Kljaki\u0107\",\"url\":\"https:\/\/kopija.poljoserviskljakic.com\/ru\/\",\"logo\":{\"@type\":\"ImageObject\",\"inLanguage\":\"hr\",\"@id\":\"https:\/\/kopija.poljoserviskljakic.com\/ru\/#\/schema\/logo\/image\/\",\"url\":\"https:\/\/kopija.poljoserviskljakic.com\/wp-content\/uploads\/2024\/06\/logo-e1717595433124.png\",\"contentUrl\":\"https:\/\/kopija.poljoserviskljakic.com\/wp-content\/uploads\/2024\/06\/logo-e1717595433124.png\",\"width\":491,\"height\":130,\"caption\":\"Poljoservis Kljaki\u0107\"},\"image\":{\"@id\":\"https:\/\/kopija.poljoserviskljakic.com\/ru\/#\/schema\/logo\/image\/\"},\"sameAs\":[\"https:\/\/www.instagram.com\/poljoserviskljakic\/\"]}]}<\/script>\n<!-- \/ Yoast SEO plugin. -->","yoast_head_json":{"title":"Traktorski mal\u010deri\/mal\u010deri - Poljoservis Kljaki\u0107","description":"Traktorski tarupi i mal\u010deri iz ponude Poljo Servis Kljaki\u0107 omogu\u0107avaju ravnomerno me\u0161anje zemlji\u0161ta i efikasnu pripremu useva, pobolj\u0161avaju\u0107i plodnost i strukturu tla.","robots":{"index":"index","follow":"follow","max-snippet":"max-snippet:-1","max-image-preview":"max-image-preview:large","max-video-preview":"max-video-preview:-1"},"canonical":"https:\/\/kopija.poljoserviskljakic.com\/hr\/strojevi\/malceri\/traktorske-prikolice-malceri\/","og_locale":"hr_HR","og_type":"article","og_title":"Traktorski tarupi\/mal\u010deri - Poljoservis Kljaki\u0107","og_description":"Traktorski tarupi i mal\u010deri iz ponude Poljo Servis Kljaki\u0107 omogu\u0107avaju ravnomerno me\u0161anje zemlji\u0161ta i efikasnu pripremu useva, pobolj\u0161avaju\u0107i plodnost i strukturu tla.","og_url":"https:\/\/kopija.poljoserviskljakic.com\/hr\/strojevi\/malceri\/traktorske-prikolice-malceri\/","og_site_name":"Poljoservis Kljaki\u0107","article_modified_time":"2026-03-03T08:36:17+00:00","twitter_card":"summary_large_image","twitter_misc":{"Procijenjeno vrijeme \u010ditanja":"1 minuta"},"schema":{"@context":"https:\/\/schema.org","@graph":[{"@type":"WebPage","@id":"https:\/\/kopija.poljoserviskljakic.com\/masine\/tarupi-malceri\/traktorski-tarupi-malceri\/","url":"https:\/\/kopija.poljoserviskljakic.com\/masine\/tarupi-malceri\/traktorski-tarupi-malceri\/","name":"Traktorski mal\u010deri\/mal\u010deri - Poljoservis Kljaki\u0107","isPartOf":{"@id":"https:\/\/kopija.poljoserviskljakic.com\/ru\/#website"},"datePublished":"2024-06-19T10:22:30+00:00","dateModified":"2026-03-03T08:36:17+00:00","description":"Traktorski tarupi i mal\u010deri iz ponude Poljo Servis Kljaki\u0107 omogu\u0107avaju ravnomerno me\u0161anje zemlji\u0161ta i efikasnu pripremu useva, pobolj\u0161avaju\u0107i plodnost i strukturu tla.","breadcrumb":{"@id":"https:\/\/kopija.poljoserviskljakic.com\/masine\/tarupi-malceri\/traktorski-tarupi-malceri\/#breadcrumb"},"inLanguage":"hr","potentialAction":[{"@type":"ReadAction","target":["https:\/\/kopija.poljoserviskljakic.com\/masine\/tarupi-malceri\/traktorski-tarupi-malceri\/"]}]},{"@type":"BreadcrumbList","@id":"https:\/\/kopija.poljoserviskljakic.com\/masine\/tarupi-malceri\/traktorski-tarupi-malceri\/#breadcrumb","itemListElement":[{"@type":"ListItem","position":1,"name":"Po\u010detna","item":"https:\/\/kopija.poljoserviskljakic.com\/"},{"@type":"ListItem","position":2,"name":"Ma\u0161ine","item":"https:\/\/kopija.poljoserviskljakic.com\/hu\/gepek\/"},{"@type":"ListItem","position":3,"name":"Tarupi\/mal\u010deri","item":"https:\/\/kopija.poljoserviskljakic.com\/masine\/tarupi-malceri\/"},{"@type":"ListItem","position":4,"name":"Traktorski tarupi\/mal\u010deri"}]},{"@type":"WebSite","@id":"https:\/\/kopija.poljoserviskljakic.com\/ru\/#website","url":"https:\/\/kopija.poljoserviskljakic.com\/ru\/","name":"Poljoservis Kljaki\u0107","description":"Servis i prodaja poljoprivredne opreme","publisher":{"@id":"https:\/\/kopija.poljoserviskljakic.com\/ru\/#organization"},"potentialAction":[{"@type":"SearchAction","target":{"@type":"EntryPoint","urlTemplate":"https:\/\/kopija.poljoserviskljakic.com\/ru\/?s={search_term_string}"},"query-input":{"@type":"PropertyValueSpecification","valueRequired":true,"valueName":"search_term_string"}}],"inLanguage":"hr"},{"@type":"Organization","@id":"https:\/\/kopija.poljoserviskljakic.com\/ru\/#organization","name":"Poljoservis Kljaki\u0107","url":"https:\/\/kopija.poljoserviskljakic.com\/ru\/","logo":{"@type":"ImageObject","inLanguage":"hr","@id":"https:\/\/kopija.poljoserviskljakic.com\/ru\/#\/schema\/logo\/image\/","url":"https:\/\/kopija.poljoserviskljakic.com\/wp-content\/uploads\/2024\/06\/logo-e1717595433124.png","contentUrl":"https:\/\/kopija.poljoserviskljakic.com\/wp-content\/uploads\/2024\/06\/logo-e1717595433124.png","width":491,"height":130,"caption":"Poljoservis Kljaki\u0107"},"image":{"@id":"https:\/\/kopija.poljoserviskljakic.com\/ru\/#\/schema\/logo\/image\/"},"sameAs":["https:\/\/www.instagram.com\/poljoserviskljakic\/"]}]}},"_links":{"self":[{"href":"https:\/\/kopija.poljoserviskljakic.com\/hr\/wp-json\/wp\/v2\/pages\/1022","targetHints":{"allow":["GET"]}}],"collection":[{"href":"https:\/\/kopija.poljoserviskljakic.com\/hr\/wp-json\/wp\/v2\/pages"}],"about":[{"href":"https:\/\/kopija.poljoserviskljakic.com\/hr\/wp-json\/wp\/v2\/types\/page"}],"author":[{"embeddable":true,"href":"https:\/\/kopija.poljoserviskljakic.com\/hr\/wp-json\/wp\/v2\/users\/2"}],"replies":[{"embeddable":true,"href":"https:\/\/kopija.poljoserviskljakic.com\/hr\/wp-json\/wp\/v2\/comments?post=1022"}],"version-history":[{"count":28,"href":"https:\/\/kopija.poljoserviskljakic.com\/hr\/wp-json\/wp\/v2\/pages\/1022\/revisions"}],"predecessor-version":[{"id":3637,"href":"https:\/\/kopija.poljoserviskljakic.com\/hr\/wp-json\/wp\/v2\/pages\/1022\/revisions\/3637"}],"up":[{"embeddable":true,"href":"https:\/\/kopija.poljoserviskljakic.com\/hr\/wp-json\/wp\/v2\/pages\/303"}],"wp:attachment":[{"href":"https:\/\/kopija.poljoserviskljakic.com\/hr\/wp-json\/wp\/v2\/media?parent=1022"}],"curies":[{"name":"radni list","href":"https:\/\/api.w.org\/{rel}","templated":true}]}}