{"id":486,"date":"2024-06-18T12:16:40","date_gmt":"2024-06-18T12:16:40","guid":{"rendered":"https:\/\/kljajic.element-web.com\/?page_id=486"},"modified":"2026-03-03T09:18:51","modified_gmt":"2026-03-03T09:18:51","slug":"kolica-za-voce-jabuka","status":"publish","type":"page","link":"https:\/\/kopija.poljoserviskljakic.com\/hr\/masine\/vocarske-masine\/vocarska-kolica-apple\/","title":{"rendered":"Kolica za vo\u0107e JABUKA"},"content":{"rendered":"\t\t<div data-elementor-type=\"wp-page\" data-elementor-id=\"486\" class=\"elementor elementor-486\" data-elementor-post-type=\"page\">\n\t\t\t\t<div class=\"elementor-element elementor-element-92ccc4e e-flex e-con-boxed e-con e-parent\" data-id=\"92ccc4e\" data-element_type=\"container\" data-e-type=\"container\" data-settings=\"{&quot;background_background&quot;:&quot;classic&quot;}\">\n\t\t\t\t\t<div class=\"e-con-inner\">\n\t\t\t\t<div class=\"elementor-element elementor-element-5734db6 elementor-widget elementor-widget-heading\" data-id=\"5734db6\" data-element_type=\"widget\" data-e-type=\"widget\" data-widget_type=\"heading.default\">\n\t\t\t\t<div class=\"elementor-widget-container\">\n\t\t\t\t\t<h1 class=\"elementor-heading-title elementor-size-default\">SAMOUTOVARNA KOLICA TECNOFRUIT\n<\/h1>\t\t\t\t<\/div>\n\t\t\t\t<\/div>\n\t\t\t\t\t<\/div>\n\t\t\t\t<\/div>\n\t\t<div class=\"elementor-element elementor-element-df96e73 e-flex e-con-boxed e-con e-parent\" data-id=\"df96e73\" data-element_type=\"container\" data-e-type=\"container\">\n\t\t\t\t\t<div class=\"e-con-inner\">\n\t\t<div class=\"elementor-element elementor-element-0ca3818 e-con-full e-flex e-con e-child\" data-id=\"0ca3818\" data-element_type=\"container\" data-e-type=\"container\">\n\t\t\t\t<div class=\"elementor-element elementor-element-ceac2a3 elementor-drop-cap-yes elementor-drop-cap-view-default elementor-widget elementor-widget-text-editor\" data-id=\"ceac2a3\" data-element_type=\"widget\" data-e-type=\"widget\" data-settings=\"{&quot;drop_cap&quot;:&quot;yes&quot;}\" data-widget_type=\"text-editor.default\">\n\t\t\t\t<div class=\"elementor-widget-container\">\n\t\t\t\t\t\t\t\t\t<p data-start=\"288\" data-end=\"678\"><strong data-start=\"338\" data-end=\"384\">Samoutovariva kolica za box-eve<\/strong> dizajnirana su da olak\u0161aju i ubrzaju rad u vo\u0107njaku. Ovaj model omogu\u0107ava <strong data-start=\"469\" data-end=\"533\">hidrauli\u010dko automatsko utovaranje i istovaranje box-eva<\/strong>, sa sistemom <strong data-start=\"547\" data-end=\"639\">antikorozivnih lanca i pode\u0161avaju\u0107om visinom radu uz pomo\u0107 hidrauli\u010dnih cilindra<\/strong>.\u00a0<\/p><p data-start=\"680\" data-end=\"999\">Ma\u0161ina je dostupna u verzijama sa kapacitetom od <strong data-start=\"729\" data-end=\"756\">4 ili 5 box-eva<\/strong>, uklju\u010duju\u0107i i varijantu koja je homologovana za <strong data-start=\"806\" data-end=\"838\">saobra\u0107aj na javnim putevima<\/strong>. Hidrauli\u010dki pode\u0161iva\u010d visine i <strong data-start=\"871\" data-end=\"901\">pneumatici niskog pritiska<\/strong> omogu\u0107avaju lak i siguran transport bez jakog zbijanja tla.\u00a0<\/p><p data-start=\"1001\" data-end=\"1247\">Samoutovarna kolica su namenjena za <strong data-start=\"1050\" data-end=\"1131\">efikasno upravljanje logistikom box-eva tokom berbe i transporta vo\u0107a<\/strong>, zna\u010dajno smanjuju\u0107i vreme i fizi\u010dki napor pri radu u vo\u0107njacima.<\/p>\t\t\t\t\t\t\t\t<\/div>\n\t\t\t\t<\/div>\n\t\t\t\t<div class=\"elementor-element elementor-element-4f78722 elementor-align-left elementor-mobile-align-justify elementor-widget-mobile__width-inherit elementor-widget elementor-widget-button\" data-id=\"4f78722\" data-element_type=\"widget\" data-e-type=\"widget\" data-widget_type=\"button.default\">\n\t\t\t\t<div class=\"elementor-widget-container\">\n\t\t\t\t\t\t\t\t\t<div class=\"elementor-button-wrapper\">\n\t\t\t\t\t<a class=\"elementor-button elementor-button-link elementor-size-sm\" href=\"#elementor-action%3Aaction%3Dpopup%3Aopen%26settings%3DeyJpZCI6IjQ1MyIsInRvZ2dsZSI6ZmFsc2V9\">\n\t\t\t\t\t\t<span class=\"elementor-button-content-wrapper\">\n\t\t\t\t\t\t\t\t\t<span class=\"elementor-button-text\">Po\u0161aljite upit<\/span>\n\t\t\t\t\t<\/span>\n\t\t\t\t\t<\/a>\n\t\t\t\t<\/div>\n\t\t\t\t\t\t\t\t<\/div>\n\t\t\t\t<\/div>\n\t\t\t\t<\/div>\n\t\t<div class=\"elementor-element elementor-element-fd13d07 e-con-full e-flex e-con e-child\" data-id=\"fd13d07\" data-element_type=\"container\" data-e-type=\"container\">\n\t\t\t\t<div class=\"elementor-element elementor-element-a7df4f2 elementor-widget-tablet__width-inherit elementor-widget__width-inherit elementor-widget elementor-widget-image\" data-id=\"a7df4f2\" data-element_type=\"widget\" data-e-type=\"widget\" data-widget_type=\"image.default\">\n\t\t\t\t<div class=\"elementor-widget-container\">\n\t\t\t\t\t\t\t\t\t\t\t\t\t\t\t<img fetchpriority=\"high\" decoding=\"async\" width=\"1000\" height=\"1000\" src=\"https:\/\/kopija.poljoserviskljakic.com\/wp-content\/uploads\/2026\/01\/BINS-TROLLEY-1.webp\" class=\"attachment-full size-full wp-image-3532\" alt=\"\" srcset=\"https:\/\/kopija.poljoserviskljakic.com\/wp-content\/uploads\/2026\/01\/BINS-TROLLEY-1.webp 1000w, https:\/\/kopija.poljoserviskljakic.com\/wp-content\/uploads\/2026\/01\/BINS-TROLLEY-1-300x300.webp 300w, https:\/\/kopija.poljoserviskljakic.com\/wp-content\/uploads\/2026\/01\/BINS-TROLLEY-1-150x150.webp 150w, https:\/\/kopija.poljoserviskljakic.com\/wp-content\/uploads\/2026\/01\/BINS-TROLLEY-1-768x768.webp 768w, https:\/\/kopija.poljoserviskljakic.com\/wp-content\/uploads\/2026\/01\/BINS-TROLLEY-1-12x12.webp 12w\" sizes=\"(max-width: 1000px) 100vw, 1000px\" \/>\t\t\t\t\t\t\t\t\t\t\t\t\t\t\t<\/div>\n\t\t\t\t<\/div>\n\t\t\t\t<\/div>\n\t\t\t\t<div class=\"elementor-element elementor-element-b4cc2bd elementor-absolute elementor-widget elementor-widget-image\" data-id=\"b4cc2bd\" data-element_type=\"widget\" data-e-type=\"widget\" data-settings=\"{&quot;_position&quot;:&quot;absolute&quot;,&quot;motion_fx_motion_fx_scrolling&quot;:&quot;yes&quot;,&quot;motion_fx_translateX_effect&quot;:&quot;yes&quot;,&quot;motion_fx_translateX_speed&quot;:{&quot;unit&quot;:&quot;px&quot;,&quot;size&quot;:4,&quot;sizes&quot;:[]},&quot;motion_fx_translateX_affectedRange&quot;:{&quot;unit&quot;:&quot;%&quot;,&quot;size&quot;:&quot;&quot;,&quot;sizes&quot;:{&quot;start&quot;:0,&quot;end&quot;:100}},&quot;motion_fx_devices&quot;:[&quot;desktop&quot;,&quot;laptop&quot;,&quot;tablet&quot;,&quot;mobile&quot;]}\" data-widget_type=\"image.default\">\n\t\t\t\t<div class=\"elementor-widget-container\">\n\t\t\t\t\t\t\t\t\t\t\t\t\t\t\t<img decoding=\"async\" width=\"512\" height=\"512\" data-src=\"https:\/\/kopija.poljoserviskljakic.com\/wp-content\/uploads\/2024\/06\/favicon1.png\" class=\"attachment-full size-full wp-image-420 lazyload\" alt=\"\" data-srcset=\"https:\/\/kopija.poljoserviskljakic.com\/wp-content\/uploads\/2024\/06\/favicon1.png 512w, https:\/\/kopija.poljoserviskljakic.com\/wp-content\/uploads\/2024\/06\/favicon1-300x300.png 300w, https:\/\/kopija.poljoserviskljakic.com\/wp-content\/uploads\/2024\/06\/favicon1-150x150.png 150w\" data-sizes=\"(max-width: 512px) 100vw, 512px\" src=\"data:image\/svg+xml;base64,PHN2ZyB3aWR0aD0iMSIgaGVpZ2h0PSIxIiB4bWxucz0iaHR0cDovL3d3dy53My5vcmcvMjAwMC9zdmciPjwvc3ZnPg==\" style=\"--smush-placeholder-width: 512px; --smush-placeholder-aspect-ratio: 512\/512;\" \/>\t\t\t\t\t\t\t\t\t\t\t\t\t\t\t<\/div>\n\t\t\t\t<\/div>\n\t\t\t\t\t<\/div>\n\t\t\t\t<\/div>\n\t\t<div class=\"elementor-element elementor-element-d06aefe e-flex e-con-boxed e-con e-parent\" data-id=\"d06aefe\" data-element_type=\"container\" data-e-type=\"container\" data-settings=\"{&quot;background_background&quot;:&quot;classic&quot;}\">\n\t\t\t\t\t<div class=\"e-con-inner\">\n\t\t\t\t<div class=\"elementor-element elementor-element-07b4f9c elementor-widget elementor-widget-heading\" data-id=\"07b4f9c\" data-element_type=\"widget\" data-e-type=\"widget\" data-widget_type=\"heading.default\">\n\t\t\t\t<div class=\"elementor-widget-container\">\n\t\t\t\t\t<span class=\"elementor-heading-title elementor-size-default\">Poljoservis Kljaki\u0107<\/span>\t\t\t\t<\/div>\n\t\t\t\t<\/div>\n\t\t\t\t<div class=\"elementor-element elementor-element-70c4f14 elementor-widget__width-initial elementor-widget-tablet__width-inherit elementor-widget elementor-widget-heading\" data-id=\"70c4f14\" data-element_type=\"widget\" data-e-type=\"widget\" data-widget_type=\"heading.default\">\n\t\t\t\t<div class=\"elementor-widget-container\">\n\t\t\t\t\t<h2 class=\"elementor-heading-title elementor-size-default\">Potreban Vam je ekspert za poljoprivredne ma\u0161ine?<\/h2>\t\t\t\t<\/div>\n\t\t\t\t<\/div>\n\t\t\t\t<div class=\"elementor-element elementor-element-9c5c93d elementor-align-center elementor-mobile-align-justify elementor-widget-mobile__width-inherit elementor-widget elementor-widget-button\" data-id=\"9c5c93d\" data-element_type=\"widget\" data-e-type=\"widget\" data-widget_type=\"button.default\">\n\t\t\t\t<div class=\"elementor-widget-container\">\n\t\t\t\t\t\t\t\t\t<div class=\"elementor-button-wrapper\">\n\t\t\t\t\t<a class=\"elementor-button elementor-button-link elementor-size-sm\" href=\"https:\/\/kopija.poljoserviskljakic.com\/hr\/kontakt\/\">\n\t\t\t\t\t\t<span class=\"elementor-button-content-wrapper\">\n\t\t\t\t\t\t\t\t\t<span class=\"elementor-button-text\">Kontaktirajte nas<\/span>\n\t\t\t\t\t<\/span>\n\t\t\t\t\t<\/a>\n\t\t\t\t<\/div>\n\t\t\t\t\t\t\t\t<\/div>\n\t\t\t\t<\/div>\n\t\t\t\t\t<\/div>\n\t\t\t\t<\/div>\n\t\t\t\t<\/div>\n\t\t","protected":false},"excerpt":{"rendered":"<p>SAMOUTOVARNA KOLICA TECNOFRUIT Samoutovariva kolica za box-eve dizajnirana su da olak\u0161aju i ubrzaju rad u vo\u0107njaku. Ovaj model omogu\u0107ava hidrauli\u010dko automatsko utovaranje i istovaranje box-eva, sa sistemom antikorozivnih lanca i pode\u0161avaju\u0107om visinom radu uz pomo\u0107 hidrauli\u010dnih cilindra. Ma\u0161ina je dostupna u verzijama sa kapacitetom od 4 ili 5 box-eva, uklju\u010duju\u0107i i varijantu koja je homologovana [&hellip;]<\/p>\n","protected":false},"author":2,"featured_media":0,"parent":299,"menu_order":0,"comment_status":"closed","ping_status":"closed","template":"","meta":{"content-type":"","footnotes":""},"class_list":["post-486","page","type-page","status-publish","hentry"],"yoast_head":"<!-- This site is optimized with the Yoast SEO plugin v27.1.1 - https:\/\/yoast.com\/product\/yoast-seo-wordpress\/ -->\n<title>Vo\u0107arska kolica APPLE - Poljoservis Kljaki\u0107<\/title>\n<meta name=\"description\" content=\"Samoutovarna vo\u0107arska kolica Apple za boxeve sa hidrauli\u010dkim automatskim utovarom i istovarom. Efikasno upravljanje berbom i transportom vo\u0107a uz minimalan fizi\u010dki napor i o\u010duvanje tla.\" \/>\n<meta name=\"robots\" content=\"index, follow, max-snippet:-1, max-image-preview:large, max-video-preview:-1\" \/>\n<link rel=\"canonical\" href=\"https:\/\/kopija.poljoserviskljakic.com\/hr\/strojevi\/strojevi-za-voce\/kolica-za-voce-jabuka\/\" \/>\n<meta property=\"og:locale\" content=\"hr_HR\" \/>\n<meta property=\"og:type\" content=\"article\" \/>\n<meta property=\"og:title\" content=\"Vo\u0107arska kolica APPLE - Poljoservis Kljaki\u0107\" \/>\n<meta property=\"og:description\" content=\"Samoutovarna vo\u0107arska kolica Apple za boxeve sa hidrauli\u010dkim automatskim utovarom i istovarom. Efikasno upravljanje berbom i transportom vo\u0107a uz minimalan fizi\u010dki napor i o\u010duvanje tla.\" \/>\n<meta property=\"og:url\" content=\"https:\/\/kopija.poljoserviskljakic.com\/hr\/strojevi\/strojevi-za-voce\/kolica-za-voce-jabuka\/\" \/>\n<meta property=\"og:site_name\" content=\"Poljoservis Kljaki\u0107\" \/>\n<meta property=\"article:modified_time\" content=\"2026-03-03T09:18:51+00:00\" \/>\n<meta property=\"og:image\" content=\"https:\/\/kopija.poljoserviskljakic.com\/wp-content\/uploads\/2026\/01\/BINS-TROLLEY-1.webp\" \/>\n<meta name=\"twitter:card\" content=\"summary_large_image\" \/>\n<meta name=\"twitter:label1\" content=\"Procijenjeno vrijeme \u010ditanja\" \/>\n\t<meta name=\"twitter:data1\" content=\"2 minute\" \/>\n<script type=\"application\/ld+json\" class=\"yoast-schema-graph\">{\"@context\":\"https:\/\/schema.org\",\"@graph\":[{\"@type\":\"WebPage\",\"@id\":\"https:\/\/kopija.poljoserviskljakic.com\/masine\/vocarske-masine\/vocarska-kolica-apple\/\",\"url\":\"https:\/\/kopija.poljoserviskljakic.com\/masine\/vocarske-masine\/vocarska-kolica-apple\/\",\"name\":\"Vo\u0107arska kolica APPLE - Poljoservis Kljaki\u0107\",\"isPartOf\":{\"@id\":\"https:\/\/kopija.poljoserviskljakic.com\/ru\/#website\"},\"primaryImageOfPage\":{\"@id\":\"https:\/\/kopija.poljoserviskljakic.com\/masine\/vocarske-masine\/vocarska-kolica-apple\/#primaryimage\"},\"image\":{\"@id\":\"https:\/\/kopija.poljoserviskljakic.com\/masine\/vocarske-masine\/vocarska-kolica-apple\/#primaryimage\"},\"thumbnailUrl\":\"https:\/\/kopija.poljoserviskljakic.com\/wp-content\/uploads\/2026\/01\/BINS-TROLLEY-1.webp\",\"datePublished\":\"2024-06-18T12:16:40+00:00\",\"dateModified\":\"2026-03-03T09:18:51+00:00\",\"description\":\"Samoutovarna vo\u0107arska kolica Apple za boxeve sa hidrauli\u010dkim automatskim utovarom i istovarom. Efikasno upravljanje berbom i transportom vo\u0107a uz minimalan fizi\u010dki napor i o\u010duvanje tla.\",\"breadcrumb\":{\"@id\":\"https:\/\/kopija.poljoserviskljakic.com\/masine\/vocarske-masine\/vocarska-kolica-apple\/#breadcrumb\"},\"inLanguage\":\"hr\",\"potentialAction\":[{\"@type\":\"ReadAction\",\"target\":[\"https:\/\/kopija.poljoserviskljakic.com\/masine\/vocarske-masine\/vocarska-kolica-apple\/\"]}]},{\"@type\":\"ImageObject\",\"inLanguage\":\"hr\",\"@id\":\"https:\/\/kopija.poljoserviskljakic.com\/masine\/vocarske-masine\/vocarska-kolica-apple\/#primaryimage\",\"url\":\"https:\/\/kopija.poljoserviskljakic.com\/wp-content\/uploads\/2026\/01\/BINS-TROLLEY-1.webp\",\"contentUrl\":\"https:\/\/kopija.poljoserviskljakic.com\/wp-content\/uploads\/2026\/01\/BINS-TROLLEY-1.webp\"},{\"@type\":\"BreadcrumbList\",\"@id\":\"https:\/\/kopija.poljoserviskljakic.com\/masine\/vocarske-masine\/vocarska-kolica-apple\/#breadcrumb\",\"itemListElement\":[{\"@type\":\"ListItem\",\"position\":1,\"name\":\"Po\u010detna\",\"item\":\"https:\/\/kopija.poljoserviskljakic.com\/\"},{\"@type\":\"ListItem\",\"position\":2,\"name\":\"Ma\u0161ine\",\"item\":\"https:\/\/kopija.poljoserviskljakic.com\/hu\/gepek\/\"},{\"@type\":\"ListItem\",\"position\":3,\"name\":\"Vo\u0107arske ma\u0161ine\",\"item\":\"https:\/\/kopija.poljoserviskljakic.com\/masine\/vocarske-masine\/\"},{\"@type\":\"ListItem\",\"position\":4,\"name\":\"Vo\u0107arska kolica APPLE\"}]},{\"@type\":\"WebSite\",\"@id\":\"https:\/\/kopija.poljoserviskljakic.com\/ru\/#website\",\"url\":\"https:\/\/kopija.poljoserviskljakic.com\/ru\/\",\"name\":\"Poljoservis Kljaki\u0107\",\"description\":\"Servis i prodaja poljoprivredne opreme\",\"publisher\":{\"@id\":\"https:\/\/kopija.poljoserviskljakic.com\/ru\/#organization\"},\"potentialAction\":[{\"@type\":\"SearchAction\",\"target\":{\"@type\":\"EntryPoint\",\"urlTemplate\":\"https:\/\/kopija.poljoserviskljakic.com\/ru\/?s={search_term_string}\"},\"query-input\":{\"@type\":\"PropertyValueSpecification\",\"valueRequired\":true,\"valueName\":\"search_term_string\"}}],\"inLanguage\":\"hr\"},{\"@type\":\"Organization\",\"@id\":\"https:\/\/kopija.poljoserviskljakic.com\/ru\/#organization\",\"name\":\"Poljoservis Kljaki\u0107\",\"url\":\"https:\/\/kopija.poljoserviskljakic.com\/ru\/\",\"logo\":{\"@type\":\"ImageObject\",\"inLanguage\":\"hr\",\"@id\":\"https:\/\/kopija.poljoserviskljakic.com\/ru\/#\/schema\/logo\/image\/\",\"url\":\"https:\/\/kopija.poljoserviskljakic.com\/wp-content\/uploads\/2024\/06\/logo-e1717595433124.png\",\"contentUrl\":\"https:\/\/kopija.poljoserviskljakic.com\/wp-content\/uploads\/2024\/06\/logo-e1717595433124.png\",\"width\":491,\"height\":130,\"caption\":\"Poljoservis Kljaki\u0107\"},\"image\":{\"@id\":\"https:\/\/kopija.poljoserviskljakic.com\/ru\/#\/schema\/logo\/image\/\"},\"sameAs\":[\"https:\/\/www.instagram.com\/poljoserviskljakic\/\"]}]}<\/script>\n<!-- \/ Yoast SEO plugin. -->","yoast_head_json":{"title":"Vo\u0107arska kolica JABUKA - Poljoservis Kljaki\u0107","description":"Samoutovarna vo\u0107arska kolica Apple za boxeve sa hidrauli\u010dkim automatskim utovarom i istovarom. Efikasno upravljanje berbom i transportom vo\u0107a uz minimalan fizi\u010dki napor i o\u010duvanje tla.","robots":{"index":"index","follow":"follow","max-snippet":"max-snippet:-1","max-image-preview":"max-image-preview:large","max-video-preview":"max-video-preview:-1"},"canonical":"https:\/\/kopija.poljoserviskljakic.com\/hr\/strojevi\/strojevi-za-voce\/kolica-za-voce-jabuka\/","og_locale":"hr_HR","og_type":"article","og_title":"Vo\u0107arska kolica APPLE - Poljoservis Kljaki\u0107","og_description":"Samoutovarna vo\u0107arska kolica Apple za boxeve sa hidrauli\u010dkim automatskim utovarom i istovarom. Efikasno upravljanje berbom i transportom vo\u0107a uz minimalan fizi\u010dki napor i o\u010duvanje tla.","og_url":"https:\/\/kopija.poljoserviskljakic.com\/hr\/strojevi\/strojevi-za-voce\/kolica-za-voce-jabuka\/","og_site_name":"Poljoservis Kljaki\u0107","article_modified_time":"2026-03-03T09:18:51+00:00","og_image":[{"url":"https:\/\/kopija.poljoserviskljakic.com\/wp-content\/uploads\/2026\/01\/BINS-TROLLEY-1.webp","type":"","width":"","height":""}],"twitter_card":"summary_large_image","twitter_misc":{"Procijenjeno vrijeme \u010ditanja":"2 minute"},"schema":{"@context":"https:\/\/schema.org","@graph":[{"@type":"WebPage","@id":"https:\/\/kopija.poljoserviskljakic.com\/masine\/vocarske-masine\/vocarska-kolica-apple\/","url":"https:\/\/kopija.poljoserviskljakic.com\/masine\/vocarske-masine\/vocarska-kolica-apple\/","name":"Vo\u0107arska kolica JABUKA - Poljoservis Kljaki\u0107","isPartOf":{"@id":"https:\/\/kopija.poljoserviskljakic.com\/ru\/#website"},"primaryImageOfPage":{"@id":"https:\/\/kopija.poljoserviskljakic.com\/masine\/vocarske-masine\/vocarska-kolica-apple\/#primaryimage"},"image":{"@id":"https:\/\/kopija.poljoserviskljakic.com\/masine\/vocarske-masine\/vocarska-kolica-apple\/#primaryimage"},"thumbnailUrl":"https:\/\/kopija.poljoserviskljakic.com\/wp-content\/uploads\/2026\/01\/BINS-TROLLEY-1.webp","datePublished":"2024-06-18T12:16:40+00:00","dateModified":"2026-03-03T09:18:51+00:00","description":"Samoutovarna vo\u0107arska kolica Apple za boxeve sa hidrauli\u010dkim automatskim utovarom i istovarom. Efikasno upravljanje berbom i transportom vo\u0107a uz minimalan fizi\u010dki napor i o\u010duvanje tla.","breadcrumb":{"@id":"https:\/\/kopija.poljoserviskljakic.com\/masine\/vocarske-masine\/vocarska-kolica-apple\/#breadcrumb"},"inLanguage":"hr","potentialAction":[{"@type":"ReadAction","target":["https:\/\/kopija.poljoserviskljakic.com\/masine\/vocarske-masine\/vocarska-kolica-apple\/"]}]},{"@type":"ImageObject","inLanguage":"hr","@id":"https:\/\/kopija.poljoserviskljakic.com\/masine\/vocarske-masine\/vocarska-kolica-apple\/#primaryimage","url":"https:\/\/kopija.poljoserviskljakic.com\/wp-content\/uploads\/2026\/01\/BINS-TROLLEY-1.webp","contentUrl":"https:\/\/kopija.poljoserviskljakic.com\/wp-content\/uploads\/2026\/01\/BINS-TROLLEY-1.webp"},{"@type":"BreadcrumbList","@id":"https:\/\/kopija.poljoserviskljakic.com\/masine\/vocarske-masine\/vocarska-kolica-apple\/#breadcrumb","itemListElement":[{"@type":"ListItem","position":1,"name":"Po\u010detna","item":"https:\/\/kopija.poljoserviskljakic.com\/"},{"@type":"ListItem","position":2,"name":"Ma\u0161ine","item":"https:\/\/kopija.poljoserviskljakic.com\/hu\/gepek\/"},{"@type":"ListItem","position":3,"name":"Vo\u0107arske ma\u0161ine","item":"https:\/\/kopija.poljoserviskljakic.com\/masine\/vocarske-masine\/"},{"@type":"ListItem","position":4,"name":"Vo\u0107arska kolica APPLE"}]},{"@type":"WebSite","@id":"https:\/\/kopija.poljoserviskljakic.com\/ru\/#website","url":"https:\/\/kopija.poljoserviskljakic.com\/ru\/","name":"Poljoservis Kljaki\u0107","description":"Servis i prodaja poljoprivredne opreme","publisher":{"@id":"https:\/\/kopija.poljoserviskljakic.com\/ru\/#organization"},"potentialAction":[{"@type":"SearchAction","target":{"@type":"EntryPoint","urlTemplate":"https:\/\/kopija.poljoserviskljakic.com\/ru\/?s={search_term_string}"},"query-input":{"@type":"PropertyValueSpecification","valueRequired":true,"valueName":"search_term_string"}}],"inLanguage":"hr"},{"@type":"Organization","@id":"https:\/\/kopija.poljoserviskljakic.com\/ru\/#organization","name":"Poljoservis Kljaki\u0107","url":"https:\/\/kopija.poljoserviskljakic.com\/ru\/","logo":{"@type":"ImageObject","inLanguage":"hr","@id":"https:\/\/kopija.poljoserviskljakic.com\/ru\/#\/schema\/logo\/image\/","url":"https:\/\/kopija.poljoserviskljakic.com\/wp-content\/uploads\/2024\/06\/logo-e1717595433124.png","contentUrl":"https:\/\/kopija.poljoserviskljakic.com\/wp-content\/uploads\/2024\/06\/logo-e1717595433124.png","width":491,"height":130,"caption":"Poljoservis Kljaki\u0107"},"image":{"@id":"https:\/\/kopija.poljoserviskljakic.com\/ru\/#\/schema\/logo\/image\/"},"sameAs":["https:\/\/www.instagram.com\/poljoserviskljakic\/"]}]}},"_links":{"self":[{"href":"https:\/\/kopija.poljoserviskljakic.com\/hr\/wp-json\/wp\/v2\/pages\/486","targetHints":{"allow":["GET"]}}],"collection":[{"href":"https:\/\/kopija.poljoserviskljakic.com\/hr\/wp-json\/wp\/v2\/pages"}],"about":[{"href":"https:\/\/kopija.poljoserviskljakic.com\/hr\/wp-json\/wp\/v2\/types\/page"}],"author":[{"embeddable":true,"href":"https:\/\/kopija.poljoserviskljakic.com\/hr\/wp-json\/wp\/v2\/users\/2"}],"replies":[{"embeddable":true,"href":"https:\/\/kopija.poljoserviskljakic.com\/hr\/wp-json\/wp\/v2\/comments?post=486"}],"version-history":[{"count":42,"href":"https:\/\/kopija.poljoserviskljakic.com\/hr\/wp-json\/wp\/v2\/pages\/486\/revisions"}],"predecessor-version":[{"id":3697,"href":"https:\/\/kopija.poljoserviskljakic.com\/hr\/wp-json\/wp\/v2\/pages\/486\/revisions\/3697"}],"up":[{"embeddable":true,"href":"https:\/\/kopija.poljoserviskljakic.com\/hr\/wp-json\/wp\/v2\/pages\/299"}],"wp:attachment":[{"href":"https:\/\/kopija.poljoserviskljakic.com\/hr\/wp-json\/wp\/v2\/media?parent=486"}],"curies":[{"name":"radni list","href":"https:\/\/api.w.org\/{rel}","templated":true}]}}