{"id":490,"date":"2024-06-18T12:17:13","date_gmt":"2024-06-18T12:17:13","guid":{"rendered":"https:\/\/kljajic.element-web.com\/?page_id=490"},"modified":"2026-03-03T09:42:34","modified_gmt":"2026-03-03T09:42:34","slug":"motalica","status":"publish","type":"page","link":"https:\/\/kopija.poljoserviskljakic.com\/hr\/masine\/vocarske-masine\/motalica\/","title":{"rendered":"Motalica"},"content":{"rendered":"\t\t<div data-elementor-type=\"wp-page\" data-elementor-id=\"490\" class=\"elementor elementor-490\" data-elementor-post-type=\"page\">\n\t\t\t\t<div class=\"elementor-element elementor-element-d807779 e-flex e-con-boxed e-con e-parent\" data-id=\"d807779\" data-element_type=\"container\" data-e-type=\"container\" data-settings=\"{&quot;background_background&quot;:&quot;classic&quot;}\">\n\t\t\t\t\t<div class=\"e-con-inner\">\n\t\t\t\t<div class=\"elementor-element elementor-element-3913a6c elementor-widget elementor-widget-heading\" data-id=\"3913a6c\" data-element_type=\"widget\" data-e-type=\"widget\" data-widget_type=\"heading.default\">\n\t\t\t\t<div class=\"elementor-widget-container\">\n\t\t\t\t\t<h1 class=\"elementor-heading-title elementor-size-default\">MOTALICA<\/h1>\t\t\t\t<\/div>\n\t\t\t\t<\/div>\n\t\t\t\t\t<\/div>\n\t\t\t\t<\/div>\n\t\t<div class=\"elementor-element elementor-element-c5b63e0 e-flex e-con-boxed e-con e-parent\" data-id=\"c5b63e0\" data-element_type=\"container\" data-e-type=\"container\">\n\t\t\t\t\t<div class=\"e-con-inner\">\n\t\t<div class=\"elementor-element elementor-element-dc4bbdc e-con-full e-flex e-con e-child\" data-id=\"dc4bbdc\" data-element_type=\"container\" data-e-type=\"container\">\n\t\t\t\t<div class=\"elementor-element elementor-element-83f6dd3 elementor-drop-cap-yes elementor-drop-cap-view-default elementor-widget elementor-widget-text-editor\" data-id=\"83f6dd3\" data-element_type=\"widget\" data-e-type=\"widget\" data-settings=\"{&quot;drop_cap&quot;:&quot;yes&quot;}\" data-widget_type=\"text-editor.default\">\n\t\t\t\t<div class=\"elementor-widget-container\">\n\t\t\t\t\t\t\t\t\t<span style=\"font-size: 17px;\">Motalica je namenjena <\/span><strong style=\"font-size: 17px;\" data-start=\"265\" data-end=\"323\">namotavanju i odmotavanju creva za navodnjavanje i protivgradnih mre\u017ea<\/strong><span style=\"font-size: 17px;\"> koje se koriste u vo\u0107arstvu i povrtarstvu. Ma\u0161ina je projektovana za rad sa razli\u010ditim tipovima materijala i kotura, omogu\u0107avaju\u0107i kontrolisan i bezbedan rad na terenu.<\/span><br><br>\n<p data-start=\"508\" data-end=\"894\">Ma\u0161ina je opremljena <strong data-start=\"528\" data-end=\"570\">sistemom za regulaciju brzine rotacije<\/strong>, \u0161to omogu\u0107ava prilago\u0111avanje rada u zavisnosti od vrste i du\u017eine materijala. Predvi\u0111ena je i <strong data-start=\"665\" data-end=\"699\">mogu\u0107nost ru\u010dnog otklju\u010davanja<\/strong>, \u010dime se olak\u0161ava odmotavanje direktno u zasadu. Konstrukcija omogu\u0107ava rad sa koturima <strong data-start=\"788\" data-end=\"828\">unutra\u0161njeg pre\u010dnika od 60 do 700 mm<\/strong>, dok maksimalni spolja\u0161nji pre\u010dnik mo\u017ee dosti\u0107i oko <strong data-start=\"881\" data-end=\"893\">1.300 mm<\/strong>.<\/p>\n<p data-start=\"896\" data-end=\"929\">Ma\u0161ina se koristi prvenstveno za:<\/p>\n\n<ul data-start=\"930\" data-end=\"1123\">\n \t<li data-start=\"930\" data-end=\"990\">\n<p data-start=\"932\" data-end=\"990\">sisteme za navodnjavanje (creva i kap po kap sistemi),<\/p>\n<\/li>\n \t<li data-start=\"1027\" data-end=\"1073\">\n<p data-start=\"1029\" data-end=\"1073\">mre\u017ee protiv grada i druge za\u0161titne sisteme.<\/p>\n<\/li>\n<\/ul>\n<p data-start=\"1125\" data-end=\"1315\">Zahvaljuju\u0107i robusnoj konstrukciji i jednostavnom principu rada motalica omogu\u0107ava smanjenje vremena rada i fizi\u010dkog optere\u0107enja, uz uredno skladi\u0161tenje opreme van sezone.<\/p>\t\t\t\t\t\t\t\t<\/div>\n\t\t\t\t<\/div>\n\t\t\t\t<div class=\"elementor-element elementor-element-63289ab elementor-align-left elementor-mobile-align-justify elementor-widget-mobile__width-inherit elementor-widget elementor-widget-button\" data-id=\"63289ab\" data-element_type=\"widget\" data-e-type=\"widget\" data-widget_type=\"button.default\">\n\t\t\t\t<div class=\"elementor-widget-container\">\n\t\t\t\t\t\t\t\t\t<div class=\"elementor-button-wrapper\">\n\t\t\t\t\t<a class=\"elementor-button elementor-button-link elementor-size-sm\" href=\"#elementor-action%3Aaction%3Dpopup%3Aopen%26settings%3DeyJpZCI6IjQ1MyIsInRvZ2dsZSI6ZmFsc2V9\">\n\t\t\t\t\t\t<span class=\"elementor-button-content-wrapper\">\n\t\t\t\t\t\t\t\t\t<span class=\"elementor-button-text\">Po\u0161aljite upit<\/span>\n\t\t\t\t\t<\/span>\n\t\t\t\t\t<\/a>\n\t\t\t\t<\/div>\n\t\t\t\t\t\t\t\t<\/div>\n\t\t\t\t<\/div>\n\t\t\t\t<\/div>\n\t\t<div class=\"elementor-element elementor-element-ac192be e-con-full e-flex e-con e-child\" data-id=\"ac192be\" data-element_type=\"container\" data-e-type=\"container\">\n\t\t\t\t<div class=\"elementor-element elementor-element-89b4f14 elementor-widget-tablet__width-inherit elementor-widget__width-inherit elementor-widget elementor-widget-image\" data-id=\"89b4f14\" data-element_type=\"widget\" data-e-type=\"widget\" data-widget_type=\"image.default\">\n\t\t\t\t<div class=\"elementor-widget-container\">\n\t\t\t\t\t\t\t\t\t\t\t\t\t\t\t<img fetchpriority=\"high\" decoding=\"async\" width=\"1000\" height=\"1000\" src=\"https:\/\/kopija.poljoserviskljakic.com\/wp-content\/uploads\/2026\/01\/SLIKA-2-MOTALICA-1.webp\" class=\"attachment-full size-full wp-image-3542\" alt=\"\" srcset=\"https:\/\/kopija.poljoserviskljakic.com\/wp-content\/uploads\/2026\/01\/SLIKA-2-MOTALICA-1.webp 1000w, https:\/\/kopija.poljoserviskljakic.com\/wp-content\/uploads\/2026\/01\/SLIKA-2-MOTALICA-1-300x300.webp 300w, https:\/\/kopija.poljoserviskljakic.com\/wp-content\/uploads\/2026\/01\/SLIKA-2-MOTALICA-1-150x150.webp 150w, https:\/\/kopija.poljoserviskljakic.com\/wp-content\/uploads\/2026\/01\/SLIKA-2-MOTALICA-1-768x768.webp 768w, https:\/\/kopija.poljoserviskljakic.com\/wp-content\/uploads\/2026\/01\/SLIKA-2-MOTALICA-1-12x12.webp 12w\" sizes=\"(max-width: 1000px) 100vw, 1000px\" \/>\t\t\t\t\t\t\t\t\t\t\t\t\t\t\t<\/div>\n\t\t\t\t<\/div>\n\t\t\t\t<\/div>\n\t\t\t\t<div class=\"elementor-element elementor-element-a0fb350 elementor-absolute elementor-widget elementor-widget-image\" data-id=\"a0fb350\" data-element_type=\"widget\" data-e-type=\"widget\" data-settings=\"{&quot;_position&quot;:&quot;absolute&quot;,&quot;motion_fx_motion_fx_scrolling&quot;:&quot;yes&quot;,&quot;motion_fx_translateX_effect&quot;:&quot;yes&quot;,&quot;motion_fx_translateX_speed&quot;:{&quot;unit&quot;:&quot;px&quot;,&quot;size&quot;:4,&quot;sizes&quot;:[]},&quot;motion_fx_translateX_affectedRange&quot;:{&quot;unit&quot;:&quot;%&quot;,&quot;size&quot;:&quot;&quot;,&quot;sizes&quot;:{&quot;start&quot;:0,&quot;end&quot;:100}},&quot;motion_fx_devices&quot;:[&quot;desktop&quot;,&quot;laptop&quot;,&quot;tablet&quot;,&quot;mobile&quot;]}\" data-widget_type=\"image.default\">\n\t\t\t\t<div class=\"elementor-widget-container\">\n\t\t\t\t\t\t\t\t\t\t\t\t\t\t\t<img decoding=\"async\" width=\"512\" height=\"512\" data-src=\"https:\/\/kopija.poljoserviskljakic.com\/wp-content\/uploads\/2024\/06\/favicon1.png\" class=\"attachment-full size-full wp-image-420 lazyload\" alt=\"\" data-srcset=\"https:\/\/kopija.poljoserviskljakic.com\/wp-content\/uploads\/2024\/06\/favicon1.png 512w, https:\/\/kopija.poljoserviskljakic.com\/wp-content\/uploads\/2024\/06\/favicon1-300x300.png 300w, https:\/\/kopija.poljoserviskljakic.com\/wp-content\/uploads\/2024\/06\/favicon1-150x150.png 150w\" data-sizes=\"(max-width: 512px) 100vw, 512px\" src=\"data:image\/svg+xml;base64,PHN2ZyB3aWR0aD0iMSIgaGVpZ2h0PSIxIiB4bWxucz0iaHR0cDovL3d3dy53My5vcmcvMjAwMC9zdmciPjwvc3ZnPg==\" style=\"--smush-placeholder-width: 512px; --smush-placeholder-aspect-ratio: 512\/512;\" \/>\t\t\t\t\t\t\t\t\t\t\t\t\t\t\t<\/div>\n\t\t\t\t<\/div>\n\t\t<div class=\"elementor-element elementor-element-afcfa90 e-con-full e-flex e-con e-child\" data-id=\"afcfa90\" data-element_type=\"container\" data-e-type=\"container\">\n\t\t\t\t<div class=\"elementor-element elementor-element-ce01c78 elementor-widget elementor-widget-gallery\" data-id=\"ce01c78\" data-element_type=\"widget\" data-e-type=\"widget\" data-settings=\"{&quot;gallery_layout&quot;:&quot;grid&quot;,&quot;columns&quot;:4,&quot;columns_tablet&quot;:2,&quot;columns_mobile&quot;:1,&quot;gap&quot;:{&quot;unit&quot;:&quot;px&quot;,&quot;size&quot;:10,&quot;sizes&quot;:[]},&quot;gap_laptop&quot;:{&quot;unit&quot;:&quot;px&quot;,&quot;size&quot;:10,&quot;sizes&quot;:[]},&quot;gap_tablet&quot;:{&quot;unit&quot;:&quot;px&quot;,&quot;size&quot;:10,&quot;sizes&quot;:[]},&quot;gap_mobile&quot;:{&quot;unit&quot;:&quot;px&quot;,&quot;size&quot;:10,&quot;sizes&quot;:[]},&quot;link_to&quot;:&quot;file&quot;,&quot;aspect_ratio&quot;:&quot;3:2&quot;,&quot;overlay_background&quot;:&quot;yes&quot;,&quot;content_hover_animation&quot;:&quot;fade-in&quot;}\" data-widget_type=\"gallery.default\">\n\t\t\t\t<div class=\"elementor-widget-container\">\n\t\t\t\t\t\t\t<div class=\"elementor-gallery__container\">\n\t\t\t\t\t\t\t<a class=\"e-gallery-item elementor-gallery-item elementor-animated-content\" href=\"https:\/\/kopija.poljoserviskljakic.com\/wp-content\/uploads\/2026\/01\/SLIKA-2-MOTALICA-1.webp\" data-elementor-open-lightbox=\"yes\" data-elementor-lightbox-slideshow=\"ce01c78\" data-elementor-lightbox-title=\"MOTALICA\" data-e-action-hash=\"#elementor-action%3Aaction%3Dlightbox%26settings%3DeyJpZCI6MzU0MiwidXJsIjoiaHR0cHM6XC9cL2tvcGlqYS5wb2xqb3NlcnZpc2tsamFraWMuY29tXC93cC1jb250ZW50XC91cGxvYWRzXC8yMDI2XC8wMVwvU0xJS0EtMi1NT1RBTElDQS0xLndlYnAiLCJzbGlkZXNob3ciOiJjZTAxYzc4In0%3D\">\n\t\t\t\t\t<div class=\"e-gallery-image elementor-gallery-item__image\" data-thumbnail=\"https:\/\/kopija.poljoserviskljakic.com\/wp-content\/uploads\/2026\/01\/SLIKA-2-MOTALICA-1.webp\" data-width=\"1000\" data-height=\"1000\" aria-label=\"\" role=\"img\" ><\/div>\n\t\t\t\t\t\t\t\t\t\t\t<div class=\"elementor-gallery-item__overlay\"><\/div>\n\t\t\t\t\t\t\t\t\t\t\t\t\t\t<\/a>\n\t\t\t\t\t\t\t<a class=\"e-gallery-item elementor-gallery-item elementor-animated-content\" href=\"https:\/\/kopija.poljoserviskljakic.com\/wp-content\/uploads\/2026\/01\/SLIKA-5-MOTALICA.webp\" data-elementor-open-lightbox=\"yes\" data-elementor-lightbox-slideshow=\"ce01c78\" data-elementor-lightbox-title=\"SLIKA 5 MOTALICA\" data-e-action-hash=\"#elementor-action%3Aaction%3Dlightbox%26settings%3DeyJpZCI6MzU0NSwidXJsIjoiaHR0cHM6XC9cL2tvcGlqYS5wb2xqb3NlcnZpc2tsamFraWMuY29tXC93cC1jb250ZW50XC91cGxvYWRzXC8yMDI2XC8wMVwvU0xJS0EtNS1NT1RBTElDQS53ZWJwIiwic2xpZGVzaG93IjoiY2UwMWM3OCJ9\">\n\t\t\t\t\t<div class=\"e-gallery-image elementor-gallery-item__image\" data-thumbnail=\"https:\/\/kopija.poljoserviskljakic.com\/wp-content\/uploads\/2026\/01\/SLIKA-5-MOTALICA.webp\" data-width=\"1000\" data-height=\"1000\" aria-label=\"\" role=\"img\" ><\/div>\n\t\t\t\t\t\t\t\t\t\t\t<div class=\"elementor-gallery-item__overlay\"><\/div>\n\t\t\t\t\t\t\t\t\t\t\t\t\t\t<\/a>\n\t\t\t\t\t\t\t<a class=\"e-gallery-item elementor-gallery-item elementor-animated-content\" href=\"https:\/\/kopija.poljoserviskljakic.com\/wp-content\/uploads\/2026\/01\/SLIKA-3-MOTALICA.webp\" data-elementor-open-lightbox=\"yes\" data-elementor-lightbox-slideshow=\"ce01c78\" data-elementor-lightbox-title=\"SLIKA 3 MOTALICA\" data-e-action-hash=\"#elementor-action%3Aaction%3Dlightbox%26settings%3DeyJpZCI6MzU0MywidXJsIjoiaHR0cHM6XC9cL2tvcGlqYS5wb2xqb3NlcnZpc2tsamFraWMuY29tXC93cC1jb250ZW50XC91cGxvYWRzXC8yMDI2XC8wMVwvU0xJS0EtMy1NT1RBTElDQS53ZWJwIiwic2xpZGVzaG93IjoiY2UwMWM3OCJ9\">\n\t\t\t\t\t<div class=\"e-gallery-image elementor-gallery-item__image\" data-thumbnail=\"https:\/\/kopija.poljoserviskljakic.com\/wp-content\/uploads\/2026\/01\/SLIKA-3-MOTALICA.webp\" data-width=\"1000\" data-height=\"1000\" aria-label=\"\" role=\"img\" ><\/div>\n\t\t\t\t\t\t\t\t\t\t\t<div class=\"elementor-gallery-item__overlay\"><\/div>\n\t\t\t\t\t\t\t\t\t\t\t\t\t\t<\/a>\n\t\t\t\t\t\t\t<a class=\"e-gallery-item elementor-gallery-item elementor-animated-content\" href=\"https:\/\/kopija.poljoserviskljakic.com\/wp-content\/uploads\/2026\/01\/SLIKA-1-MOTALICA-1.webp\" data-elementor-open-lightbox=\"yes\" data-elementor-lightbox-slideshow=\"ce01c78\" data-elementor-lightbox-title=\"SLIKA 1 MOTALICA\" data-e-action-hash=\"#elementor-action%3Aaction%3Dlightbox%26settings%3DeyJpZCI6MzU0MSwidXJsIjoiaHR0cHM6XC9cL2tvcGlqYS5wb2xqb3NlcnZpc2tsamFraWMuY29tXC93cC1jb250ZW50XC91cGxvYWRzXC8yMDI2XC8wMVwvU0xJS0EtMS1NT1RBTElDQS0xLndlYnAiLCJzbGlkZXNob3ciOiJjZTAxYzc4In0%3D\">\n\t\t\t\t\t<div class=\"e-gallery-image elementor-gallery-item__image\" data-thumbnail=\"https:\/\/kopija.poljoserviskljakic.com\/wp-content\/uploads\/2026\/01\/SLIKA-1-MOTALICA-1.webp\" data-width=\"1000\" data-height=\"1000\" aria-label=\"\" role=\"img\" ><\/div>\n\t\t\t\t\t\t\t\t\t\t\t<div class=\"elementor-gallery-item__overlay\"><\/div>\n\t\t\t\t\t\t\t\t\t\t\t\t\t\t<\/a>\n\t\t\t\t\t<\/div>\n\t\t\t\t\t<\/div>\n\t\t\t\t<\/div>\n\t\t\t\t<\/div>\n\t\t\t\t\t<\/div>\n\t\t\t\t<\/div>\n\t\t<div class=\"elementor-element elementor-element-effcf52 e-flex e-con-boxed e-con e-parent\" data-id=\"effcf52\" data-element_type=\"container\" data-e-type=\"container\" data-settings=\"{&quot;background_background&quot;:&quot;classic&quot;}\">\n\t\t\t\t\t<div class=\"e-con-inner\">\n\t\t\t\t<div class=\"elementor-element elementor-element-d38dcd1 elementor-widget elementor-widget-heading\" data-id=\"d38dcd1\" data-element_type=\"widget\" data-e-type=\"widget\" data-widget_type=\"heading.default\">\n\t\t\t\t<div class=\"elementor-widget-container\">\n\t\t\t\t\t<span class=\"elementor-heading-title elementor-size-default\">Poljoservis Kljaki\u0107<\/span>\t\t\t\t<\/div>\n\t\t\t\t<\/div>\n\t\t\t\t<div class=\"elementor-element elementor-element-2641483 elementor-widget__width-initial elementor-widget-tablet__width-inherit elementor-widget elementor-widget-heading\" data-id=\"2641483\" data-element_type=\"widget\" data-e-type=\"widget\" data-widget_type=\"heading.default\">\n\t\t\t\t<div class=\"elementor-widget-container\">\n\t\t\t\t\t<h2 class=\"elementor-heading-title elementor-size-default\">Potreban Vam je ekspert za poljoprivredne ma\u0161ine?<\/h2>\t\t\t\t<\/div>\n\t\t\t\t<\/div>\n\t\t\t\t<div class=\"elementor-element elementor-element-d59bca4 elementor-align-center elementor-mobile-align-justify elementor-widget-mobile__width-inherit elementor-widget elementor-widget-button\" data-id=\"d59bca4\" data-element_type=\"widget\" data-e-type=\"widget\" data-widget_type=\"button.default\">\n\t\t\t\t<div class=\"elementor-widget-container\">\n\t\t\t\t\t\t\t\t\t<div class=\"elementor-button-wrapper\">\n\t\t\t\t\t<a class=\"elementor-button elementor-button-link elementor-size-sm\" href=\"https:\/\/kopija.poljoserviskljakic.com\/hr\/kontakt\/\">\n\t\t\t\t\t\t<span class=\"elementor-button-content-wrapper\">\n\t\t\t\t\t\t\t\t\t<span class=\"elementor-button-text\">Kontaktirajte nas<\/span>\n\t\t\t\t\t<\/span>\n\t\t\t\t\t<\/a>\n\t\t\t\t<\/div>\n\t\t\t\t\t\t\t\t<\/div>\n\t\t\t\t<\/div>\n\t\t\t\t\t<\/div>\n\t\t\t\t<\/div>\n\t\t\t\t<\/div>\n\t\t","protected":false},"excerpt":{"rendered":"<p>MOTALICA Motalica je namenjena namotavanju i odmotavanju creva za navodnjavanje i protivgradnih mre\u017ea koje se koriste u vo\u0107arstvu i povrtarstvu. Ma\u0161ina je projektovana za rad sa razli\u010ditim tipovima materijala i kotura, omogu\u0107avaju\u0107i kontrolisan i bezbedan rad na terenu. Ma\u0161ina je opremljena sistemom za regulaciju brzine rotacije, \u0161to omogu\u0107ava prilago\u0111avanje rada u zavisnosti od vrste i [&hellip;]<\/p>\n","protected":false},"author":2,"featured_media":0,"parent":299,"menu_order":0,"comment_status":"closed","ping_status":"closed","template":"","meta":{"content-type":"","footnotes":""},"class_list":["post-490","page","type-page","status-publish","hentry"],"yoast_head":"<!-- This site is optimized with the Yoast SEO plugin v27.1.1 - https:\/\/yoast.com\/product\/yoast-seo-wordpress\/ -->\n<title>Motalica - Poljoservis Kljaki\u0107<\/title>\n<meta name=\"description\" content=\"Motalica za navodnjavanje i za\u0161titu zasada namenjena namotavanju i odmotavanju creva i protivgradnih mre\u017ea. Robusna konstrukcija i kontrolisana rotacija smanjuju vreme rada i fizi\u010dko optere\u0107enje.\" \/>\n<meta name=\"robots\" content=\"index, follow, max-snippet:-1, max-image-preview:large, max-video-preview:-1\" \/>\n<link rel=\"canonical\" href=\"https:\/\/kopija.poljoserviskljakic.com\/hr\/strojevi\/strojevi-za-voce\/motalica\/\" \/>\n<meta property=\"og:locale\" content=\"hr_HR\" \/>\n<meta property=\"og:type\" content=\"article\" \/>\n<meta property=\"og:title\" content=\"Motalica - Poljoservis Kljaki\u0107\" \/>\n<meta property=\"og:description\" content=\"Motalica za navodnjavanje i za\u0161titu zasada namenjena namotavanju i odmotavanju creva i protivgradnih mre\u017ea. Robusna konstrukcija i kontrolisana rotacija smanjuju vreme rada i fizi\u010dko optere\u0107enje.\" \/>\n<meta property=\"og:url\" content=\"https:\/\/kopija.poljoserviskljakic.com\/hr\/strojevi\/strojevi-za-voce\/motalica\/\" \/>\n<meta property=\"og:site_name\" content=\"Poljoservis Kljaki\u0107\" \/>\n<meta property=\"article:modified_time\" content=\"2026-03-03T09:42:34+00:00\" \/>\n<meta property=\"og:image\" content=\"https:\/\/kopija.poljoserviskljakic.com\/wp-content\/uploads\/2026\/01\/SLIKA-2-MOTALICA-1.webp\" \/>\n<meta name=\"twitter:card\" content=\"summary_large_image\" \/>\n<meta name=\"twitter:label1\" content=\"Procijenjeno vrijeme \u010ditanja\" \/>\n\t<meta name=\"twitter:data1\" content=\"2 minute\" \/>\n<script type=\"application\/ld+json\" class=\"yoast-schema-graph\">{\"@context\":\"https:\/\/schema.org\",\"@graph\":[{\"@type\":\"WebPage\",\"@id\":\"https:\/\/kopija.poljoserviskljakic.com\/masine\/vocarske-masine\/motalica\/\",\"url\":\"https:\/\/kopija.poljoserviskljakic.com\/masine\/vocarske-masine\/motalica\/\",\"name\":\"Motalica - Poljoservis Kljaki\u0107\",\"isPartOf\":{\"@id\":\"https:\/\/kopija.poljoserviskljakic.com\/ru\/#website\"},\"primaryImageOfPage\":{\"@id\":\"https:\/\/kopija.poljoserviskljakic.com\/masine\/vocarske-masine\/motalica\/#primaryimage\"},\"image\":{\"@id\":\"https:\/\/kopija.poljoserviskljakic.com\/masine\/vocarske-masine\/motalica\/#primaryimage\"},\"thumbnailUrl\":\"https:\/\/kopija.poljoserviskljakic.com\/wp-content\/uploads\/2026\/01\/SLIKA-2-MOTALICA-1.webp\",\"datePublished\":\"2024-06-18T12:17:13+00:00\",\"dateModified\":\"2026-03-03T09:42:34+00:00\",\"description\":\"Motalica za navodnjavanje i za\u0161titu zasada namenjena namotavanju i odmotavanju creva i protivgradnih mre\u017ea. Robusna konstrukcija i kontrolisana rotacija smanjuju vreme rada i fizi\u010dko optere\u0107enje.\",\"breadcrumb\":{\"@id\":\"https:\/\/kopija.poljoserviskljakic.com\/masine\/vocarske-masine\/motalica\/#breadcrumb\"},\"inLanguage\":\"hr\",\"potentialAction\":[{\"@type\":\"ReadAction\",\"target\":[\"https:\/\/kopija.poljoserviskljakic.com\/masine\/vocarske-masine\/motalica\/\"]}]},{\"@type\":\"ImageObject\",\"inLanguage\":\"hr\",\"@id\":\"https:\/\/kopija.poljoserviskljakic.com\/masine\/vocarske-masine\/motalica\/#primaryimage\",\"url\":\"https:\/\/kopija.poljoserviskljakic.com\/wp-content\/uploads\/2026\/01\/SLIKA-2-MOTALICA-1.webp\",\"contentUrl\":\"https:\/\/kopija.poljoserviskljakic.com\/wp-content\/uploads\/2026\/01\/SLIKA-2-MOTALICA-1.webp\"},{\"@type\":\"BreadcrumbList\",\"@id\":\"https:\/\/kopija.poljoserviskljakic.com\/masine\/vocarske-masine\/motalica\/#breadcrumb\",\"itemListElement\":[{\"@type\":\"ListItem\",\"position\":1,\"name\":\"Po\u010detna\",\"item\":\"https:\/\/kopija.poljoserviskljakic.com\/\"},{\"@type\":\"ListItem\",\"position\":2,\"name\":\"Ma\u0161ine\",\"item\":\"https:\/\/kopija.poljoserviskljakic.com\/hu\/gepek\/\"},{\"@type\":\"ListItem\",\"position\":3,\"name\":\"Vo\u0107arske ma\u0161ine\",\"item\":\"https:\/\/kopija.poljoserviskljakic.com\/masine\/vocarske-masine\/\"},{\"@type\":\"ListItem\",\"position\":4,\"name\":\"Motalica\"}]},{\"@type\":\"WebSite\",\"@id\":\"https:\/\/kopija.poljoserviskljakic.com\/ru\/#website\",\"url\":\"https:\/\/kopija.poljoserviskljakic.com\/ru\/\",\"name\":\"Poljoservis Kljaki\u0107\",\"description\":\"Servis i prodaja poljoprivredne opreme\",\"publisher\":{\"@id\":\"https:\/\/kopija.poljoserviskljakic.com\/ru\/#organization\"},\"potentialAction\":[{\"@type\":\"SearchAction\",\"target\":{\"@type\":\"EntryPoint\",\"urlTemplate\":\"https:\/\/kopija.poljoserviskljakic.com\/ru\/?s={search_term_string}\"},\"query-input\":{\"@type\":\"PropertyValueSpecification\",\"valueRequired\":true,\"valueName\":\"search_term_string\"}}],\"inLanguage\":\"hr\"},{\"@type\":\"Organization\",\"@id\":\"https:\/\/kopija.poljoserviskljakic.com\/ru\/#organization\",\"name\":\"Poljoservis Kljaki\u0107\",\"url\":\"https:\/\/kopija.poljoserviskljakic.com\/ru\/\",\"logo\":{\"@type\":\"ImageObject\",\"inLanguage\":\"hr\",\"@id\":\"https:\/\/kopija.poljoserviskljakic.com\/ru\/#\/schema\/logo\/image\/\",\"url\":\"https:\/\/kopija.poljoserviskljakic.com\/wp-content\/uploads\/2024\/06\/logo-e1717595433124.png\",\"contentUrl\":\"https:\/\/kopija.poljoserviskljakic.com\/wp-content\/uploads\/2024\/06\/logo-e1717595433124.png\",\"width\":491,\"height\":130,\"caption\":\"Poljoservis Kljaki\u0107\"},\"image\":{\"@id\":\"https:\/\/kopija.poljoserviskljakic.com\/ru\/#\/schema\/logo\/image\/\"},\"sameAs\":[\"https:\/\/www.instagram.com\/poljoserviskljakic\/\"]}]}<\/script>\n<!-- \/ Yoast SEO plugin. -->","yoast_head_json":{"title":"Motalica - Poljoservis Kljaki\u0107","description":"Motalica za navodnjavanje i za\u0161titu zasada namenjena namotavanju i odmotavanju creva i protivgradnih mre\u017ea. Robusna konstrukcija i kontrolisana rotacija smanjuju vreme rada i fizi\u010dko optere\u0107enje.","robots":{"index":"index","follow":"follow","max-snippet":"max-snippet:-1","max-image-preview":"max-image-preview:large","max-video-preview":"max-video-preview:-1"},"canonical":"https:\/\/kopija.poljoserviskljakic.com\/hr\/strojevi\/strojevi-za-voce\/motalica\/","og_locale":"hr_HR","og_type":"article","og_title":"Motalica - Poljoservis Kljaki\u0107","og_description":"Motalica za navodnjavanje i za\u0161titu zasada namenjena namotavanju i odmotavanju creva i protivgradnih mre\u017ea. Robusna konstrukcija i kontrolisana rotacija smanjuju vreme rada i fizi\u010dko optere\u0107enje.","og_url":"https:\/\/kopija.poljoserviskljakic.com\/hr\/strojevi\/strojevi-za-voce\/motalica\/","og_site_name":"Poljoservis Kljaki\u0107","article_modified_time":"2026-03-03T09:42:34+00:00","og_image":[{"url":"https:\/\/kopija.poljoserviskljakic.com\/wp-content\/uploads\/2026\/01\/SLIKA-2-MOTALICA-1.webp","type":"","width":"","height":""}],"twitter_card":"summary_large_image","twitter_misc":{"Procijenjeno vrijeme \u010ditanja":"2 minute"},"schema":{"@context":"https:\/\/schema.org","@graph":[{"@type":"WebPage","@id":"https:\/\/kopija.poljoserviskljakic.com\/masine\/vocarske-masine\/motalica\/","url":"https:\/\/kopija.poljoserviskljakic.com\/masine\/vocarske-masine\/motalica\/","name":"Motalica - Poljoservis Kljaki\u0107","isPartOf":{"@id":"https:\/\/kopija.poljoserviskljakic.com\/ru\/#website"},"primaryImageOfPage":{"@id":"https:\/\/kopija.poljoserviskljakic.com\/masine\/vocarske-masine\/motalica\/#primaryimage"},"image":{"@id":"https:\/\/kopija.poljoserviskljakic.com\/masine\/vocarske-masine\/motalica\/#primaryimage"},"thumbnailUrl":"https:\/\/kopija.poljoserviskljakic.com\/wp-content\/uploads\/2026\/01\/SLIKA-2-MOTALICA-1.webp","datePublished":"2024-06-18T12:17:13+00:00","dateModified":"2026-03-03T09:42:34+00:00","description":"Motalica za navodnjavanje i za\u0161titu zasada namenjena namotavanju i odmotavanju creva i protivgradnih mre\u017ea. Robusna konstrukcija i kontrolisana rotacija smanjuju vreme rada i fizi\u010dko optere\u0107enje.","breadcrumb":{"@id":"https:\/\/kopija.poljoserviskljakic.com\/masine\/vocarske-masine\/motalica\/#breadcrumb"},"inLanguage":"hr","potentialAction":[{"@type":"ReadAction","target":["https:\/\/kopija.poljoserviskljakic.com\/masine\/vocarske-masine\/motalica\/"]}]},{"@type":"ImageObject","inLanguage":"hr","@id":"https:\/\/kopija.poljoserviskljakic.com\/masine\/vocarske-masine\/motalica\/#primaryimage","url":"https:\/\/kopija.poljoserviskljakic.com\/wp-content\/uploads\/2026\/01\/SLIKA-2-MOTALICA-1.webp","contentUrl":"https:\/\/kopija.poljoserviskljakic.com\/wp-content\/uploads\/2026\/01\/SLIKA-2-MOTALICA-1.webp"},{"@type":"BreadcrumbList","@id":"https:\/\/kopija.poljoserviskljakic.com\/masine\/vocarske-masine\/motalica\/#breadcrumb","itemListElement":[{"@type":"ListItem","position":1,"name":"Po\u010detna","item":"https:\/\/kopija.poljoserviskljakic.com\/"},{"@type":"ListItem","position":2,"name":"Ma\u0161ine","item":"https:\/\/kopija.poljoserviskljakic.com\/hu\/gepek\/"},{"@type":"ListItem","position":3,"name":"Vo\u0107arske ma\u0161ine","item":"https:\/\/kopija.poljoserviskljakic.com\/masine\/vocarske-masine\/"},{"@type":"ListItem","position":4,"name":"Motalica"}]},{"@type":"WebSite","@id":"https:\/\/kopija.poljoserviskljakic.com\/ru\/#website","url":"https:\/\/kopija.poljoserviskljakic.com\/ru\/","name":"Poljoservis Kljaki\u0107","description":"Servis i prodaja poljoprivredne opreme","publisher":{"@id":"https:\/\/kopija.poljoserviskljakic.com\/ru\/#organization"},"potentialAction":[{"@type":"SearchAction","target":{"@type":"EntryPoint","urlTemplate":"https:\/\/kopija.poljoserviskljakic.com\/ru\/?s={search_term_string}"},"query-input":{"@type":"PropertyValueSpecification","valueRequired":true,"valueName":"search_term_string"}}],"inLanguage":"hr"},{"@type":"Organization","@id":"https:\/\/kopija.poljoserviskljakic.com\/ru\/#organization","name":"Poljoservis Kljaki\u0107","url":"https:\/\/kopija.poljoserviskljakic.com\/ru\/","logo":{"@type":"ImageObject","inLanguage":"hr","@id":"https:\/\/kopija.poljoserviskljakic.com\/ru\/#\/schema\/logo\/image\/","url":"https:\/\/kopija.poljoserviskljakic.com\/wp-content\/uploads\/2024\/06\/logo-e1717595433124.png","contentUrl":"https:\/\/kopija.poljoserviskljakic.com\/wp-content\/uploads\/2024\/06\/logo-e1717595433124.png","width":491,"height":130,"caption":"Poljoservis Kljaki\u0107"},"image":{"@id":"https:\/\/kopija.poljoserviskljakic.com\/ru\/#\/schema\/logo\/image\/"},"sameAs":["https:\/\/www.instagram.com\/poljoserviskljakic\/"]}]}},"_links":{"self":[{"href":"https:\/\/kopija.poljoserviskljakic.com\/hr\/wp-json\/wp\/v2\/pages\/490","targetHints":{"allow":["GET"]}}],"collection":[{"href":"https:\/\/kopija.poljoserviskljakic.com\/hr\/wp-json\/wp\/v2\/pages"}],"about":[{"href":"https:\/\/kopija.poljoserviskljakic.com\/hr\/wp-json\/wp\/v2\/types\/page"}],"author":[{"embeddable":true,"href":"https:\/\/kopija.poljoserviskljakic.com\/hr\/wp-json\/wp\/v2\/users\/2"}],"replies":[{"embeddable":true,"href":"https:\/\/kopija.poljoserviskljakic.com\/hr\/wp-json\/wp\/v2\/comments?post=490"}],"version-history":[{"count":60,"href":"https:\/\/kopija.poljoserviskljakic.com\/hr\/wp-json\/wp\/v2\/pages\/490\/revisions"}],"predecessor-version":[{"id":3722,"href":"https:\/\/kopija.poljoserviskljakic.com\/hr\/wp-json\/wp\/v2\/pages\/490\/revisions\/3722"}],"up":[{"embeddable":true,"href":"https:\/\/kopija.poljoserviskljakic.com\/hr\/wp-json\/wp\/v2\/pages\/299"}],"wp:attachment":[{"href":"https:\/\/kopija.poljoserviskljakic.com\/hr\/wp-json\/wp\/v2\/media?parent=490"}],"curies":[{"name":"radni list","href":"https:\/\/api.w.org\/{rel}","templated":true}]}}