{"id":494,"date":"2024-06-18T12:17:36","date_gmt":"2024-06-18T12:17:36","guid":{"rendered":"https:\/\/kljajic.element-web.com\/?page_id=494"},"modified":"2026-03-03T09:44:14","modified_gmt":"2026-03-03T09:44:14","slug":"odrzavanje-vocnjaka","status":"publish","type":"page","link":"https:\/\/kopija.poljoserviskljakic.com\/hr\/masine\/vocarske-masine\/odrzavanje-zemljista-u-vocnjaku\/","title":{"rendered":"Odr\u017eavanje tla u vo\u0107njaku"},"content":{"rendered":"\t\t<div data-elementor-type=\"wp-page\" data-elementor-id=\"494\" class=\"elementor elementor-494\" data-elementor-post-type=\"page\">\n\t\t\t\t<div class=\"elementor-element elementor-element-017d5e9 e-flex e-con-boxed e-con e-parent\" data-id=\"017d5e9\" data-element_type=\"container\" data-e-type=\"container\" data-settings=\"{&quot;background_background&quot;:&quot;classic&quot;}\">\n\t\t\t\t\t<div class=\"e-con-inner\">\n\t\t\t\t\t<\/div>\n\t\t\t\t<\/div>\n\t\t<div class=\"elementor-element elementor-element-48bbd6f e-flex e-con-boxed e-con e-parent\" data-id=\"48bbd6f\" data-element_type=\"container\" data-e-type=\"container\">\n\t\t\t\t\t<div class=\"e-con-inner\">\n\t\t<div class=\"elementor-element elementor-element-2392d5a e-con-full e-flex e-con e-child\" data-id=\"2392d5a\" data-element_type=\"container\" data-e-type=\"container\">\n\t\t\t\t<div class=\"elementor-element elementor-element-e5c84f9 elementor-widget elementor-widget-heading\" data-id=\"e5c84f9\" data-element_type=\"widget\" data-e-type=\"widget\" data-widget_type=\"heading.default\">\n\t\t\t\t<div class=\"elementor-widget-container\">\n\t\t\t\t\t<h3 class=\"elementor-heading-title elementor-size-default\">Bo\u010dna kopa\u010dica \u2013 RADIUS:\n<\/h3>\t\t\t\t<\/div>\n\t\t\t\t<\/div>\n\t\t\t\t<div class=\"elementor-element elementor-element-a101979 elementor-drop-cap-yes elementor-drop-cap-view-default elementor-widget elementor-widget-text-editor\" data-id=\"a101979\" data-element_type=\"widget\" data-e-type=\"widget\" data-settings=\"{&quot;drop_cap&quot;:&quot;yes&quot;}\" data-widget_type=\"text-editor.default\">\n\t\t\t\t<div class=\"elementor-widget-container\">\n\t\t\t\t\t\t\t\t\t<p>RADIUS je izuzetno precizan i siguran u radu oko vo\u0107aka. Dobija pogon od vanjskog hidrauli\u010dnog izvoda iz traktora. Postavlja se na sve postoje\u0107e traktore. Radna brzina je 5-10 km\/h (u\u010dinak 0,5-1,0 hektara na sat).<\/p>\t\t\t\t\t\t\t\t<\/div>\n\t\t\t\t<\/div>\n\t\t\t\t<div class=\"elementor-element elementor-element-ef04b9e elementor-icon-list--layout-traditional elementor-list-item-link-full_width elementor-widget elementor-widget-icon-list\" data-id=\"ef04b9e\" data-element_type=\"widget\" data-e-type=\"widget\" data-widget_type=\"icon-list.default\">\n\t\t\t\t<div class=\"elementor-widget-container\">\n\t\t\t\t\t\t\t<ul class=\"elementor-icon-list-items\">\n\t\t\t\t\t\t\t<li class=\"elementor-icon-list-item\">\n\t\t\t\t\t\t\t\t\t\t\t<span class=\"elementor-icon-list-icon\">\n\t\t\t\t\t\t\t<svg aria-hidden=\"true\" class=\"e-font-icon-svg e-fas-chevron-right\" viewBox=\"0 0 320 512\" xmlns=\"http:\/\/www.w3.org\/2000\/svg\"><path d=\"M285.476 272.971L91.132 467.314c-9.373 9.373-24.569 9.373-33.941 0l-22.667-22.667c-9.357-9.357-9.375-24.522-.04-33.901L188.505 256 34.484 101.255c-9.335-9.379-9.317-24.544.04-33.901l22.667-22.667c9.373-9.373 24.569-9.373 33.941 0L285.475 239.03c9.373 9.372 9.373 24.568.001 33.941z\"><\/path><\/svg>\t\t\t\t\t\t<\/span>\n\t\t\t\t\t\t\t\t\t\t<span class=\"elementor-icon-list-text\">Podseca i uni\u0161tava korov<\/span>\n\t\t\t\t\t\t\t\t\t<\/li>\n\t\t\t\t\t\t\t\t<li class=\"elementor-icon-list-item\">\n\t\t\t\t\t\t\t\t\t\t\t<span class=\"elementor-icon-list-icon\">\n\t\t\t\t\t\t\t<svg aria-hidden=\"true\" class=\"e-font-icon-svg e-fas-chevron-right\" viewBox=\"0 0 320 512\" xmlns=\"http:\/\/www.w3.org\/2000\/svg\"><path d=\"M285.476 272.971L91.132 467.314c-9.373 9.373-24.569 9.373-33.941 0l-22.667-22.667c-9.357-9.357-9.375-24.522-.04-33.901L188.505 256 34.484 101.255c-9.335-9.379-9.317-24.544.04-33.901l22.667-22.667c9.373-9.373 24.569-9.373 33.941 0L285.475 239.03c9.373 9.372 9.373 24.568.001 33.941z\"><\/path><\/svg>\t\t\t\t\t\t<\/span>\n\t\t\t\t\t\t\t\t\t\t<span class=\"elementor-icon-list-text\">Pove\u0107ava rastresitost zemlji\u0161ta<\/span>\n\t\t\t\t\t\t\t\t\t<\/li>\n\t\t\t\t\t\t\t\t<li class=\"elementor-icon-list-item\">\n\t\t\t\t\t\t\t\t\t\t\t<span class=\"elementor-icon-list-icon\">\n\t\t\t\t\t\t\t<svg aria-hidden=\"true\" class=\"e-font-icon-svg e-fas-chevron-right\" viewBox=\"0 0 320 512\" xmlns=\"http:\/\/www.w3.org\/2000\/svg\"><path d=\"M285.476 272.971L91.132 467.314c-9.373 9.373-24.569 9.373-33.941 0l-22.667-22.667c-9.357-9.357-9.375-24.522-.04-33.901L188.505 256 34.484 101.255c-9.335-9.379-9.317-24.544.04-33.901l22.667-22.667c9.373-9.373 24.569-9.373 33.941 0L285.475 239.03c9.373 9.372 9.373 24.568.001 33.941z\"><\/path><\/svg>\t\t\t\t\t\t<\/span>\n\t\t\t\t\t\t\t\t\t\t<span class=\"elementor-icon-list-text\">Razbija pokoricu, \u010dime se smanjuje gubitak vlage<\/span>\n\t\t\t\t\t\t\t\t\t<\/li>\n\t\t\t\t\t\t\t\t<li class=\"elementor-icon-list-item\">\n\t\t\t\t\t\t\t\t\t\t\t<span class=\"elementor-icon-list-icon\">\n\t\t\t\t\t\t\t<svg aria-hidden=\"true\" class=\"e-font-icon-svg e-fas-chevron-right\" viewBox=\"0 0 320 512\" xmlns=\"http:\/\/www.w3.org\/2000\/svg\"><path d=\"M285.476 272.971L91.132 467.314c-9.373 9.373-24.569 9.373-33.941 0l-22.667-22.667c-9.357-9.357-9.375-24.522-.04-33.901L188.505 256 34.484 101.255c-9.335-9.379-9.317-24.544.04-33.901l22.667-22.667c9.373-9.373 24.569-9.373 33.941 0L285.475 239.03c9.373 9.372 9.373 24.568.001 33.941z\"><\/path><\/svg>\t\t\t\t\t\t<\/span>\n\t\t\t\t\t\t\t\t\t\t<span class=\"elementor-icon-list-text\">RADIUS se mo\u017ee postaviti na gotovo sve kultivatore u vo\u0107arstvu, kao i na jednostavne nosa\u010de \u201csopstvene\u201d izrade<\/span>\n\t\t\t\t\t\t\t\t\t<\/li>\n\t\t\t\t\t\t\t\t<li class=\"elementor-icon-list-item\">\n\t\t\t\t\t\t\t\t\t\t\t<span class=\"elementor-icon-list-icon\">\n\t\t\t\t\t\t\t<svg aria-hidden=\"true\" class=\"e-font-icon-svg e-fas-chevron-right\" viewBox=\"0 0 320 512\" xmlns=\"http:\/\/www.w3.org\/2000\/svg\"><path d=\"M285.476 272.971L91.132 467.314c-9.373 9.373-24.569 9.373-33.941 0l-22.667-22.667c-9.357-9.357-9.375-24.522-.04-33.901L188.505 256 34.484 101.255c-9.335-9.379-9.317-24.544.04-33.901l22.667-22.667c9.373-9.373 24.569-9.373 33.941 0L285.475 239.03c9.373 9.372 9.373 24.568.001 33.941z\"><\/path><\/svg>\t\t\t\t\t\t<\/span>\n\t\t\t\t\t\t\t\t\t\t<span class=\"elementor-icon-list-text\">Lako i jednostavno pode\u0161avanje i odr\u017eavanje<\/span>\n\t\t\t\t\t\t\t\t\t<\/li>\n\t\t\t\t\t\t<\/ul>\n\t\t\t\t\t\t<\/div>\n\t\t\t\t<\/div>\n\t\t\t\t<div class=\"elementor-element elementor-element-2385d00 elementor-align-left elementor-mobile-align-justify elementor-widget-mobile__width-inherit elementor-widget elementor-widget-button\" data-id=\"2385d00\" data-element_type=\"widget\" data-e-type=\"widget\" data-widget_type=\"button.default\">\n\t\t\t\t<div class=\"elementor-widget-container\">\n\t\t\t\t\t\t\t\t\t<div class=\"elementor-button-wrapper\">\n\t\t\t\t\t<a class=\"elementor-button elementor-button-link elementor-size-sm\" href=\"#elementor-action%3Aaction%3Dpopup%3Aopen%26settings%3DeyJpZCI6IjQ1MyIsInRvZ2dsZSI6ZmFsc2V9\">\n\t\t\t\t\t\t<span class=\"elementor-button-content-wrapper\">\n\t\t\t\t\t\t\t\t\t<span class=\"elementor-button-text\">Po\u0161aljite upit<\/span>\n\t\t\t\t\t<\/span>\n\t\t\t\t\t<\/a>\n\t\t\t\t<\/div>\n\t\t\t\t\t\t\t\t<\/div>\n\t\t\t\t<\/div>\n\t\t\t\t<\/div>\n\t\t<div class=\"elementor-element elementor-element-3adba57 e-con-full e-flex e-con e-child\" data-id=\"3adba57\" data-element_type=\"container\" data-e-type=\"container\">\n\t\t\t\t<div class=\"elementor-element elementor-element-1b810d0 elementor-widget-tablet__width-inherit elementor-widget__width-inherit elementor-widget elementor-widget-image\" data-id=\"1b810d0\" data-element_type=\"widget\" data-e-type=\"widget\" data-widget_type=\"image.default\">\n\t\t\t\t<div class=\"elementor-widget-container\">\n\t\t\t\t\t\t\t\t\t\t\t\t\t\t\t<img fetchpriority=\"high\" decoding=\"async\" width=\"596\" height=\"310\" src=\"https:\/\/kopija.poljoserviskljakic.com\/wp-content\/uploads\/2024\/06\/SB-orchard-Radius-freza.jpg\" class=\"attachment-full size-full wp-image-677\" alt=\"\" srcset=\"https:\/\/kopija.poljoserviskljakic.com\/wp-content\/uploads\/2024\/06\/SB-orchard-Radius-freza.jpg 596w, https:\/\/kopija.poljoserviskljakic.com\/wp-content\/uploads\/2024\/06\/SB-orchard-Radius-freza-300x156.jpg 300w\" sizes=\"(max-width: 596px) 100vw, 596px\" \/>\t\t\t\t\t\t\t\t\t\t\t\t\t\t\t<\/div>\n\t\t\t\t<\/div>\n\t\t\t\t<\/div>\n\t\t\t\t<div class=\"elementor-element elementor-element-fc79bbb elementor-absolute elementor-widget elementor-widget-image\" data-id=\"fc79bbb\" data-element_type=\"widget\" data-e-type=\"widget\" data-settings=\"{&quot;_position&quot;:&quot;absolute&quot;,&quot;motion_fx_motion_fx_scrolling&quot;:&quot;yes&quot;,&quot;motion_fx_translateX_effect&quot;:&quot;yes&quot;,&quot;motion_fx_translateX_speed&quot;:{&quot;unit&quot;:&quot;px&quot;,&quot;size&quot;:4,&quot;sizes&quot;:[]},&quot;motion_fx_translateX_affectedRange&quot;:{&quot;unit&quot;:&quot;%&quot;,&quot;size&quot;:&quot;&quot;,&quot;sizes&quot;:{&quot;start&quot;:0,&quot;end&quot;:100}},&quot;motion_fx_devices&quot;:[&quot;desktop&quot;,&quot;laptop&quot;,&quot;tablet&quot;,&quot;mobile&quot;]}\" data-widget_type=\"image.default\">\n\t\t\t\t<div class=\"elementor-widget-container\">\n\t\t\t\t\t\t\t\t\t\t\t\t\t\t\t<img decoding=\"async\" width=\"512\" height=\"512\" data-src=\"https:\/\/kopija.poljoserviskljakic.com\/wp-content\/uploads\/2024\/06\/favicon1.png\" class=\"attachment-full size-full wp-image-420 lazyload\" alt=\"\" data-srcset=\"https:\/\/kopija.poljoserviskljakic.com\/wp-content\/uploads\/2024\/06\/favicon1.png 512w, https:\/\/kopija.poljoserviskljakic.com\/wp-content\/uploads\/2024\/06\/favicon1-300x300.png 300w, https:\/\/kopija.poljoserviskljakic.com\/wp-content\/uploads\/2024\/06\/favicon1-150x150.png 150w\" data-sizes=\"(max-width: 512px) 100vw, 512px\" src=\"data:image\/svg+xml;base64,PHN2ZyB3aWR0aD0iMSIgaGVpZ2h0PSIxIiB4bWxucz0iaHR0cDovL3d3dy53My5vcmcvMjAwMC9zdmciPjwvc3ZnPg==\" style=\"--smush-placeholder-width: 512px; --smush-placeholder-aspect-ratio: 512\/512;\" \/>\t\t\t\t\t\t\t\t\t\t\t\t\t\t\t<\/div>\n\t\t\t\t<\/div>\n\t\t\t\t\t<\/div>\n\t\t\t\t<\/div>\n\t\t<div class=\"elementor-element elementor-element-a97ee14 e-flex e-con-boxed e-con e-parent\" data-id=\"a97ee14\" data-element_type=\"container\" data-e-type=\"container\" data-settings=\"{&quot;background_background&quot;:&quot;classic&quot;}\">\n\t\t\t\t\t<div class=\"e-con-inner\">\n\t\t\t\t<div class=\"elementor-element elementor-element-c592fc1 elementor-widget elementor-widget-heading\" data-id=\"c592fc1\" data-element_type=\"widget\" data-e-type=\"widget\" data-widget_type=\"heading.default\">\n\t\t\t\t<div class=\"elementor-widget-container\">\n\t\t\t\t\t<span class=\"elementor-heading-title elementor-size-default\">Poljoservis Kljaki\u0107<\/span>\t\t\t\t<\/div>\n\t\t\t\t<\/div>\n\t\t\t\t<div class=\"elementor-element elementor-element-17a9caf elementor-widget__width-initial elementor-widget-tablet__width-inherit elementor-widget elementor-widget-heading\" data-id=\"17a9caf\" data-element_type=\"widget\" data-e-type=\"widget\" data-widget_type=\"heading.default\">\n\t\t\t\t<div class=\"elementor-widget-container\">\n\t\t\t\t\t<h2 class=\"elementor-heading-title elementor-size-default\">Potreban Vam je ekspert za poljoprivredne ma\u0161ine?<\/h2>\t\t\t\t<\/div>\n\t\t\t\t<\/div>\n\t\t\t\t<div class=\"elementor-element elementor-element-1988579 elementor-align-center elementor-mobile-align-justify elementor-widget-mobile__width-inherit elementor-widget elementor-widget-button\" data-id=\"1988579\" data-element_type=\"widget\" data-e-type=\"widget\" data-widget_type=\"button.default\">\n\t\t\t\t<div class=\"elementor-widget-container\">\n\t\t\t\t\t\t\t\t\t<div class=\"elementor-button-wrapper\">\n\t\t\t\t\t<a class=\"elementor-button elementor-button-link elementor-size-sm\" href=\"https:\/\/kopija.poljoserviskljakic.com\/hr\/kontakt\/\">\n\t\t\t\t\t\t<span class=\"elementor-button-content-wrapper\">\n\t\t\t\t\t\t\t\t\t<span class=\"elementor-button-text\">Kontaktirajte nas<\/span>\n\t\t\t\t\t<\/span>\n\t\t\t\t\t<\/a>\n\t\t\t\t<\/div>\n\t\t\t\t\t\t\t\t<\/div>\n\t\t\t\t<\/div>\n\t\t\t\t\t<\/div>\n\t\t\t\t<\/div>\n\t\t\t\t<\/div>\n\t\t","protected":false},"excerpt":{"rendered":"<p>Bo\u010dna kopa\u010dica \u2013 RADIUS: RADIUS je izuzetno precizan i siguran u radu oko vo\u0107aka. Dobija pogon od vanjskog hidrauli\u010dnog izvoda iz traktora. Postavlja se na sve postoje\u0107e traktore. Radna brzina je 5-10 km\/h (u\u010dinak 0,5-1,0 hektara na sat). Podseca i uni\u0161tava korov Pove\u0107ava rastresitost zemlji\u0161ta Razbija pokoricu, \u010dime se smanjuje gubitak vlage RADIUS se mo\u017ee [&hellip;]<\/p>\n","protected":false},"author":2,"featured_media":0,"parent":299,"menu_order":0,"comment_status":"closed","ping_status":"closed","template":"","meta":{"content-type":"","footnotes":""},"class_list":["post-494","page","type-page","status-publish","hentry"],"yoast_head":"<!-- This site is optimized with the Yoast SEO plugin v27.1.1 - https:\/\/yoast.com\/product\/yoast-seo-wordpress\/ -->\n<title>Odr\u017eavanje zemlji\u0161ta u vo\u0107njaku - Poljoservis Kljaki\u0107<\/title>\n<meta name=\"description\" content=\"Bo\u010dna kopa\u010dica RADIUS za odr\u017eavanje zemlji\u0161ta u vo\u0107njaku. Pove\u0107ava rastresitost tla, uni\u0161tava korov, razbija pokoricu i omogu\u0107ava efikasan rad sa hidrauli\u010dkim pogonom za traktore.\" \/>\n<meta name=\"robots\" content=\"index, follow, max-snippet:-1, max-image-preview:large, max-video-preview:-1\" \/>\n<link rel=\"canonical\" href=\"https:\/\/kopija.poljoserviskljakic.com\/hr\/strojevi\/strojevi-za-voce\/odrzavanje-vocnjaka\/\" \/>\n<meta property=\"og:locale\" content=\"hr_HR\" \/>\n<meta property=\"og:type\" content=\"article\" \/>\n<meta property=\"og:title\" content=\"Odr\u017eavanje zemlji\u0161ta u vo\u0107njaku - Poljoservis Kljaki\u0107\" \/>\n<meta property=\"og:description\" content=\"Bo\u010dna kopa\u010dica RADIUS za odr\u017eavanje zemlji\u0161ta u vo\u0107njaku. Pove\u0107ava rastresitost tla, uni\u0161tava korov, razbija pokoricu i omogu\u0107ava efikasan rad sa hidrauli\u010dkim pogonom za traktore.\" \/>\n<meta property=\"og:url\" content=\"https:\/\/kopija.poljoserviskljakic.com\/hr\/strojevi\/strojevi-za-voce\/odrzavanje-vocnjaka\/\" \/>\n<meta property=\"og:site_name\" content=\"Poljoservis Kljaki\u0107\" \/>\n<meta property=\"article:modified_time\" content=\"2026-03-03T09:44:14+00:00\" \/>\n<meta property=\"og:image\" content=\"https:\/\/kopija.poljoserviskljakic.com\/wp-content\/uploads\/2024\/06\/SB-orchard-Radius-freza.jpg\" \/>\n<meta name=\"twitter:card\" content=\"summary_large_image\" \/>\n<meta name=\"twitter:label1\" content=\"Procijenjeno vrijeme \u010ditanja\" \/>\n\t<meta name=\"twitter:data1\" content=\"1 minuta\" \/>\n<script type=\"application\/ld+json\" class=\"yoast-schema-graph\">{\"@context\":\"https:\/\/schema.org\",\"@graph\":[{\"@type\":\"WebPage\",\"@id\":\"https:\/\/kopija.poljoserviskljakic.com\/masine\/vocarske-masine\/odrzavanje-zemljista-u-vocnjaku\/\",\"url\":\"https:\/\/kopija.poljoserviskljakic.com\/masine\/vocarske-masine\/odrzavanje-zemljista-u-vocnjaku\/\",\"name\":\"Odr\u017eavanje zemlji\u0161ta u vo\u0107njaku - Poljoservis Kljaki\u0107\",\"isPartOf\":{\"@id\":\"https:\/\/kopija.poljoserviskljakic.com\/ru\/#website\"},\"primaryImageOfPage\":{\"@id\":\"https:\/\/kopija.poljoserviskljakic.com\/masine\/vocarske-masine\/odrzavanje-zemljista-u-vocnjaku\/#primaryimage\"},\"image\":{\"@id\":\"https:\/\/kopija.poljoserviskljakic.com\/masine\/vocarske-masine\/odrzavanje-zemljista-u-vocnjaku\/#primaryimage\"},\"thumbnailUrl\":\"https:\/\/kopija.poljoserviskljakic.com\/wp-content\/uploads\/2024\/06\/SB-orchard-Radius-freza.jpg\",\"datePublished\":\"2024-06-18T12:17:36+00:00\",\"dateModified\":\"2026-03-03T09:44:14+00:00\",\"description\":\"Bo\u010dna kopa\u010dica RADIUS za odr\u017eavanje zemlji\u0161ta u vo\u0107njaku. Pove\u0107ava rastresitost tla, uni\u0161tava korov, razbija pokoricu i omogu\u0107ava efikasan rad sa hidrauli\u010dkim pogonom za traktore.\",\"breadcrumb\":{\"@id\":\"https:\/\/kopija.poljoserviskljakic.com\/masine\/vocarske-masine\/odrzavanje-zemljista-u-vocnjaku\/#breadcrumb\"},\"inLanguage\":\"hr\",\"potentialAction\":[{\"@type\":\"ReadAction\",\"target\":[\"https:\/\/kopija.poljoserviskljakic.com\/masine\/vocarske-masine\/odrzavanje-zemljista-u-vocnjaku\/\"]}]},{\"@type\":\"ImageObject\",\"inLanguage\":\"hr\",\"@id\":\"https:\/\/kopija.poljoserviskljakic.com\/masine\/vocarske-masine\/odrzavanje-zemljista-u-vocnjaku\/#primaryimage\",\"url\":\"https:\/\/kopija.poljoserviskljakic.com\/wp-content\/uploads\/2024\/06\/SB-orchard-Radius-freza.jpg\",\"contentUrl\":\"https:\/\/kopija.poljoserviskljakic.com\/wp-content\/uploads\/2024\/06\/SB-orchard-Radius-freza.jpg\"},{\"@type\":\"BreadcrumbList\",\"@id\":\"https:\/\/kopija.poljoserviskljakic.com\/masine\/vocarske-masine\/odrzavanje-zemljista-u-vocnjaku\/#breadcrumb\",\"itemListElement\":[{\"@type\":\"ListItem\",\"position\":1,\"name\":\"Po\u010detna\",\"item\":\"https:\/\/kopija.poljoserviskljakic.com\/\"},{\"@type\":\"ListItem\",\"position\":2,\"name\":\"Ma\u0161ine\",\"item\":\"https:\/\/kopija.poljoserviskljakic.com\/hu\/gepek\/\"},{\"@type\":\"ListItem\",\"position\":3,\"name\":\"Vo\u0107arske ma\u0161ine\",\"item\":\"https:\/\/kopija.poljoserviskljakic.com\/masine\/vocarske-masine\/\"},{\"@type\":\"ListItem\",\"position\":4,\"name\":\"Odr\u017eavanje zemlji\u0161ta u vo\u0107njaku\"}]},{\"@type\":\"WebSite\",\"@id\":\"https:\/\/kopija.poljoserviskljakic.com\/ru\/#website\",\"url\":\"https:\/\/kopija.poljoserviskljakic.com\/ru\/\",\"name\":\"Poljoservis Kljaki\u0107\",\"description\":\"Servis i prodaja poljoprivredne opreme\",\"publisher\":{\"@id\":\"https:\/\/kopija.poljoserviskljakic.com\/ru\/#organization\"},\"potentialAction\":[{\"@type\":\"SearchAction\",\"target\":{\"@type\":\"EntryPoint\",\"urlTemplate\":\"https:\/\/kopija.poljoserviskljakic.com\/ru\/?s={search_term_string}\"},\"query-input\":{\"@type\":\"PropertyValueSpecification\",\"valueRequired\":true,\"valueName\":\"search_term_string\"}}],\"inLanguage\":\"hr\"},{\"@type\":\"Organization\",\"@id\":\"https:\/\/kopija.poljoserviskljakic.com\/ru\/#organization\",\"name\":\"Poljoservis Kljaki\u0107\",\"url\":\"https:\/\/kopija.poljoserviskljakic.com\/ru\/\",\"logo\":{\"@type\":\"ImageObject\",\"inLanguage\":\"hr\",\"@id\":\"https:\/\/kopija.poljoserviskljakic.com\/ru\/#\/schema\/logo\/image\/\",\"url\":\"https:\/\/kopija.poljoserviskljakic.com\/wp-content\/uploads\/2024\/06\/logo-e1717595433124.png\",\"contentUrl\":\"https:\/\/kopija.poljoserviskljakic.com\/wp-content\/uploads\/2024\/06\/logo-e1717595433124.png\",\"width\":491,\"height\":130,\"caption\":\"Poljoservis Kljaki\u0107\"},\"image\":{\"@id\":\"https:\/\/kopija.poljoserviskljakic.com\/ru\/#\/schema\/logo\/image\/\"},\"sameAs\":[\"https:\/\/www.instagram.com\/poljoserviskljakic\/\"]}]}<\/script>\n<!-- \/ Yoast SEO plugin. -->","yoast_head_json":{"title":"Odr\u017eavanje tla u vo\u0107njaku - Poljoservis Kljaki\u0107","description":"Bo\u010dna kopa\u010dica RADIUS za odr\u017eavanje zemlji\u0161ta u vo\u0107njaku. Pove\u0107ava rastresitost tla, uni\u0161tava korov, razbija pokoricu i omogu\u0107ava efikasan rad sa hidrauli\u010dkim pogonom za traktore.","robots":{"index":"index","follow":"follow","max-snippet":"max-snippet:-1","max-image-preview":"max-image-preview:large","max-video-preview":"max-video-preview:-1"},"canonical":"https:\/\/kopija.poljoserviskljakic.com\/hr\/strojevi\/strojevi-za-voce\/odrzavanje-vocnjaka\/","og_locale":"hr_HR","og_type":"article","og_title":"Odr\u017eavanje zemlji\u0161ta u vo\u0107njaku - Poljoservis Kljaki\u0107","og_description":"Bo\u010dna kopa\u010dica RADIUS za odr\u017eavanje zemlji\u0161ta u vo\u0107njaku. Pove\u0107ava rastresitost tla, uni\u0161tava korov, razbija pokoricu i omogu\u0107ava efikasan rad sa hidrauli\u010dkim pogonom za traktore.","og_url":"https:\/\/kopija.poljoserviskljakic.com\/hr\/strojevi\/strojevi-za-voce\/odrzavanje-vocnjaka\/","og_site_name":"Poljoservis Kljaki\u0107","article_modified_time":"2026-03-03T09:44:14+00:00","og_image":[{"url":"https:\/\/kopija.poljoserviskljakic.com\/wp-content\/uploads\/2024\/06\/SB-orchard-Radius-freza.jpg","type":"","width":"","height":""}],"twitter_card":"summary_large_image","twitter_misc":{"Procijenjeno vrijeme \u010ditanja":"1 minuta"},"schema":{"@context":"https:\/\/schema.org","@graph":[{"@type":"WebPage","@id":"https:\/\/kopija.poljoserviskljakic.com\/masine\/vocarske-masine\/odrzavanje-zemljista-u-vocnjaku\/","url":"https:\/\/kopija.poljoserviskljakic.com\/masine\/vocarske-masine\/odrzavanje-zemljista-u-vocnjaku\/","name":"Odr\u017eavanje tla u vo\u0107njaku - Poljoservis Kljaki\u0107","isPartOf":{"@id":"https:\/\/kopija.poljoserviskljakic.com\/ru\/#website"},"primaryImageOfPage":{"@id":"https:\/\/kopija.poljoserviskljakic.com\/masine\/vocarske-masine\/odrzavanje-zemljista-u-vocnjaku\/#primaryimage"},"image":{"@id":"https:\/\/kopija.poljoserviskljakic.com\/masine\/vocarske-masine\/odrzavanje-zemljista-u-vocnjaku\/#primaryimage"},"thumbnailUrl":"https:\/\/kopija.poljoserviskljakic.com\/wp-content\/uploads\/2024\/06\/SB-orchard-Radius-freza.jpg","datePublished":"2024-06-18T12:17:36+00:00","dateModified":"2026-03-03T09:44:14+00:00","description":"Bo\u010dna kopa\u010dica RADIUS za odr\u017eavanje zemlji\u0161ta u vo\u0107njaku. Pove\u0107ava rastresitost tla, uni\u0161tava korov, razbija pokoricu i omogu\u0107ava efikasan rad sa hidrauli\u010dkim pogonom za traktore.","breadcrumb":{"@id":"https:\/\/kopija.poljoserviskljakic.com\/masine\/vocarske-masine\/odrzavanje-zemljista-u-vocnjaku\/#breadcrumb"},"inLanguage":"hr","potentialAction":[{"@type":"ReadAction","target":["https:\/\/kopija.poljoserviskljakic.com\/masine\/vocarske-masine\/odrzavanje-zemljista-u-vocnjaku\/"]}]},{"@type":"ImageObject","inLanguage":"hr","@id":"https:\/\/kopija.poljoserviskljakic.com\/masine\/vocarske-masine\/odrzavanje-zemljista-u-vocnjaku\/#primaryimage","url":"https:\/\/kopija.poljoserviskljakic.com\/wp-content\/uploads\/2024\/06\/SB-orchard-Radius-freza.jpg","contentUrl":"https:\/\/kopija.poljoserviskljakic.com\/wp-content\/uploads\/2024\/06\/SB-orchard-Radius-freza.jpg"},{"@type":"BreadcrumbList","@id":"https:\/\/kopija.poljoserviskljakic.com\/masine\/vocarske-masine\/odrzavanje-zemljista-u-vocnjaku\/#breadcrumb","itemListElement":[{"@type":"ListItem","position":1,"name":"Po\u010detna","item":"https:\/\/kopija.poljoserviskljakic.com\/"},{"@type":"ListItem","position":2,"name":"Ma\u0161ine","item":"https:\/\/kopija.poljoserviskljakic.com\/hu\/gepek\/"},{"@type":"ListItem","position":3,"name":"Vo\u0107arske ma\u0161ine","item":"https:\/\/kopija.poljoserviskljakic.com\/masine\/vocarske-masine\/"},{"@type":"ListItem","position":4,"name":"Odr\u017eavanje zemlji\u0161ta u vo\u0107njaku"}]},{"@type":"WebSite","@id":"https:\/\/kopija.poljoserviskljakic.com\/ru\/#website","url":"https:\/\/kopija.poljoserviskljakic.com\/ru\/","name":"Poljoservis Kljaki\u0107","description":"Servis i prodaja poljoprivredne opreme","publisher":{"@id":"https:\/\/kopija.poljoserviskljakic.com\/ru\/#organization"},"potentialAction":[{"@type":"SearchAction","target":{"@type":"EntryPoint","urlTemplate":"https:\/\/kopija.poljoserviskljakic.com\/ru\/?s={search_term_string}"},"query-input":{"@type":"PropertyValueSpecification","valueRequired":true,"valueName":"search_term_string"}}],"inLanguage":"hr"},{"@type":"Organization","@id":"https:\/\/kopija.poljoserviskljakic.com\/ru\/#organization","name":"Poljoservis Kljaki\u0107","url":"https:\/\/kopija.poljoserviskljakic.com\/ru\/","logo":{"@type":"ImageObject","inLanguage":"hr","@id":"https:\/\/kopija.poljoserviskljakic.com\/ru\/#\/schema\/logo\/image\/","url":"https:\/\/kopija.poljoserviskljakic.com\/wp-content\/uploads\/2024\/06\/logo-e1717595433124.png","contentUrl":"https:\/\/kopija.poljoserviskljakic.com\/wp-content\/uploads\/2024\/06\/logo-e1717595433124.png","width":491,"height":130,"caption":"Poljoservis Kljaki\u0107"},"image":{"@id":"https:\/\/kopija.poljoserviskljakic.com\/ru\/#\/schema\/logo\/image\/"},"sameAs":["https:\/\/www.instagram.com\/poljoserviskljakic\/"]}]}},"_links":{"self":[{"href":"https:\/\/kopija.poljoserviskljakic.com\/hr\/wp-json\/wp\/v2\/pages\/494","targetHints":{"allow":["GET"]}}],"collection":[{"href":"https:\/\/kopija.poljoserviskljakic.com\/hr\/wp-json\/wp\/v2\/pages"}],"about":[{"href":"https:\/\/kopija.poljoserviskljakic.com\/hr\/wp-json\/wp\/v2\/types\/page"}],"author":[{"embeddable":true,"href":"https:\/\/kopija.poljoserviskljakic.com\/hr\/wp-json\/wp\/v2\/users\/2"}],"replies":[{"embeddable":true,"href":"https:\/\/kopija.poljoserviskljakic.com\/hr\/wp-json\/wp\/v2\/comments?post=494"}],"version-history":[{"count":35,"href":"https:\/\/kopija.poljoserviskljakic.com\/hr\/wp-json\/wp\/v2\/pages\/494\/revisions"}],"predecessor-version":[{"id":3097,"href":"https:\/\/kopija.poljoserviskljakic.com\/hr\/wp-json\/wp\/v2\/pages\/494\/revisions\/3097"}],"up":[{"embeddable":true,"href":"https:\/\/kopija.poljoserviskljakic.com\/hr\/wp-json\/wp\/v2\/pages\/299"}],"wp:attachment":[{"href":"https:\/\/kopija.poljoserviskljakic.com\/hr\/wp-json\/wp\/v2\/media?parent=494"}],"curies":[{"name":"radni list","href":"https:\/\/api.w.org\/{rel}","templated":true}]}}