{"id":311,"date":"2024-06-14T11:20:25","date_gmt":"2024-06-14T11:20:25","guid":{"rendered":"https:\/\/kljajic.element-web.com\/?page_id=311"},"modified":"2026-03-02T12:38:51","modified_gmt":"2026-03-02T12:38:51","slug":"roti-inguste-si-duble","status":"publish","type":"page","link":"https:\/\/kopija.poljoserviskljakic.com\/ro\/masine\/uski-i-dupli-tockovi\/","title":{"rendered":"Ro\u021bi \u00eenguste \u0219i duble"},"content":{"rendered":"\t\t<div data-elementor-type=\"wp-page\" data-elementor-id=\"311\" class=\"elementor elementor-311\" data-elementor-post-type=\"page\">\n\t\t\t\t<div class=\"elementor-element elementor-element-ace556b e-flex e-con-boxed e-con e-parent\" data-id=\"ace556b\" data-element_type=\"container\" data-e-type=\"container\" data-settings=\"{&quot;background_background&quot;:&quot;classic&quot;}\">\n\t\t\t\t\t<div class=\"e-con-inner\">\n\t\t\t\t\t<\/div>\n\t\t\t\t<\/div>\n\t\t<div class=\"elementor-element elementor-element-bb1d6f7 e-flex e-con-boxed e-con e-parent\" data-id=\"bb1d6f7\" data-element_type=\"container\" data-e-type=\"container\">\n\t\t\t\t\t<div class=\"e-con-inner\">\n\t\t\t\t<div class=\"elementor-element elementor-element-8b3644b elementor-widget__width-initial elementor-widget-tablet__width-inherit elementor-widget elementor-widget-text-editor\" data-id=\"8b3644b\" data-element_type=\"widget\" data-e-type=\"widget\" data-widget_type=\"text-editor.default\">\n\t\t\t\t<div class=\"elementor-widget-container\">\n\t\t\t\t\t\t\t\t\t<p>Deo na\u0161e ponude \u010dine uski i dupli to\u010dkovi za Va\u0161 traktor. Felne vrhunskog kvaliteta svih tipova italijansko-danske proizvodnje sa odli\u010dnom zavr\u0161nom obradom. Zajedno \u0107emo odabrati ta\u010dno ono \u0161to Vam je potrebno.<\/p>\t\t\t\t\t\t\t\t<\/div>\n\t\t\t\t<\/div>\n\t\t\t\t<div class=\"elementor-element elementor-element-488beaf elementor-align-left elementor-mobile-align-justify elementor-widget-mobile__width-inherit elementor-widget elementor-widget-button\" data-id=\"488beaf\" data-element_type=\"widget\" data-e-type=\"widget\" data-widget_type=\"button.default\">\n\t\t\t\t<div class=\"elementor-widget-container\">\n\t\t\t\t\t\t\t\t\t<div class=\"elementor-button-wrapper\">\n\t\t\t\t\t<a class=\"elementor-button elementor-button-link elementor-size-sm\" href=\"#elementor-action%3Aaction%3Dpopup%3Aopen%26settings%3DeyJpZCI6IjQ1MyIsInRvZ2dsZSI6ZmFsc2V9\">\n\t\t\t\t\t\t<span class=\"elementor-button-content-wrapper\">\n\t\t\t\t\t\t\t\t\t<span class=\"elementor-button-text\">Po\u0161aljite upit<\/span>\n\t\t\t\t\t<\/span>\n\t\t\t\t\t<\/a>\n\t\t\t\t<\/div>\n\t\t\t\t\t\t\t\t<\/div>\n\t\t\t\t<\/div>\n\t\t\t\t<div class=\"elementor-element elementor-element-1b1cbe4 elementor-widget elementor-widget-gallery\" data-id=\"1b1cbe4\" data-element_type=\"widget\" data-e-type=\"widget\" data-settings=\"{&quot;gallery_layout&quot;:&quot;grid&quot;,&quot;columns&quot;:4,&quot;columns_tablet&quot;:2,&quot;columns_mobile&quot;:1,&quot;gap&quot;:{&quot;unit&quot;:&quot;px&quot;,&quot;size&quot;:10,&quot;sizes&quot;:[]},&quot;gap_laptop&quot;:{&quot;unit&quot;:&quot;px&quot;,&quot;size&quot;:10,&quot;sizes&quot;:[]},&quot;gap_tablet&quot;:{&quot;unit&quot;:&quot;px&quot;,&quot;size&quot;:10,&quot;sizes&quot;:[]},&quot;gap_mobile&quot;:{&quot;unit&quot;:&quot;px&quot;,&quot;size&quot;:10,&quot;sizes&quot;:[]},&quot;link_to&quot;:&quot;file&quot;,&quot;aspect_ratio&quot;:&quot;3:2&quot;,&quot;overlay_background&quot;:&quot;yes&quot;,&quot;content_hover_animation&quot;:&quot;fade-in&quot;}\" data-widget_type=\"gallery.default\">\n\t\t\t\t<div class=\"elementor-widget-container\">\n\t\t\t\t\t\t\t<div class=\"elementor-gallery__container\">\n\t\t\t\t\t\t\t<a class=\"e-gallery-item elementor-gallery-item elementor-animated-content\" href=\"https:\/\/kopija.poljoserviskljakic.com\/wp-content\/uploads\/2024\/06\/MD-STRETTE-217x300-1.jpg\" data-elementor-open-lightbox=\"yes\" data-elementor-lightbox-slideshow=\"1b1cbe4\" data-elementor-lightbox-title=\"MD-STRETTE-217x300\" data-e-action-hash=\"#elementor-action%3Aaction%3Dlightbox%26settings%3DeyJpZCI6MTMxNCwidXJsIjoiaHR0cHM6XC9cL2tvcGlqYS5wb2xqb3NlcnZpc2tsamFraWMuY29tXC93cC1jb250ZW50XC91cGxvYWRzXC8yMDI0XC8wNlwvTUQtU1RSRVRURS0yMTd4MzAwLTEuanBnIiwic2xpZGVzaG93IjoiMWIxY2JlNCJ9\">\n\t\t\t\t\t<div class=\"e-gallery-image elementor-gallery-item__image\" data-thumbnail=\"https:\/\/kopija.poljoserviskljakic.com\/wp-content\/uploads\/2024\/06\/MD-STRETTE-217x300-1.jpg\" data-width=\"217\" data-height=\"300\" aria-label=\"\" role=\"img\" ><\/div>\n\t\t\t\t\t\t\t\t\t\t\t<div class=\"elementor-gallery-item__overlay\"><\/div>\n\t\t\t\t\t\t\t\t\t\t\t\t\t\t<\/a>\n\t\t\t\t\t\t\t<a class=\"e-gallery-item elementor-gallery-item elementor-animated-content\" href=\"https:\/\/kopija.poljoserviskljakic.com\/wp-content\/uploads\/2024\/06\/rowcrop_3__large.jpg\" data-elementor-open-lightbox=\"yes\" data-elementor-lightbox-slideshow=\"1b1cbe4\" data-elementor-lightbox-title=\"rowcrop_3__large\" data-e-action-hash=\"#elementor-action%3Aaction%3Dlightbox%26settings%3DeyJpZCI6MTMxNSwidXJsIjoiaHR0cHM6XC9cL2tvcGlqYS5wb2xqb3NlcnZpc2tsamFraWMuY29tXC93cC1jb250ZW50XC91cGxvYWRzXC8yMDI0XC8wNlwvcm93Y3JvcF8zX19sYXJnZS5qcGciLCJzbGlkZXNob3ciOiIxYjFjYmU0In0%3D\">\n\t\t\t\t\t<div class=\"e-gallery-image elementor-gallery-item__image\" data-thumbnail=\"https:\/\/kopija.poljoserviskljakic.com\/wp-content\/uploads\/2024\/06\/rowcrop_3__large.jpg\" data-width=\"450\" data-height=\"340\" aria-label=\"\" role=\"img\" ><\/div>\n\t\t\t\t\t\t\t\t\t\t\t<div class=\"elementor-gallery-item__overlay\"><\/div>\n\t\t\t\t\t\t\t\t\t\t\t\t\t\t<\/a>\n\t\t\t\t\t\t\t<a class=\"e-gallery-item elementor-gallery-item elementor-animated-content\" href=\"https:\/\/kopija.poljoserviskljakic.com\/wp-content\/uploads\/2024\/06\/5805be9def6be.jpg\" data-elementor-open-lightbox=\"yes\" data-elementor-lightbox-slideshow=\"1b1cbe4\" data-elementor-lightbox-title=\"5805be9def6be\" data-e-action-hash=\"#elementor-action%3Aaction%3Dlightbox%26settings%3DeyJpZCI6MTMxMSwidXJsIjoiaHR0cHM6XC9cL2tvcGlqYS5wb2xqb3NlcnZpc2tsamFraWMuY29tXC93cC1jb250ZW50XC91cGxvYWRzXC8yMDI0XC8wNlwvNTgwNWJlOWRlZjZiZS5qcGciLCJzbGlkZXNob3ciOiIxYjFjYmU0In0%3D\">\n\t\t\t\t\t<div class=\"e-gallery-image elementor-gallery-item__image\" data-thumbnail=\"https:\/\/kopija.poljoserviskljakic.com\/wp-content\/uploads\/2024\/06\/5805be9def6be.jpg\" data-width=\"662\" data-height=\"400\" aria-label=\"\" role=\"img\" ><\/div>\n\t\t\t\t\t\t\t\t\t\t\t<div class=\"elementor-gallery-item__overlay\"><\/div>\n\t\t\t\t\t\t\t\t\t\t\t\t\t\t<\/a>\n\t\t\t\t\t\t\t<a class=\"e-gallery-item elementor-gallery-item elementor-animated-content\" href=\"https:\/\/kopija.poljoserviskljakic.com\/wp-content\/uploads\/2024\/06\/donati.jpg\" data-elementor-open-lightbox=\"yes\" data-elementor-lightbox-slideshow=\"1b1cbe4\" data-elementor-lightbox-title=\"donati\" data-e-action-hash=\"#elementor-action%3Aaction%3Dlightbox%26settings%3DeyJpZCI6MTMxMywidXJsIjoiaHR0cHM6XC9cL2tvcGlqYS5wb2xqb3NlcnZpc2tsamFraWMuY29tXC93cC1jb250ZW50XC91cGxvYWRzXC8yMDI0XC8wNlwvZG9uYXRpLmpwZyIsInNsaWRlc2hvdyI6IjFiMWNiZTQifQ%3D%3D\">\n\t\t\t\t\t<div class=\"e-gallery-image elementor-gallery-item__image\" data-thumbnail=\"https:\/\/kopija.poljoserviskljakic.com\/wp-content\/uploads\/2024\/06\/donati.jpg\" data-width=\"840\" data-height=\"396\" aria-label=\"\" role=\"img\" ><\/div>\n\t\t\t\t\t\t\t\t\t\t\t<div class=\"elementor-gallery-item__overlay\"><\/div>\n\t\t\t\t\t\t\t\t\t\t\t\t\t\t<\/a>\n\t\t\t\t\t\t\t<a class=\"e-gallery-item elementor-gallery-item elementor-animated-content\" href=\"https:\/\/kopija.poljoserviskljakic.com\/wp-content\/uploads\/2024\/06\/575114d3c3386.jpg\" data-elementor-open-lightbox=\"yes\" data-elementor-lightbox-slideshow=\"1b1cbe4\" data-elementor-lightbox-title=\"575114d3c3386\" data-e-action-hash=\"#elementor-action%3Aaction%3Dlightbox%26settings%3DeyJpZCI6MTMxMiwidXJsIjoiaHR0cHM6XC9cL2tvcGlqYS5wb2xqb3NlcnZpc2tsamFraWMuY29tXC93cC1jb250ZW50XC91cGxvYWRzXC8yMDI0XC8wNlwvNTc1MTE0ZDNjMzM4Ni5qcGciLCJzbGlkZXNob3ciOiIxYjFjYmU0In0%3D\">\n\t\t\t\t\t<div class=\"e-gallery-image elementor-gallery-item__image\" data-thumbnail=\"https:\/\/kopija.poljoserviskljakic.com\/wp-content\/uploads\/2024\/06\/575114d3c3386.jpg\" data-width=\"662\" data-height=\"400\" aria-label=\"\" role=\"img\" ><\/div>\n\t\t\t\t\t\t\t\t\t\t\t<div class=\"elementor-gallery-item__overlay\"><\/div>\n\t\t\t\t\t\t\t\t\t\t\t\t\t\t<\/a>\n\t\t\t\t\t<\/div>\n\t\t\t\t\t<\/div>\n\t\t\t\t<\/div>\n\t\t\t\t<div class=\"elementor-element elementor-element-0b15579 elementor-absolute elementor-widget elementor-widget-image\" data-id=\"0b15579\" data-element_type=\"widget\" data-e-type=\"widget\" data-settings=\"{&quot;_position&quot;:&quot;absolute&quot;,&quot;motion_fx_motion_fx_scrolling&quot;:&quot;yes&quot;,&quot;motion_fx_translateX_effect&quot;:&quot;yes&quot;,&quot;motion_fx_translateX_speed&quot;:{&quot;unit&quot;:&quot;px&quot;,&quot;size&quot;:4,&quot;sizes&quot;:[]},&quot;motion_fx_translateX_affectedRange&quot;:{&quot;unit&quot;:&quot;%&quot;,&quot;size&quot;:&quot;&quot;,&quot;sizes&quot;:{&quot;start&quot;:0,&quot;end&quot;:100}},&quot;motion_fx_devices&quot;:[&quot;desktop&quot;,&quot;laptop&quot;,&quot;tablet&quot;,&quot;mobile&quot;]}\" data-widget_type=\"image.default\">\n\t\t\t\t<div class=\"elementor-widget-container\">\n\t\t\t\t\t\t\t\t\t\t\t\t\t\t\t<img fetchpriority=\"high\" decoding=\"async\" width=\"512\" height=\"512\" src=\"https:\/\/kopija.poljoserviskljakic.com\/wp-content\/uploads\/2024\/06\/favicon1.png\" class=\"attachment-full size-full wp-image-420\" alt=\"\" srcset=\"https:\/\/kopija.poljoserviskljakic.com\/wp-content\/uploads\/2024\/06\/favicon1.png 512w, https:\/\/kopija.poljoserviskljakic.com\/wp-content\/uploads\/2024\/06\/favicon1-300x300.png 300w, https:\/\/kopija.poljoserviskljakic.com\/wp-content\/uploads\/2024\/06\/favicon1-150x150.png 150w\" sizes=\"(max-width: 512px) 100vw, 512px\" \/>\t\t\t\t\t\t\t\t\t\t\t\t\t\t\t<\/div>\n\t\t\t\t<\/div>\n\t\t\t\t\t<\/div>\n\t\t\t\t<\/div>\n\t\t<div class=\"elementor-element elementor-element-9271879 e-flex e-con-boxed e-con e-parent\" data-id=\"9271879\" data-element_type=\"container\" data-e-type=\"container\" data-settings=\"{&quot;background_background&quot;:&quot;classic&quot;}\">\n\t\t\t\t\t<div class=\"e-con-inner\">\n\t\t\t\t<div class=\"elementor-element elementor-element-215ff9c elementor-widget elementor-widget-heading\" data-id=\"215ff9c\" data-element_type=\"widget\" data-e-type=\"widget\" data-widget_type=\"heading.default\">\n\t\t\t\t<div class=\"elementor-widget-container\">\n\t\t\t\t\t<span class=\"elementor-heading-title elementor-size-default\">Poljoservis Kljaki\u0107<\/span>\t\t\t\t<\/div>\n\t\t\t\t<\/div>\n\t\t\t\t<div class=\"elementor-element elementor-element-dfb108d elementor-widget__width-initial elementor-widget-tablet__width-inherit elementor-widget elementor-widget-heading\" data-id=\"dfb108d\" data-element_type=\"widget\" data-e-type=\"widget\" data-widget_type=\"heading.default\">\n\t\t\t\t<div class=\"elementor-widget-container\">\n\t\t\t\t\t<h2 class=\"elementor-heading-title elementor-size-default\">Potreban Vam je ekspert za poljoprivredne ma\u0161ine?<\/h2>\t\t\t\t<\/div>\n\t\t\t\t<\/div>\n\t\t\t\t<div class=\"elementor-element elementor-element-9b2cd4c elementor-align-center elementor-mobile-align-justify elementor-widget-mobile__width-inherit elementor-widget elementor-widget-button\" data-id=\"9b2cd4c\" data-element_type=\"widget\" data-e-type=\"widget\" data-widget_type=\"button.default\">\n\t\t\t\t<div class=\"elementor-widget-container\">\n\t\t\t\t\t\t\t\t\t<div class=\"elementor-button-wrapper\">\n\t\t\t\t\t<a class=\"elementor-button elementor-button-link elementor-size-sm\" href=\"https:\/\/kopija.poljoserviskljakic.com\/ro\/kontakt\/\">\n\t\t\t\t\t\t<span class=\"elementor-button-content-wrapper\">\n\t\t\t\t\t\t\t\t\t<span class=\"elementor-button-text\">Kontaktirajte nas<\/span>\n\t\t\t\t\t<\/span>\n\t\t\t\t\t<\/a>\n\t\t\t\t<\/div>\n\t\t\t\t\t\t\t\t<\/div>\n\t\t\t\t<\/div>\n\t\t\t\t\t<\/div>\n\t\t\t\t<\/div>\n\t\t\t\t<\/div>\n\t\t","protected":false},"excerpt":{"rendered":"<p>O parte a ofertei noastre include ro\u021bi \u00eenguste \u0219i duble pentru tractorul dumneavoastr\u0103. Jante de calitate superioara de toate tipurile, productie italo-daneza, cu finisaje excelente. \u00cempreun\u0103 vom alege exact ceea ce ave\u021bi nevoie. Trimite\u021bi o \u00eentrebare c\u0103tre Poljoservis Kljaki\u0107 Ave\u021bi nevoie de un expert pentru ma\u0219ini agricole? Contacta\u0163i-ne<\/p>","protected":false},"author":2,"featured_media":0,"parent":25,"menu_order":0,"comment_status":"closed","ping_status":"closed","template":"","meta":{"content-type":"","footnotes":""},"class_list":["post-311","page","type-page","status-publish","hentry"],"yoast_head":"<!-- This site is optimized with the Yoast SEO plugin v27.1.1 - https:\/\/yoast.com\/product\/yoast-seo-wordpress\/ -->\n<title>Uski i dupli to\u010dkovi<\/title>\n<meta name=\"description\" content=\"Uski i dupli to\u010dkovi iz ponude Poljo Servis Kljaki\u0107 omogu\u0107avaju bolju stabilnost i prilago\u0111enu vu\u010du na razli\u010ditim povr\u0161inama, olak\u0161avaju\u0107i rad poljoprivrednih ma\u0161ina i traktora u izazovnim uslovima.\" \/>\n<meta name=\"robots\" content=\"index, follow, max-snippet:-1, max-image-preview:large, max-video-preview:-1\" \/>\n<link rel=\"canonical\" href=\"https:\/\/kopija.poljoserviskljakic.com\/ro\/masini\/roti-inguste-si-duble\/\" \/>\n<meta property=\"og:locale\" content=\"ro_RO\" \/>\n<meta property=\"og:type\" content=\"article\" \/>\n<meta property=\"og:title\" content=\"Uski i dupli to\u010dkovi\" \/>\n<meta property=\"og:description\" content=\"Uski i dupli to\u010dkovi iz ponude Poljo Servis Kljaki\u0107 omogu\u0107avaju bolju stabilnost i prilago\u0111enu vu\u010du na razli\u010ditim povr\u0161inama, olak\u0161avaju\u0107i rad poljoprivrednih ma\u0161ina i traktora u izazovnim uslovima.\" \/>\n<meta property=\"og:url\" content=\"https:\/\/kopija.poljoserviskljakic.com\/ro\/masini\/roti-inguste-si-duble\/\" \/>\n<meta property=\"og:site_name\" content=\"Poljoservis Kljaki\u0107\" \/>\n<meta property=\"article:modified_time\" content=\"2026-03-02T12:38:51+00:00\" \/>\n<meta property=\"og:image\" content=\"https:\/\/kopija.poljoserviskljakic.com\/wp-content\/uploads\/2024\/06\/favicon1.png\" \/>\n<meta name=\"twitter:card\" content=\"summary_large_image\" \/>\n<meta name=\"twitter:label1\" content=\"Timp estimat pentru citire\" \/>\n\t<meta name=\"twitter:data1\" content=\"1 minut\" \/>\n<script type=\"application\/ld+json\" class=\"yoast-schema-graph\">{\"@context\":\"https:\/\/schema.org\",\"@graph\":[{\"@type\":\"WebPage\",\"@id\":\"https:\/\/kopija.poljoserviskljakic.com\/bs\/masine\/uski-i-dupli-tockovi\/\",\"url\":\"https:\/\/kopija.poljoserviskljakic.com\/bs\/masine\/uski-i-dupli-tockovi\/\",\"name\":\"Uski i dupli to\u010dkovi\",\"isPartOf\":{\"@id\":\"https:\/\/kopija.poljoserviskljakic.com\/ru\/#website\"},\"primaryImageOfPage\":{\"@id\":\"https:\/\/kopija.poljoserviskljakic.com\/bs\/masine\/uski-i-dupli-tockovi\/#primaryimage\"},\"image\":{\"@id\":\"https:\/\/kopija.poljoserviskljakic.com\/bs\/masine\/uski-i-dupli-tockovi\/#primaryimage\"},\"thumbnailUrl\":\"https:\/\/kopija.poljoserviskljakic.com\/wp-content\/uploads\/2024\/06\/favicon1.png\",\"datePublished\":\"2024-06-14T11:20:25+00:00\",\"dateModified\":\"2026-03-02T12:38:51+00:00\",\"description\":\"Uski i dupli to\u010dkovi iz ponude Poljo Servis Kljaki\u0107 omogu\u0107avaju bolju stabilnost i prilago\u0111enu vu\u010du na razli\u010ditim povr\u0161inama, olak\u0161avaju\u0107i rad poljoprivrednih ma\u0161ina i traktora u izazovnim uslovima.\",\"breadcrumb\":{\"@id\":\"https:\/\/kopija.poljoserviskljakic.com\/bs\/masine\/uski-i-dupli-tockovi\/#breadcrumb\"},\"inLanguage\":\"ro-RO\",\"potentialAction\":[{\"@type\":\"ReadAction\",\"target\":[\"https:\/\/kopija.poljoserviskljakic.com\/bs\/masine\/uski-i-dupli-tockovi\/\"]}]},{\"@type\":\"ImageObject\",\"inLanguage\":\"ro-RO\",\"@id\":\"https:\/\/kopija.poljoserviskljakic.com\/bs\/masine\/uski-i-dupli-tockovi\/#primaryimage\",\"url\":\"https:\/\/kopija.poljoserviskljakic.com\/wp-content\/uploads\/2024\/06\/favicon1.png\",\"contentUrl\":\"https:\/\/kopija.poljoserviskljakic.com\/wp-content\/uploads\/2024\/06\/favicon1.png\"},{\"@type\":\"BreadcrumbList\",\"@id\":\"https:\/\/kopija.poljoserviskljakic.com\/bs\/masine\/uski-i-dupli-tockovi\/#breadcrumb\",\"itemListElement\":[{\"@type\":\"ListItem\",\"position\":1,\"name\":\"Po\u010detna\",\"item\":\"https:\/\/kopija.poljoserviskljakic.com\/\"},{\"@type\":\"ListItem\",\"position\":2,\"name\":\"Ma\u0161ine\",\"item\":\"https:\/\/kopija.poljoserviskljakic.com\/hu\/gepek\/\"},{\"@type\":\"ListItem\",\"position\":3,\"name\":\"Uski i dupli to\u010dkovi\"}]},{\"@type\":\"WebSite\",\"@id\":\"https:\/\/kopija.poljoserviskljakic.com\/ru\/#website\",\"url\":\"https:\/\/kopija.poljoserviskljakic.com\/ru\/\",\"name\":\"Poljoservis Kljaki\u0107\",\"description\":\"Servis i prodaja poljoprivredne opreme\",\"publisher\":{\"@id\":\"https:\/\/kopija.poljoserviskljakic.com\/ru\/#organization\"},\"potentialAction\":[{\"@type\":\"SearchAction\",\"target\":{\"@type\":\"EntryPoint\",\"urlTemplate\":\"https:\/\/kopija.poljoserviskljakic.com\/ru\/?s={search_term_string}\"},\"query-input\":{\"@type\":\"PropertyValueSpecification\",\"valueRequired\":true,\"valueName\":\"search_term_string\"}}],\"inLanguage\":\"ro-RO\"},{\"@type\":\"Organization\",\"@id\":\"https:\/\/kopija.poljoserviskljakic.com\/ru\/#organization\",\"name\":\"Poljoservis Kljaki\u0107\",\"url\":\"https:\/\/kopija.poljoserviskljakic.com\/ru\/\",\"logo\":{\"@type\":\"ImageObject\",\"inLanguage\":\"ro-RO\",\"@id\":\"https:\/\/kopija.poljoserviskljakic.com\/ru\/#\/schema\/logo\/image\/\",\"url\":\"https:\/\/kopija.poljoserviskljakic.com\/wp-content\/uploads\/2024\/06\/logo-e1717595433124.png\",\"contentUrl\":\"https:\/\/kopija.poljoserviskljakic.com\/wp-content\/uploads\/2024\/06\/logo-e1717595433124.png\",\"width\":491,\"height\":130,\"caption\":\"Poljoservis Kljaki\u0107\"},\"image\":{\"@id\":\"https:\/\/kopija.poljoserviskljakic.com\/ru\/#\/schema\/logo\/image\/\"},\"sameAs\":[\"https:\/\/www.instagram.com\/poljoserviskljakic\/\"]}]}<\/script>\n<!-- \/ Yoast SEO plugin. -->","yoast_head_json":{"title":"Ro\u021bi \u00eenguste \u0219i duble","description":"Uski i dupli to\u010dkovi iz ponude Poljo Servis Kljaki\u0107 omogu\u0107avaju bolju stabilnost i prilago\u0111enu vu\u010du na razli\u010ditim povr\u0161inama, olak\u0161avaju\u0107i rad poljoprivrednih ma\u0161ina i traktora u izazovnim uslovima.","robots":{"index":"index","follow":"follow","max-snippet":"max-snippet:-1","max-image-preview":"max-image-preview:large","max-video-preview":"max-video-preview:-1"},"canonical":"https:\/\/kopija.poljoserviskljakic.com\/ro\/masini\/roti-inguste-si-duble\/","og_locale":"ro_RO","og_type":"article","og_title":"Uski i dupli to\u010dkovi","og_description":"Uski i dupli to\u010dkovi iz ponude Poljo Servis Kljaki\u0107 omogu\u0107avaju bolju stabilnost i prilago\u0111enu vu\u010du na razli\u010ditim povr\u0161inama, olak\u0161avaju\u0107i rad poljoprivrednih ma\u0161ina i traktora u izazovnim uslovima.","og_url":"https:\/\/kopija.poljoserviskljakic.com\/ro\/masini\/roti-inguste-si-duble\/","og_site_name":"Poljoservis Kljaki\u0107","article_modified_time":"2026-03-02T12:38:51+00:00","og_image":[{"url":"https:\/\/kopija.poljoserviskljakic.com\/wp-content\/uploads\/2024\/06\/favicon1.png","type":"","width":"","height":""}],"twitter_card":"summary_large_image","twitter_misc":{"Timp estimat pentru citire":"1 minut"},"schema":{"@context":"https:\/\/schema.org","@graph":[{"@type":"WebPage","@id":"https:\/\/kopija.poljoserviskljakic.com\/bs\/masine\/uski-i-dupli-tockovi\/","url":"https:\/\/kopija.poljoserviskljakic.com\/bs\/masine\/uski-i-dupli-tockovi\/","name":"Ro\u021bi \u00eenguste \u0219i duble","isPartOf":{"@id":"https:\/\/kopija.poljoserviskljakic.com\/ru\/#website"},"primaryImageOfPage":{"@id":"https:\/\/kopija.poljoserviskljakic.com\/bs\/masine\/uski-i-dupli-tockovi\/#primaryimage"},"image":{"@id":"https:\/\/kopija.poljoserviskljakic.com\/bs\/masine\/uski-i-dupli-tockovi\/#primaryimage"},"thumbnailUrl":"https:\/\/kopija.poljoserviskljakic.com\/wp-content\/uploads\/2024\/06\/favicon1.png","datePublished":"2024-06-14T11:20:25+00:00","dateModified":"2026-03-02T12:38:51+00:00","description":"Uski i dupli to\u010dkovi iz ponude Poljo Servis Kljaki\u0107 omogu\u0107avaju bolju stabilnost i prilago\u0111enu vu\u010du na razli\u010ditim povr\u0161inama, olak\u0161avaju\u0107i rad poljoprivrednih ma\u0161ina i traktora u izazovnim uslovima.","breadcrumb":{"@id":"https:\/\/kopija.poljoserviskljakic.com\/bs\/masine\/uski-i-dupli-tockovi\/#breadcrumb"},"inLanguage":"ro-RO","potentialAction":[{"@type":"ReadAction","target":["https:\/\/kopija.poljoserviskljakic.com\/bs\/masine\/uski-i-dupli-tockovi\/"]}]},{"@type":"ImageObject","inLanguage":"ro-RO","@id":"https:\/\/kopija.poljoserviskljakic.com\/bs\/masine\/uski-i-dupli-tockovi\/#primaryimage","url":"https:\/\/kopija.poljoserviskljakic.com\/wp-content\/uploads\/2024\/06\/favicon1.png","contentUrl":"https:\/\/kopija.poljoserviskljakic.com\/wp-content\/uploads\/2024\/06\/favicon1.png"},{"@type":"BreadcrumbList","@id":"https:\/\/kopija.poljoserviskljakic.com\/bs\/masine\/uski-i-dupli-tockovi\/#breadcrumb","itemListElement":[{"@type":"ListItem","position":1,"name":"Po\u010detna","item":"https:\/\/kopija.poljoserviskljakic.com\/"},{"@type":"ListItem","position":2,"name":"Ma\u0161ine","item":"https:\/\/kopija.poljoserviskljakic.com\/hu\/gepek\/"},{"@type":"ListItem","position":3,"name":"Uski i dupli to\u010dkovi"}]},{"@type":"WebSite","@id":"https:\/\/kopija.poljoserviskljakic.com\/ru\/#website","url":"https:\/\/kopija.poljoserviskljakic.com\/ru\/","name":"Poljoservis Kljaki\u0107","description":"Service si vanzare utilaje agricole","publisher":{"@id":"https:\/\/kopija.poljoserviskljakic.com\/ru\/#organization"},"potentialAction":[{"@type":"SearchAction","target":{"@type":"EntryPoint","urlTemplate":"https:\/\/kopija.poljoserviskljakic.com\/ru\/?s={search_term_string}"},"query-input":{"@type":"PropertyValueSpecification","valueRequired":true,"valueName":"search_term_string"}}],"inLanguage":"ro-RO"},{"@type":"Organization","@id":"https:\/\/kopija.poljoserviskljakic.com\/ru\/#organization","name":"Poljoservis Kljaki\u0107","url":"https:\/\/kopija.poljoserviskljakic.com\/ru\/","logo":{"@type":"ImageObject","inLanguage":"ro-RO","@id":"https:\/\/kopija.poljoserviskljakic.com\/ru\/#\/schema\/logo\/image\/","url":"https:\/\/kopija.poljoserviskljakic.com\/wp-content\/uploads\/2024\/06\/logo-e1717595433124.png","contentUrl":"https:\/\/kopija.poljoserviskljakic.com\/wp-content\/uploads\/2024\/06\/logo-e1717595433124.png","width":491,"height":130,"caption":"Poljoservis Kljaki\u0107"},"image":{"@id":"https:\/\/kopija.poljoserviskljakic.com\/ru\/#\/schema\/logo\/image\/"},"sameAs":["https:\/\/www.instagram.com\/poljoserviskljakic\/"]}]}},"_links":{"self":[{"href":"https:\/\/kopija.poljoserviskljakic.com\/ro\/wp-json\/wp\/v2\/pages\/311","targetHints":{"allow":["GET"]}}],"collection":[{"href":"https:\/\/kopija.poljoserviskljakic.com\/ro\/wp-json\/wp\/v2\/pages"}],"about":[{"href":"https:\/\/kopija.poljoserviskljakic.com\/ro\/wp-json\/wp\/v2\/types\/page"}],"author":[{"embeddable":true,"href":"https:\/\/kopija.poljoserviskljakic.com\/ro\/wp-json\/wp\/v2\/users\/2"}],"replies":[{"embeddable":true,"href":"https:\/\/kopija.poljoserviskljakic.com\/ro\/wp-json\/wp\/v2\/comments?post=311"}],"version-history":[{"count":21,"href":"https:\/\/kopija.poljoserviskljakic.com\/ro\/wp-json\/wp\/v2\/pages\/311\/revisions"}],"predecessor-version":[{"id":3578,"href":"https:\/\/kopija.poljoserviskljakic.com\/ro\/wp-json\/wp\/v2\/pages\/311\/revisions\/3578"}],"up":[{"embeddable":true,"href":"https:\/\/kopija.poljoserviskljakic.com\/ro\/wp-json\/wp\/v2\/pages\/25"}],"wp:attachment":[{"href":"https:\/\/kopija.poljoserviskljakic.com\/ro\/wp-json\/wp\/v2\/media?parent=311"}],"curies":[{"name":"wp","href":"https:\/\/api.w.org\/{rel}","templated":true}]}}