{"id":3301,"date":"2025-06-02T14:19:16","date_gmt":"2025-06-02T14:19:16","guid":{"rendered":"https:\/\/kopija.poljoserviskljakic.com\/?page_id=3301"},"modified":"2026-03-03T10:15:49","modified_gmt":"2026-03-03T10:15:49","slug":"modelul-404-cu-cabina","status":"publish","type":"page","link":"https:\/\/kopija.poljoserviskljakic.com\/ro\/model-404-sa-kabinom\/","title":{"rendered":"MODEL 404 CU CABIN\u0102"},"content":{"rendered":"\t\t<div data-elementor-type=\"wp-page\" data-elementor-id=\"3301\" class=\"elementor elementor-3301\" data-elementor-post-type=\"page\">\n\t\t\t\t<div class=\"elementor-element elementor-element-5c60872 e-flex e-con-boxed e-con e-parent\" data-id=\"5c60872\" data-element_type=\"container\" data-e-type=\"container\">\n\t\t\t\t\t<div class=\"e-con-inner\">\n\t\t<div class=\"elementor-element elementor-element-76e9a45 e-con-full e-flex e-con e-child\" data-id=\"76e9a45\" data-element_type=\"container\" data-e-type=\"container\" data-settings=\"{&quot;background_background&quot;:&quot;classic&quot;}\">\n\t\t\t\t<div class=\"elementor-element elementor-element-1f1892d elementor-widget elementor-widget-heading\" data-id=\"1f1892d\" data-element_type=\"widget\" data-e-type=\"widget\" data-widget_type=\"heading.default\">\n\t\t\t\t<div class=\"elementor-widget-container\">\n\t\t\t\t\t<h1 class=\"elementor-heading-title elementor-size-default\">MODEL 404 sa kabinom<\/h1>\t\t\t\t<\/div>\n\t\t\t\t<\/div>\n\t\t\t\t<\/div>\n\t\t\t\t\t<\/div>\n\t\t\t\t<\/div>\n\t\t<div class=\"elementor-element elementor-element-1e354ee e-flex e-con-boxed e-con e-parent\" data-id=\"1e354ee\" data-element_type=\"container\" data-e-type=\"container\">\n\t\t\t\t\t<div class=\"e-con-inner\">\n\t\t<div class=\"elementor-element elementor-element-98f4812 e-con-full e-flex e-con e-child\" data-id=\"98f4812\" data-element_type=\"container\" data-e-type=\"container\">\n\t\t<div class=\"elementor-element elementor-element-a7c9945 e-con-full e-flex e-con e-child\" data-id=\"a7c9945\" data-element_type=\"container\" data-e-type=\"container\">\n\t\t<div class=\"elementor-element elementor-element-7422109 e-con-full e-flex e-con e-child\" data-id=\"7422109\" data-element_type=\"container\" data-e-type=\"container\">\n\t\t\t\t<div class=\"elementor-element elementor-element-f223324 elementor-drop-cap-yes elementor-drop-cap-view-default elementor-widget elementor-widget-text-editor\" data-id=\"f223324\" data-element_type=\"widget\" data-e-type=\"widget\" data-settings=\"{&quot;drop_cap&quot;:&quot;yes&quot;}\" data-widget_type=\"text-editor.default\">\n\t\t\t\t<div class=\"elementor-widget-container\">\n\t\t\t\t\t\t\t\t\t<h3 data-start=\"124\" data-end=\"202\">HANWO 404 \u2013 Kompaktan traktor snage 40 KS za pouzdanu svakodnevnu upotrebu<\/h3><p data-start=\"204\" data-end=\"507\">HANWO 404 je izdr\u017eljiv i prakti\u010dan traktor snage 40 KS, idealan za vo\u0107arstvo, povrtarstvo, vinogradarstvo i pomo\u0107ne radove na manjim i srednjim gazdinstvima. Opremljen \u010detvorocilindri\u010dnim motorom i pogonom na sve to\u010dkove (4WD), ovaj model pru\u017ea stabilnost, vu\u010du i radnu efikasnost u razli\u010ditim uslovima.<\/p><p data-start=\"509\" data-end=\"838\">Menja\u010d sa 8+8 brzina i mehani\u010dkim reverzerom omogu\u0107ava lako manevrisanje i promenu pravca bez gubitka vremena. Priklju\u010dni vratilo (PTO) sa dvostrukom brzinom (540\/1000 o\/min) omogu\u0107ava rad sa \u0161irokim spektrom priklju\u010dnih ma\u0161ina. Kategorija 1 spojnice obezbe\u0111uju jednostavno i sigurno ka\u010denje opreme na hidrauli\u010dni podizni ure\u0111aj.<\/p><p data-start=\"840\" data-end=\"1108\">Traktor je opremljen sigurnosnim ramom sa ROPS za\u0161titom i nadstre\u0161nicom protiv sunca, kao i Grammer sedi\u0161tem i podesivim volanom za udoban rad. Hidrauli\u010dni sistem visokog protoka (36\u201350 l\/min) i dva para spoljne hidraulike omogu\u0107avaju rad sa zahtevnijom mehanizacijom.<\/p><p data-start=\"1110\" data-end=\"1393\">Gume dimenzija 6.5-16 (prednje) i 11.2-24 (zadnje) pru\u017eaju odli\u010dnu stabilnost, dok su donja poteznica i tegovi (100 kg prednji, 50 kg zadnji) uklju\u010deni radi optimalne raspodele te\u017eine. Vazdu\u0161na instalacija sa kompresorom (jednokru\u017eni sistem) dodatno pove\u0107ava funkcionalnost traktora.<\/p><p data-start=\"1395\" data-end=\"1544\">Sa me\u0111uosovinskim rastojanjem od 1.920 mm i ukupnom te\u017einom od 1.750 kg sa tegovima, HANWO 404 je kompaktan, sna\u017ean i spreman za svakodnevne izazove.<\/p>\t\t\t\t\t\t\t\t<\/div>\n\t\t\t\t<\/div>\n\t\t\t\t<div class=\"elementor-element elementor-element-f835f8f elementor-align-left elementor-mobile-align-justify elementor-widget-mobile__width-inherit elementor-widget elementor-widget-button\" data-id=\"f835f8f\" data-element_type=\"widget\" data-e-type=\"widget\" data-widget_type=\"button.default\">\n\t\t\t\t<div class=\"elementor-widget-container\">\n\t\t\t\t\t\t\t\t\t<div class=\"elementor-button-wrapper\">\n\t\t\t\t\t<a class=\"elementor-button elementor-button-link elementor-size-sm\" href=\"#elementor-action%3Aaction%3Dpopup%3Aopen%26settings%3DeyJpZCI6IjQ1MyIsInRvZ2dsZSI6ZmFsc2V9\">\n\t\t\t\t\t\t<span class=\"elementor-button-content-wrapper\">\n\t\t\t\t\t\t\t\t\t<span class=\"elementor-button-text\">Po\u0161aljite upit<\/span>\n\t\t\t\t\t<\/span>\n\t\t\t\t\t<\/a>\n\t\t\t\t<\/div>\n\t\t\t\t\t\t\t\t<\/div>\n\t\t\t\t<\/div>\n\t\t\t\t<\/div>\n\t\t<div class=\"elementor-element elementor-element-2d48d44 e-con-full e-flex e-con e-child\" data-id=\"2d48d44\" data-element_type=\"container\" data-e-type=\"container\">\n\t\t\t\t<div class=\"elementor-element elementor-element-1e6a9f9 elementor-widget-tablet__width-inherit elementor-widget__width-inherit elementor-widget elementor-widget-image\" data-id=\"1e6a9f9\" data-element_type=\"widget\" data-e-type=\"widget\" data-widget_type=\"image.default\">\n\t\t\t\t<div class=\"elementor-widget-container\">\n\t\t\t\t\t\t\t\t\t\t\t\t\t\t\t<img fetchpriority=\"high\" decoding=\"async\" width=\"276\" height=\"300\" src=\"https:\/\/kopija.poljoserviskljakic.com\/wp-content\/uploads\/2025\/06\/404-SA-KABINOM-276x300.jpg\" class=\"attachment-medium size-medium wp-image-3261\" alt=\"\" srcset=\"https:\/\/kopija.poljoserviskljakic.com\/wp-content\/uploads\/2025\/06\/404-SA-KABINOM-276x300.jpg 276w, https:\/\/kopija.poljoserviskljakic.com\/wp-content\/uploads\/2025\/06\/404-SA-KABINOM-941x1024.jpg 941w, https:\/\/kopija.poljoserviskljakic.com\/wp-content\/uploads\/2025\/06\/404-SA-KABINOM-768x835.jpg 768w, https:\/\/kopija.poljoserviskljakic.com\/wp-content\/uploads\/2025\/06\/404-SA-KABINOM-11x12.jpg 11w, https:\/\/kopija.poljoserviskljakic.com\/wp-content\/uploads\/2025\/06\/404-SA-KABINOM.jpg 1072w\" sizes=\"(max-width: 276px) 100vw, 276px\" \/>\t\t\t\t\t\t\t\t\t\t\t\t\t\t\t<\/div>\n\t\t\t\t<\/div>\n\t\t\t\t<\/div>\n\t\t\t\t<div class=\"elementor-element elementor-element-03c2d06 elementor-absolute elementor-widget elementor-widget-image\" data-id=\"03c2d06\" data-element_type=\"widget\" data-e-type=\"widget\" data-settings=\"{&quot;_position&quot;:&quot;absolute&quot;,&quot;motion_fx_motion_fx_scrolling&quot;:&quot;yes&quot;,&quot;motion_fx_translateX_effect&quot;:&quot;yes&quot;,&quot;motion_fx_translateX_speed&quot;:{&quot;unit&quot;:&quot;px&quot;,&quot;size&quot;:4,&quot;sizes&quot;:[]},&quot;motion_fx_translateX_affectedRange&quot;:{&quot;unit&quot;:&quot;%&quot;,&quot;size&quot;:&quot;&quot;,&quot;sizes&quot;:{&quot;start&quot;:0,&quot;end&quot;:100}},&quot;motion_fx_devices&quot;:[&quot;desktop&quot;,&quot;laptop&quot;,&quot;tablet&quot;,&quot;mobile&quot;]}\" data-widget_type=\"image.default\">\n\t\t\t\t<div class=\"elementor-widget-container\">\n\t\t\t\t\t\t\t\t\t\t\t\t\t\t\t<img decoding=\"async\" width=\"512\" height=\"512\" data-src=\"https:\/\/kopija.poljoserviskljakic.com\/wp-content\/uploads\/2024\/06\/favicon1.png\" class=\"attachment-full size-full wp-image-420 lazyload\" alt=\"\" data-srcset=\"https:\/\/kopija.poljoserviskljakic.com\/wp-content\/uploads\/2024\/06\/favicon1.png 512w, https:\/\/kopija.poljoserviskljakic.com\/wp-content\/uploads\/2024\/06\/favicon1-300x300.png 300w, https:\/\/kopija.poljoserviskljakic.com\/wp-content\/uploads\/2024\/06\/favicon1-150x150.png 150w\" data-sizes=\"(max-width: 512px) 100vw, 512px\" src=\"data:image\/svg+xml;base64,PHN2ZyB3aWR0aD0iMSIgaGVpZ2h0PSIxIiB4bWxucz0iaHR0cDovL3d3dy53My5vcmcvMjAwMC9zdmciPjwvc3ZnPg==\" style=\"--smush-placeholder-width: 512px; --smush-placeholder-aspect-ratio: 512\/512;\" \/>\t\t\t\t\t\t\t\t\t\t\t\t\t\t\t<\/div>\n\t\t\t\t<\/div>\n\t\t\t\t<\/div>\n\t\t\t\t<\/div>\n\t\t\t\t\t<\/div>\n\t\t\t\t<\/div>\n\t\t<div class=\"elementor-element elementor-element-2dddb58 e-flex e-con-boxed e-con e-parent\" data-id=\"2dddb58\" data-element_type=\"container\" data-e-type=\"container\">\n\t\t\t\t\t<div class=\"e-con-inner\">\n\t\t<div class=\"elementor-element elementor-element-a739374 e-con-full e-flex e-con e-child\" data-id=\"a739374\" data-element_type=\"container\" data-e-type=\"container\" data-settings=\"{&quot;background_background&quot;:&quot;classic&quot;}\">\n\t\t\t\t<div class=\"elementor-element elementor-element-8743901 elementor-widget elementor-widget-heading\" data-id=\"8743901\" data-element_type=\"widget\" data-e-type=\"widget\" data-widget_type=\"heading.default\">\n\t\t\t\t<div class=\"elementor-widget-container\">\n\t\t\t\t\t<span class=\"elementor-heading-title elementor-size-default\">Poljoservis Kljaki\u0107<\/span>\t\t\t\t<\/div>\n\t\t\t\t<\/div>\n\t\t\t\t<div class=\"elementor-element elementor-element-d283b7e elementor-widget__width-initial elementor-widget-tablet__width-inherit elementor-widget elementor-widget-heading\" data-id=\"d283b7e\" data-element_type=\"widget\" data-e-type=\"widget\" data-widget_type=\"heading.default\">\n\t\t\t\t<div class=\"elementor-widget-container\">\n\t\t\t\t\t<h2 class=\"elementor-heading-title elementor-size-default\">Potreban Vam je ekspert za poljoprivredne ma\u0161ine?<\/h2>\t\t\t\t<\/div>\n\t\t\t\t<\/div>\n\t\t\t\t<div class=\"elementor-element elementor-element-723d704 elementor-align-center elementor-mobile-align-justify elementor-widget-mobile__width-inherit elementor-widget elementor-widget-button\" data-id=\"723d704\" data-element_type=\"widget\" data-e-type=\"widget\" data-widget_type=\"button.default\">\n\t\t\t\t<div class=\"elementor-widget-container\">\n\t\t\t\t\t\t\t\t\t<div class=\"elementor-button-wrapper\">\n\t\t\t\t\t<a class=\"elementor-button elementor-button-link elementor-size-sm\" href=\"https:\/\/kopija.poljoserviskljakic.com\/ro\/kontakt\/\">\n\t\t\t\t\t\t<span class=\"elementor-button-content-wrapper\">\n\t\t\t\t\t\t\t\t\t<span class=\"elementor-button-text\">Kontaktirajte nas<\/span>\n\t\t\t\t\t<\/span>\n\t\t\t\t\t<\/a>\n\t\t\t\t<\/div>\n\t\t\t\t\t\t\t\t<\/div>\n\t\t\t\t<\/div>\n\t\t\t\t<\/div>\n\t\t\t\t\t<\/div>\n\t\t\t\t<\/div>\n\t\t\t\t<\/div>\n\t\t","protected":false},"excerpt":{"rendered":"<p>MODEL 404 sa kabinom HANWO 404 \u2013 Kompaktan traktor snage 40 KS za pouzdanu svakodnevnu upotrebu HANWO 404 je izdr\u017eljiv i prakti\u010dan traktor snage 40 KS, idealan za vo\u0107arstvo, povrtarstvo, vinogradarstvo i pomo\u0107ne radove na manjim i srednjim gazdinstvima. Opremljen \u010detvorocilindri\u010dnim motorom i pogonom na sve to\u010dkove (4WD), ovaj model pru\u017ea stabilnost, vu\u010du i radnu [&hellip;]<\/p>\n","protected":false},"author":2,"featured_media":0,"parent":0,"menu_order":0,"comment_status":"closed","ping_status":"closed","template":"","meta":{"content-type":"","footnotes":""},"class_list":["post-3301","page","type-page","status-publish","hentry"],"yoast_head":"<!-- This site is optimized with the Yoast SEO plugin v27.1.1 - https:\/\/yoast.com\/product\/yoast-seo-wordpress\/ -->\n<title>MODEL 404 SA KABINOM - Poljoservis Kljaki\u0107<\/title>\n<meta name=\"description\" content=\"Traktor Hanwo 404 sa kabinom 40 KS sa \u010detvorocilindri\u010dnim motorom i pogonom na sve to\u010dkove. Idealan za vo\u0107arstvo, vinogradarstvo i povrtarstvo, opremljen hidraulikom, PTO ure\u0111ajem, sigurnosnim ramom i udobnim sedi\u0161tem za efikasan i siguran rad.\" \/>\n<meta name=\"robots\" content=\"index, follow, max-snippet:-1, max-image-preview:large, max-video-preview:-1\" \/>\n<link rel=\"canonical\" href=\"https:\/\/kopija.poljoserviskljakic.com\/ro\/modelul-404-cu-cabina\/\" \/>\n<meta property=\"og:locale\" content=\"ro_RO\" \/>\n<meta property=\"og:type\" content=\"article\" \/>\n<meta property=\"og:title\" content=\"MODEL 404 SA KABINOM - Poljoservis Kljaki\u0107\" \/>\n<meta property=\"og:description\" content=\"Traktor Hanwo 404 sa kabinom 40 KS sa \u010detvorocilindri\u010dnim motorom i pogonom na sve to\u010dkove. Idealan za vo\u0107arstvo, vinogradarstvo i povrtarstvo, opremljen hidraulikom, PTO ure\u0111ajem, sigurnosnim ramom i udobnim sedi\u0161tem za efikasan i siguran rad.\" \/>\n<meta property=\"og:url\" content=\"https:\/\/kopija.poljoserviskljakic.com\/ro\/modelul-404-cu-cabina\/\" \/>\n<meta property=\"og:site_name\" content=\"Poljoservis Kljaki\u0107\" \/>\n<meta property=\"article:modified_time\" content=\"2026-03-03T10:15:49+00:00\" \/>\n<meta property=\"og:image\" content=\"https:\/\/kopija.poljoserviskljakic.com\/wp-content\/uploads\/2025\/06\/404-SA-KABINOM-276x300.jpg\" \/>\n<meta name=\"twitter:card\" content=\"summary_large_image\" \/>\n<meta name=\"twitter:label1\" content=\"Timp estimat pentru citire\" \/>\n\t<meta name=\"twitter:data1\" content=\"2 minute\" \/>\n<script type=\"application\/ld+json\" class=\"yoast-schema-graph\">{\"@context\":\"https:\/\/schema.org\",\"@graph\":[{\"@type\":\"WebPage\",\"@id\":\"https:\/\/kopija.poljoserviskljakic.com\/model-404-sa-kabinom\/\",\"url\":\"https:\/\/kopija.poljoserviskljakic.com\/model-404-sa-kabinom\/\",\"name\":\"MODEL 404 SA KABINOM - Poljoservis Kljaki\u0107\",\"isPartOf\":{\"@id\":\"https:\/\/kopija.poljoserviskljakic.com\/ru\/#website\"},\"primaryImageOfPage\":{\"@id\":\"https:\/\/kopija.poljoserviskljakic.com\/model-404-sa-kabinom\/#primaryimage\"},\"image\":{\"@id\":\"https:\/\/kopija.poljoserviskljakic.com\/model-404-sa-kabinom\/#primaryimage\"},\"thumbnailUrl\":\"https:\/\/kopija.poljoserviskljakic.com\/wp-content\/uploads\/2025\/06\/404-SA-KABINOM-276x300.jpg\",\"datePublished\":\"2025-06-02T14:19:16+00:00\",\"dateModified\":\"2026-03-03T10:15:49+00:00\",\"description\":\"Traktor Hanwo 404 sa kabinom 40 KS sa \u010detvorocilindri\u010dnim motorom i pogonom na sve to\u010dkove. Idealan za vo\u0107arstvo, vinogradarstvo i povrtarstvo, opremljen hidraulikom, PTO ure\u0111ajem, sigurnosnim ramom i udobnim sedi\u0161tem za efikasan i siguran rad.\",\"breadcrumb\":{\"@id\":\"https:\/\/kopija.poljoserviskljakic.com\/model-404-sa-kabinom\/#breadcrumb\"},\"inLanguage\":\"ro-RO\",\"potentialAction\":[{\"@type\":\"ReadAction\",\"target\":[\"https:\/\/kopija.poljoserviskljakic.com\/model-404-sa-kabinom\/\"]}]},{\"@type\":\"ImageObject\",\"inLanguage\":\"ro-RO\",\"@id\":\"https:\/\/kopija.poljoserviskljakic.com\/model-404-sa-kabinom\/#primaryimage\",\"url\":\"https:\/\/kopija.poljoserviskljakic.com\/wp-content\/uploads\/2025\/06\/404-SA-KABINOM-276x300.jpg\",\"contentUrl\":\"https:\/\/kopija.poljoserviskljakic.com\/wp-content\/uploads\/2025\/06\/404-SA-KABINOM-276x300.jpg\"},{\"@type\":\"BreadcrumbList\",\"@id\":\"https:\/\/kopija.poljoserviskljakic.com\/model-404-sa-kabinom\/#breadcrumb\",\"itemListElement\":[{\"@type\":\"ListItem\",\"position\":1,\"name\":\"Po\u010detna\",\"item\":\"https:\/\/kopija.poljoserviskljakic.com\/\"},{\"@type\":\"ListItem\",\"position\":2,\"name\":\"MODEL 404 SA KABINOM\"}]},{\"@type\":\"WebSite\",\"@id\":\"https:\/\/kopija.poljoserviskljakic.com\/ru\/#website\",\"url\":\"https:\/\/kopija.poljoserviskljakic.com\/ru\/\",\"name\":\"Poljoservis Kljaki\u0107\",\"description\":\"Servis i prodaja poljoprivredne opreme\",\"publisher\":{\"@id\":\"https:\/\/kopija.poljoserviskljakic.com\/ru\/#organization\"},\"potentialAction\":[{\"@type\":\"SearchAction\",\"target\":{\"@type\":\"EntryPoint\",\"urlTemplate\":\"https:\/\/kopija.poljoserviskljakic.com\/ru\/?s={search_term_string}\"},\"query-input\":{\"@type\":\"PropertyValueSpecification\",\"valueRequired\":true,\"valueName\":\"search_term_string\"}}],\"inLanguage\":\"ro-RO\"},{\"@type\":\"Organization\",\"@id\":\"https:\/\/kopija.poljoserviskljakic.com\/ru\/#organization\",\"name\":\"Poljoservis Kljaki\u0107\",\"url\":\"https:\/\/kopija.poljoserviskljakic.com\/ru\/\",\"logo\":{\"@type\":\"ImageObject\",\"inLanguage\":\"ro-RO\",\"@id\":\"https:\/\/kopija.poljoserviskljakic.com\/ru\/#\/schema\/logo\/image\/\",\"url\":\"https:\/\/kopija.poljoserviskljakic.com\/wp-content\/uploads\/2024\/06\/logo-e1717595433124.png\",\"contentUrl\":\"https:\/\/kopija.poljoserviskljakic.com\/wp-content\/uploads\/2024\/06\/logo-e1717595433124.png\",\"width\":491,\"height\":130,\"caption\":\"Poljoservis Kljaki\u0107\"},\"image\":{\"@id\":\"https:\/\/kopija.poljoserviskljakic.com\/ru\/#\/schema\/logo\/image\/\"},\"sameAs\":[\"https:\/\/www.instagram.com\/poljoserviskljakic\/\"]}]}<\/script>\n<!-- \/ Yoast SEO plugin. -->","yoast_head_json":{"title":"MODEL 404 CU CABIN\u0102 - Poljoservis Kljaki\u0107","description":"Traktor Hanwo 404 sa kabinom 40 KS sa \u010detvorocilindri\u010dnim motorom i pogonom na sve to\u010dkove. Idealan za vo\u0107arstvo, vinogradarstvo i povrtarstvo, opremljen hidraulikom, PTO ure\u0111ajem, sigurnosnim ramom i udobnim sedi\u0161tem za efikasan i siguran rad.","robots":{"index":"index","follow":"follow","max-snippet":"max-snippet:-1","max-image-preview":"max-image-preview:large","max-video-preview":"max-video-preview:-1"},"canonical":"https:\/\/kopija.poljoserviskljakic.com\/ro\/modelul-404-cu-cabina\/","og_locale":"ro_RO","og_type":"article","og_title":"MODEL 404 SA KABINOM - Poljoservis Kljaki\u0107","og_description":"Traktor Hanwo 404 sa kabinom 40 KS sa \u010detvorocilindri\u010dnim motorom i pogonom na sve to\u010dkove. Idealan za vo\u0107arstvo, vinogradarstvo i povrtarstvo, opremljen hidraulikom, PTO ure\u0111ajem, sigurnosnim ramom i udobnim sedi\u0161tem za efikasan i siguran rad.","og_url":"https:\/\/kopija.poljoserviskljakic.com\/ro\/modelul-404-cu-cabina\/","og_site_name":"Poljoservis Kljaki\u0107","article_modified_time":"2026-03-03T10:15:49+00:00","og_image":[{"url":"https:\/\/kopija.poljoserviskljakic.com\/wp-content\/uploads\/2025\/06\/404-SA-KABINOM-276x300.jpg","type":"","width":"","height":""}],"twitter_card":"summary_large_image","twitter_misc":{"Timp estimat pentru citire":"2 minute"},"schema":{"@context":"https:\/\/schema.org","@graph":[{"@type":"WebPage","@id":"https:\/\/kopija.poljoserviskljakic.com\/model-404-sa-kabinom\/","url":"https:\/\/kopija.poljoserviskljakic.com\/model-404-sa-kabinom\/","name":"MODEL 404 CU CABIN\u0102 - Poljoservis Kljaki\u0107","isPartOf":{"@id":"https:\/\/kopija.poljoserviskljakic.com\/ru\/#website"},"primaryImageOfPage":{"@id":"https:\/\/kopija.poljoserviskljakic.com\/model-404-sa-kabinom\/#primaryimage"},"image":{"@id":"https:\/\/kopija.poljoserviskljakic.com\/model-404-sa-kabinom\/#primaryimage"},"thumbnailUrl":"https:\/\/kopija.poljoserviskljakic.com\/wp-content\/uploads\/2025\/06\/404-SA-KABINOM-276x300.jpg","datePublished":"2025-06-02T14:19:16+00:00","dateModified":"2026-03-03T10:15:49+00:00","description":"Traktor Hanwo 404 sa kabinom 40 KS sa \u010detvorocilindri\u010dnim motorom i pogonom na sve to\u010dkove. Idealan za vo\u0107arstvo, vinogradarstvo i povrtarstvo, opremljen hidraulikom, PTO ure\u0111ajem, sigurnosnim ramom i udobnim sedi\u0161tem za efikasan i siguran rad.","breadcrumb":{"@id":"https:\/\/kopija.poljoserviskljakic.com\/model-404-sa-kabinom\/#breadcrumb"},"inLanguage":"ro-RO","potentialAction":[{"@type":"ReadAction","target":["https:\/\/kopija.poljoserviskljakic.com\/model-404-sa-kabinom\/"]}]},{"@type":"ImageObject","inLanguage":"ro-RO","@id":"https:\/\/kopija.poljoserviskljakic.com\/model-404-sa-kabinom\/#primaryimage","url":"https:\/\/kopija.poljoserviskljakic.com\/wp-content\/uploads\/2025\/06\/404-SA-KABINOM-276x300.jpg","contentUrl":"https:\/\/kopija.poljoserviskljakic.com\/wp-content\/uploads\/2025\/06\/404-SA-KABINOM-276x300.jpg"},{"@type":"BreadcrumbList","@id":"https:\/\/kopija.poljoserviskljakic.com\/model-404-sa-kabinom\/#breadcrumb","itemListElement":[{"@type":"ListItem","position":1,"name":"Po\u010detna","item":"https:\/\/kopija.poljoserviskljakic.com\/"},{"@type":"ListItem","position":2,"name":"MODEL 404 SA KABINOM"}]},{"@type":"WebSite","@id":"https:\/\/kopija.poljoserviskljakic.com\/ru\/#website","url":"https:\/\/kopija.poljoserviskljakic.com\/ru\/","name":"Poljoservis Kljaki\u0107","description":"Service si vanzare utilaje agricole","publisher":{"@id":"https:\/\/kopija.poljoserviskljakic.com\/ru\/#organization"},"potentialAction":[{"@type":"SearchAction","target":{"@type":"EntryPoint","urlTemplate":"https:\/\/kopija.poljoserviskljakic.com\/ru\/?s={search_term_string}"},"query-input":{"@type":"PropertyValueSpecification","valueRequired":true,"valueName":"search_term_string"}}],"inLanguage":"ro-RO"},{"@type":"Organization","@id":"https:\/\/kopija.poljoserviskljakic.com\/ru\/#organization","name":"Poljoservis Kljaki\u0107","url":"https:\/\/kopija.poljoserviskljakic.com\/ru\/","logo":{"@type":"ImageObject","inLanguage":"ro-RO","@id":"https:\/\/kopija.poljoserviskljakic.com\/ru\/#\/schema\/logo\/image\/","url":"https:\/\/kopija.poljoserviskljakic.com\/wp-content\/uploads\/2024\/06\/logo-e1717595433124.png","contentUrl":"https:\/\/kopija.poljoserviskljakic.com\/wp-content\/uploads\/2024\/06\/logo-e1717595433124.png","width":491,"height":130,"caption":"Poljoservis Kljaki\u0107"},"image":{"@id":"https:\/\/kopija.poljoserviskljakic.com\/ru\/#\/schema\/logo\/image\/"},"sameAs":["https:\/\/www.instagram.com\/poljoserviskljakic\/"]}]}},"_links":{"self":[{"href":"https:\/\/kopija.poljoserviskljakic.com\/ro\/wp-json\/wp\/v2\/pages\/3301","targetHints":{"allow":["GET"]}}],"collection":[{"href":"https:\/\/kopija.poljoserviskljakic.com\/ro\/wp-json\/wp\/v2\/pages"}],"about":[{"href":"https:\/\/kopija.poljoserviskljakic.com\/ro\/wp-json\/wp\/v2\/types\/page"}],"author":[{"embeddable":true,"href":"https:\/\/kopija.poljoserviskljakic.com\/ro\/wp-json\/wp\/v2\/users\/2"}],"replies":[{"embeddable":true,"href":"https:\/\/kopija.poljoserviskljakic.com\/ro\/wp-json\/wp\/v2\/comments?post=3301"}],"version-history":[{"count":10,"href":"https:\/\/kopija.poljoserviskljakic.com\/ro\/wp-json\/wp\/v2\/pages\/3301\/revisions"}],"predecessor-version":[{"id":3768,"href":"https:\/\/kopija.poljoserviskljakic.com\/ro\/wp-json\/wp\/v2\/pages\/3301\/revisions\/3768"}],"wp:attachment":[{"href":"https:\/\/kopija.poljoserviskljakic.com\/ro\/wp-json\/wp\/v2\/media?parent=3301"}],"curies":[{"name":"wp","href":"https:\/\/api.w.org\/{rel}","templated":true}]}}