{"id":1329,"date":"2024-06-20T09:19:29","date_gmt":"2024-06-20T09:19:29","guid":{"rendered":"https:\/\/kljajic.element-web.com\/?page_id=1329"},"modified":"2026-03-02T12:48:41","modified_gmt":"2026-03-02T12:48:41","slug":"%d0%ba%d0%b0%d1%80%d1%80%d0%b0%d1%80%d0%be-%d0%b4%d0%bd%d1%8f","status":"publish","type":"page","link":"https:\/\/kopija.poljoserviskljakic.com\/ru\/rezervni-delovi\/carraro-dana\/","title":{"rendered":"\u041a\u0430\u0440\u0440\u0430\u0440\u043e \u0414\u0430\u043d\u0430"},"content":{"rendered":"\t\t<div data-elementor-type=\"wp-page\" data-elementor-id=\"1329\" class=\"elementor elementor-1329\" data-elementor-post-type=\"page\">\n\t\t\t\t<div class=\"elementor-element elementor-element-83e2ef8 e-flex e-con-boxed e-con e-parent\" data-id=\"83e2ef8\" data-element_type=\"container\" data-e-type=\"container\" data-settings=\"{&quot;background_background&quot;:&quot;classic&quot;}\">\n\t\t\t\t\t<div class=\"e-con-inner\">\n\t\t\t\t<div class=\"elementor-element elementor-element-f4ca3c5 elementor-widget elementor-widget-heading\" data-id=\"f4ca3c5\" data-element_type=\"widget\" data-e-type=\"widget\" data-widget_type=\"heading.default\">\n\t\t\t\t<div class=\"elementor-widget-container\">\n\t\t\t\t\t<h1 class=\"elementor-heading-title elementor-size-default\">ORIGINALNI REZERVNI DELOVI<\/h1>\t\t\t\t<\/div>\n\t\t\t\t<\/div>\n\t\t\t\t\t<\/div>\n\t\t\t\t<\/div>\n\t\t<div class=\"elementor-element elementor-element-1a75656 e-flex e-con-boxed e-con e-parent\" data-id=\"1a75656\" data-element_type=\"container\" data-e-type=\"container\">\n\t\t\t\t\t<div class=\"e-con-inner\">\n\t\t<div class=\"elementor-element elementor-element-e2facf4 e-con-full e-flex e-con e-child\" data-id=\"e2facf4\" data-element_type=\"container\" data-e-type=\"container\">\n\t\t\t\t<div class=\"elementor-element elementor-element-69601f2 elementor-widget elementor-widget-heading\" data-id=\"69601f2\" data-element_type=\"widget\" data-e-type=\"widget\" data-widget_type=\"heading.default\">\n\t\t\t\t<div class=\"elementor-widget-container\">\n\t\t\t\t\t<h3 class=\"elementor-heading-title elementor-size-default\">CARRARO I DANA SPICER REZERVNI DELOVI<\/h3>\t\t\t\t<\/div>\n\t\t\t\t<\/div>\n\t\t\t\t<div class=\"elementor-element elementor-element-0677df1 elementor-drop-cap-yes elementor-widget__width-inherit elementor-drop-cap-view-default elementor-widget elementor-widget-text-editor\" data-id=\"0677df1\" data-element_type=\"widget\" data-e-type=\"widget\" data-settings=\"{&quot;drop_cap&quot;:&quot;yes&quot;}\" data-widget_type=\"text-editor.default\">\n\t\t\t\t<div class=\"elementor-widget-container\">\n\t\t\t\t\t\t\t\t\t<p><span lang=\"sr-Latn-RS\">Originalni Carraro i Dana Spicer rezervni delovi u ponudi kod nas.<\/span><\/p><p><span lang=\"sr-Latn-RS\">Ova dva svetska brenda su poznati po proizvodnji prednjih mostova, diferencijala, menja\u010da i celih transmisija. Prva su ugradnja u gotovo sve svetske marke traktora, industrijskih i gra\u0111evinskih ma\u0161ina.<\/span><\/p><p><span lang=\"sr-Latn-RS\">Neverovatno brza isporuka i \u010dak do 10 puta manja cena za originalni deo za Va\u0161 traktor, bager, ma\u0161inu\u2026<\/span><\/p>\t\t\t\t\t\t\t\t<\/div>\n\t\t\t\t<\/div>\n\t\t\t\t<div class=\"elementor-element elementor-element-60a06f0 elementor-align-left elementor-mobile-align-justify elementor-widget-mobile__width-inherit elementor-widget elementor-widget-button\" data-id=\"60a06f0\" data-element_type=\"widget\" data-e-type=\"widget\" data-widget_type=\"button.default\">\n\t\t\t\t<div class=\"elementor-widget-container\">\n\t\t\t\t\t\t\t\t\t<div class=\"elementor-button-wrapper\">\n\t\t\t\t\t<a class=\"elementor-button elementor-button-link elementor-size-sm\" href=\"https:\/\/www.carraro.com\/en\/\" target=\"_blank\">\n\t\t\t\t\t\t<span class=\"elementor-button-content-wrapper\">\n\t\t\t\t\t\t\t\t\t<span class=\"elementor-button-text\">Vi\u0161e<\/span>\n\t\t\t\t\t<\/span>\n\t\t\t\t\t<\/a>\n\t\t\t\t<\/div>\n\t\t\t\t\t\t\t\t<\/div>\n\t\t\t\t<\/div>\n\t\t\t\t<div class=\"elementor-element elementor-element-e3a7a31 elementor-align-left elementor-mobile-align-justify elementor-widget-mobile__width-inherit elementor-widget elementor-widget-button\" data-id=\"e3a7a31\" data-element_type=\"widget\" data-e-type=\"widget\" data-widget_type=\"button.default\">\n\t\t\t\t<div class=\"elementor-widget-container\">\n\t\t\t\t\t\t\t\t\t<div class=\"elementor-button-wrapper\">\n\t\t\t\t\t<a class=\"elementor-button elementor-button-link elementor-size-sm\" href=\"#elementor-action%3Aaction%3Dpopup%3Aopen%26settings%3DeyJpZCI6IjQ1MyIsInRvZ2dsZSI6ZmFsc2V9\">\n\t\t\t\t\t\t<span class=\"elementor-button-content-wrapper\">\n\t\t\t\t\t\t\t\t\t<span class=\"elementor-button-text\">Po\u0161aljite upit<\/span>\n\t\t\t\t\t<\/span>\n\t\t\t\t\t<\/a>\n\t\t\t\t<\/div>\n\t\t\t\t\t\t\t\t<\/div>\n\t\t\t\t<\/div>\n\t\t\t\t<\/div>\n\t\t<div class=\"elementor-element elementor-element-f256d02 e-con-full e-flex e-con e-child\" data-id=\"f256d02\" data-element_type=\"container\" data-e-type=\"container\">\n\t\t\t\t<div class=\"elementor-element elementor-element-89a5573 elementor-widget-tablet__width-inherit elementor-widget__width-inherit elementor-widget elementor-widget-image\" data-id=\"89a5573\" data-element_type=\"widget\" data-e-type=\"widget\" data-widget_type=\"image.default\">\n\t\t\t\t<div class=\"elementor-widget-container\">\n\t\t\t\t\t\t\t\t\t\t\t\t\t\t\t<img fetchpriority=\"high\" decoding=\"async\" width=\"590\" height=\"255\" src=\"https:\/\/kopija.poljoserviskljakic.com\/wp-content\/uploads\/2024\/06\/assale-intero-smontato.jpg\" class=\"attachment-full size-full wp-image-1332\" alt=\"\" srcset=\"https:\/\/kopija.poljoserviskljakic.com\/wp-content\/uploads\/2024\/06\/assale-intero-smontato.jpg 590w, https:\/\/kopija.poljoserviskljakic.com\/wp-content\/uploads\/2024\/06\/assale-intero-smontato-300x130.jpg 300w\" sizes=\"(max-width: 590px) 100vw, 590px\" \/>\t\t\t\t\t\t\t\t\t\t\t\t\t\t\t<\/div>\n\t\t\t\t<\/div>\n\t\t\t\t<\/div>\n\t\t\t\t<div class=\"elementor-element elementor-element-f711931 elementor-absolute elementor-widget elementor-widget-image\" data-id=\"f711931\" data-element_type=\"widget\" data-e-type=\"widget\" data-settings=\"{&quot;_position&quot;:&quot;absolute&quot;,&quot;motion_fx_motion_fx_scrolling&quot;:&quot;yes&quot;,&quot;motion_fx_translateX_effect&quot;:&quot;yes&quot;,&quot;motion_fx_translateX_speed&quot;:{&quot;unit&quot;:&quot;px&quot;,&quot;size&quot;:4,&quot;sizes&quot;:[]},&quot;motion_fx_translateX_affectedRange&quot;:{&quot;unit&quot;:&quot;%&quot;,&quot;size&quot;:&quot;&quot;,&quot;sizes&quot;:{&quot;start&quot;:0,&quot;end&quot;:100}},&quot;motion_fx_devices&quot;:[&quot;desktop&quot;,&quot;laptop&quot;,&quot;tablet&quot;,&quot;mobile&quot;]}\" data-widget_type=\"image.default\">\n\t\t\t\t<div class=\"elementor-widget-container\">\n\t\t\t\t\t\t\t\t\t\t\t\t\t\t\t<img decoding=\"async\" width=\"512\" height=\"512\" data-src=\"https:\/\/kopija.poljoserviskljakic.com\/wp-content\/uploads\/2024\/06\/favicon1.png\" class=\"attachment-full size-full wp-image-420 lazyload\" alt=\"\" data-srcset=\"https:\/\/kopija.poljoserviskljakic.com\/wp-content\/uploads\/2024\/06\/favicon1.png 512w, https:\/\/kopija.poljoserviskljakic.com\/wp-content\/uploads\/2024\/06\/favicon1-300x300.png 300w, https:\/\/kopija.poljoserviskljakic.com\/wp-content\/uploads\/2024\/06\/favicon1-150x150.png 150w\" data-sizes=\"(max-width: 512px) 100vw, 512px\" src=\"data:image\/svg+xml;base64,PHN2ZyB3aWR0aD0iMSIgaGVpZ2h0PSIxIiB4bWxucz0iaHR0cDovL3d3dy53My5vcmcvMjAwMC9zdmciPjwvc3ZnPg==\" style=\"--smush-placeholder-width: 512px; --smush-placeholder-aspect-ratio: 512\/512;\" \/>\t\t\t\t\t\t\t\t\t\t\t\t\t\t\t<\/div>\n\t\t\t\t<\/div>\n\t\t<div class=\"elementor-element elementor-element-edb75db e-con-full e-flex e-con e-child\" data-id=\"edb75db\" data-element_type=\"container\" data-e-type=\"container\">\n\t\t\t\t<div class=\"elementor-element elementor-element-29600d4 elementor-widget elementor-widget-gallery\" data-id=\"29600d4\" data-element_type=\"widget\" data-e-type=\"widget\" data-settings=\"{&quot;gallery_layout&quot;:&quot;grid&quot;,&quot;columns&quot;:4,&quot;columns_tablet&quot;:2,&quot;columns_mobile&quot;:1,&quot;gap&quot;:{&quot;unit&quot;:&quot;px&quot;,&quot;size&quot;:10,&quot;sizes&quot;:[]},&quot;gap_laptop&quot;:{&quot;unit&quot;:&quot;px&quot;,&quot;size&quot;:10,&quot;sizes&quot;:[]},&quot;gap_tablet&quot;:{&quot;unit&quot;:&quot;px&quot;,&quot;size&quot;:10,&quot;sizes&quot;:[]},&quot;gap_mobile&quot;:{&quot;unit&quot;:&quot;px&quot;,&quot;size&quot;:10,&quot;sizes&quot;:[]},&quot;link_to&quot;:&quot;file&quot;,&quot;aspect_ratio&quot;:&quot;3:2&quot;,&quot;overlay_background&quot;:&quot;yes&quot;,&quot;content_hover_animation&quot;:&quot;fade-in&quot;}\" data-widget_type=\"gallery.default\">\n\t\t\t\t<div class=\"elementor-widget-container\">\n\t\t\t\t\t\t\t<div class=\"elementor-gallery__container\">\n\t\t\t\t\t\t\t<a class=\"e-gallery-item elementor-gallery-item elementor-animated-content\" href=\"https:\/\/kopija.poljoserviskljakic.com\/wp-content\/uploads\/2024\/06\/DANA_Image-2.jpg\" data-elementor-open-lightbox=\"yes\" data-elementor-lightbox-slideshow=\"29600d4\" data-elementor-lightbox-title=\"DANA_Image (2)\" data-e-action-hash=\"#elementor-action%3Aaction%3Dlightbox%26settings%3DeyJpZCI6MTMzMywidXJsIjoiaHR0cHM6XC9cL2tvcGlqYS5wb2xqb3NlcnZpc2tsamFraWMuY29tXC93cC1jb250ZW50XC91cGxvYWRzXC8yMDI0XC8wNlwvREFOQV9JbWFnZS0yLmpwZyIsInNsaWRlc2hvdyI6IjI5NjAwZDQifQ%3D%3D\">\n\t\t\t\t\t<div class=\"e-gallery-image elementor-gallery-item__image\" data-thumbnail=\"https:\/\/kopija.poljoserviskljakic.com\/wp-content\/uploads\/2024\/06\/DANA_Image-2.jpg\" data-width=\"1920\" data-height=\"1536\" aria-label=\"\" role=\"img\" ><\/div>\n\t\t\t\t\t\t\t\t\t\t\t<div class=\"elementor-gallery-item__overlay\"><\/div>\n\t\t\t\t\t\t\t\t\t\t\t\t\t\t<\/a>\n\t\t\t\t\t\t\t<a class=\"e-gallery-item elementor-gallery-item elementor-animated-content\" href=\"https:\/\/kopija.poljoserviskljakic.com\/wp-content\/uploads\/2024\/06\/DANA1.png\" data-elementor-open-lightbox=\"yes\" data-elementor-lightbox-slideshow=\"29600d4\" data-elementor-lightbox-title=\"DANA1\" data-e-action-hash=\"#elementor-action%3Aaction%3Dlightbox%26settings%3DeyJpZCI6MTMzNCwidXJsIjoiaHR0cHM6XC9cL2tvcGlqYS5wb2xqb3NlcnZpc2tsamFraWMuY29tXC93cC1jb250ZW50XC91cGxvYWRzXC8yMDI0XC8wNlwvREFOQTEucG5nIiwic2xpZGVzaG93IjoiMjk2MDBkNCJ9\">\n\t\t\t\t\t<div class=\"e-gallery-image elementor-gallery-item__image\" data-thumbnail=\"https:\/\/kopija.poljoserviskljakic.com\/wp-content\/uploads\/2024\/06\/DANA1.png\" data-width=\"1127\" data-height=\"241\" aria-label=\"\" role=\"img\" ><\/div>\n\t\t\t\t\t\t\t\t\t\t\t<div class=\"elementor-gallery-item__overlay\"><\/div>\n\t\t\t\t\t\t\t\t\t\t\t\t\t\t<\/a>\n\t\t\t\t\t\t\t<a class=\"e-gallery-item elementor-gallery-item elementor-animated-content\" href=\"https:\/\/kopija.poljoserviskljakic.com\/wp-content\/uploads\/2024\/06\/pieces.jpg\" data-elementor-open-lightbox=\"yes\" data-elementor-lightbox-slideshow=\"29600d4\" data-elementor-lightbox-title=\"pieces\" data-e-action-hash=\"#elementor-action%3Aaction%3Dlightbox%26settings%3DeyJpZCI6MTMzNSwidXJsIjoiaHR0cHM6XC9cL2tvcGlqYS5wb2xqb3NlcnZpc2tsamFraWMuY29tXC93cC1jb250ZW50XC91cGxvYWRzXC8yMDI0XC8wNlwvcGllY2VzLmpwZyIsInNsaWRlc2hvdyI6IjI5NjAwZDQifQ%3D%3D\">\n\t\t\t\t\t<div class=\"e-gallery-image elementor-gallery-item__image\" data-thumbnail=\"https:\/\/kopija.poljoserviskljakic.com\/wp-content\/uploads\/2024\/06\/pieces.jpg\" data-width=\"966\" data-height=\"341\" aria-label=\"\" role=\"img\" ><\/div>\n\t\t\t\t\t\t\t\t\t\t\t<div class=\"elementor-gallery-item__overlay\"><\/div>\n\t\t\t\t\t\t\t\t\t\t\t\t\t\t<\/a>\n\t\t\t\t\t\t\t<a class=\"e-gallery-item elementor-gallery-item elementor-animated-content\" href=\"https:\/\/kopija.poljoserviskljakic.com\/wp-content\/uploads\/2024\/06\/ricambi-assali-carraro1.jpg\" data-elementor-open-lightbox=\"yes\" data-elementor-lightbox-slideshow=\"29600d4\" data-elementor-lightbox-title=\"ricambi-assali-carraro1\" data-e-action-hash=\"#elementor-action%3Aaction%3Dlightbox%26settings%3DeyJpZCI6MTMzNiwidXJsIjoiaHR0cHM6XC9cL2tvcGlqYS5wb2xqb3NlcnZpc2tsamFraWMuY29tXC93cC1jb250ZW50XC91cGxvYWRzXC8yMDI0XC8wNlwvcmljYW1iaS1hc3NhbGktY2FycmFybzEuanBnIiwic2xpZGVzaG93IjoiMjk2MDBkNCJ9\">\n\t\t\t\t\t<div class=\"e-gallery-image elementor-gallery-item__image\" data-thumbnail=\"https:\/\/kopija.poljoserviskljakic.com\/wp-content\/uploads\/2024\/06\/ricambi-assali-carraro1.jpg\" data-width=\"720\" data-height=\"270\" aria-label=\"\" role=\"img\" ><\/div>\n\t\t\t\t\t\t\t\t\t\t\t<div class=\"elementor-gallery-item__overlay\"><\/div>\n\t\t\t\t\t\t\t\t\t\t\t\t\t\t<\/a>\n\t\t\t\t\t<\/div>\n\t\t\t\t\t<\/div>\n\t\t\t\t<\/div>\n\t\t\t\t<\/div>\n\t\t\t\t\t<\/div>\n\t\t\t\t<\/div>\n\t\t<div class=\"elementor-element elementor-element-4d80cd71 e-flex e-con-boxed e-con e-parent\" data-id=\"4d80cd71\" data-element_type=\"container\" data-e-type=\"container\" data-settings=\"{&quot;background_background&quot;:&quot;classic&quot;}\">\n\t\t\t\t\t<div class=\"e-con-inner\">\n\t\t\t\t<div class=\"elementor-element elementor-element-18ad1243 elementor-widget elementor-widget-heading\" data-id=\"18ad1243\" data-element_type=\"widget\" data-e-type=\"widget\" data-widget_type=\"heading.default\">\n\t\t\t\t<div class=\"elementor-widget-container\">\n\t\t\t\t\t<span class=\"elementor-heading-title elementor-size-default\">Kljaki\u0107<\/span>\t\t\t\t<\/div>\n\t\t\t\t<\/div>\n\t\t\t\t<div class=\"elementor-element elementor-element-1cbfce22 elementor-widget__width-initial elementor-widget-tablet__width-inherit elementor-widget elementor-widget-heading\" data-id=\"1cbfce22\" data-element_type=\"widget\" data-e-type=\"widget\" data-widget_type=\"heading.default\">\n\t\t\t\t<div class=\"elementor-widget-container\">\n\t\t\t\t\t<h2 class=\"elementor-heading-title elementor-size-default\">Potreban Vam je ekspert za ORIGINALNI REZERVNI DELOVI?<\/h2>\t\t\t\t<\/div>\n\t\t\t\t<\/div>\n\t\t\t\t<div class=\"elementor-element elementor-element-53dc678 elementor-align-center elementor-mobile-align-justify elementor-widget-mobile__width-inherit elementor-widget elementor-widget-button\" data-id=\"53dc678\" data-element_type=\"widget\" data-e-type=\"widget\" data-widget_type=\"button.default\">\n\t\t\t\t<div class=\"elementor-widget-container\">\n\t\t\t\t\t\t\t\t\t<div class=\"elementor-button-wrapper\">\n\t\t\t\t\t<a class=\"elementor-button elementor-button-link elementor-size-sm\" href=\"https:\/\/kopija.poljoserviskljakic.com\/ru\/kontakt\/\">\n\t\t\t\t\t\t<span class=\"elementor-button-content-wrapper\">\n\t\t\t\t\t\t\t\t\t<span class=\"elementor-button-text\">Kontaktirajte nas<\/span>\n\t\t\t\t\t<\/span>\n\t\t\t\t\t<\/a>\n\t\t\t\t<\/div>\n\t\t\t\t\t\t\t\t<\/div>\n\t\t\t\t<\/div>\n\t\t\t\t\t<\/div>\n\t\t\t\t<\/div>\n\t\t\t\t<\/div>\n\t\t","protected":false},"excerpt":{"rendered":"<p>ORIGINALNI REZERVNI DELOVI CARRARO I DANA SPICER REZERVNI DELOVI Originalni Carraro i Dana Spicer rezervni delovi u ponudi kod nas. Ova dva svetska brenda su poznati po proizvodnji prednjih mostova, diferencijala, menja\u010da i celih transmisija. Prva su ugradnja u gotovo sve svetske marke traktora, industrijskih i gra\u0111evinskih ma\u0161ina. Neverovatno brza isporuka i \u010dak do 10 [&hellip;]<\/p>\n","protected":false},"author":2,"featured_media":0,"parent":27,"menu_order":0,"comment_status":"closed","ping_status":"closed","template":"","meta":{"content-type":"","footnotes":""},"class_list":["post-1329","page","type-page","status-publish","hentry"],"yoast_head":"<!-- This site is optimized with the Yoast SEO plugin v27.1.1 - https:\/\/yoast.com\/product\/yoast-seo-wordpress\/ -->\n<title>Carraro i Dana Spicer rezervni delovi \u2013 Poljo Servis Kljaki\u0107<\/title>\n<meta name=\"description\" content=\"Originalni Carraro i Dana Spicer rezervni delovi za traktore, bager, industrijske i gra\u0111evinske ma\u0161ine. Brza isporuka i do 10 puta povoljnija cena za Va\u0161u mehanizaciju.\" \/>\n<meta name=\"robots\" content=\"index, follow, max-snippet:-1, max-image-preview:large, max-video-preview:-1\" \/>\n<link rel=\"canonical\" href=\"https:\/\/kopija.poljoserviskljakic.com\/ru\/\u0437\u0430\u043f\u0447\u0430\u0441\u0442\u0438\/\u043a\u0430\u0440\u0440\u0430\u0440\u043e-\u0434\u043d\u044f\/\" \/>\n<meta property=\"og:locale\" content=\"ru_RU\" \/>\n<meta property=\"og:type\" content=\"article\" \/>\n<meta property=\"og:title\" content=\"Carraro i Dana Spicer rezervni delovi \u2013 Poljo Servis Kljaki\u0107\" \/>\n<meta property=\"og:description\" content=\"Originalni Carraro i Dana Spicer rezervni delovi za traktore, bager, industrijske i gra\u0111evinske ma\u0161ine. Brza isporuka i do 10 puta povoljnija cena za Va\u0161u mehanizaciju.\" \/>\n<meta property=\"og:url\" content=\"https:\/\/kopija.poljoserviskljakic.com\/ru\/\u0437\u0430\u043f\u0447\u0430\u0441\u0442\u0438\/\u043a\u0430\u0440\u0440\u0430\u0440\u043e-\u0434\u043d\u044f\/\" \/>\n<meta property=\"og:site_name\" content=\"Poljoservis Kljaki\u0107\" \/>\n<meta property=\"article:modified_time\" content=\"2026-03-02T12:48:41+00:00\" \/>\n<meta property=\"og:image\" content=\"https:\/\/kopija.poljoserviskljakic.com\/wp-content\/uploads\/2024\/06\/assale-intero-smontato.jpg\" \/>\n<meta name=\"twitter:card\" content=\"summary_large_image\" \/>\n<meta name=\"twitter:label1\" content=\"Primernoe vrem\u044f dl\u044f \u010dteni\u044f\" \/>\n\t<meta name=\"twitter:data1\" content=\"1 minuta\" \/>\n<script type=\"application\/ld+json\" class=\"yoast-schema-graph\">{\"@context\":\"https:\/\/schema.org\",\"@graph\":[{\"@type\":\"WebPage\",\"@id\":\"https:\/\/kopija.poljoserviskljakic.com\/rezervni-delovi\/carraro-dana\/\",\"url\":\"https:\/\/kopija.poljoserviskljakic.com\/rezervni-delovi\/carraro-dana\/\",\"name\":\"Carraro i Dana Spicer rezervni delovi \u2013 Poljo Servis Kljaki\u0107\",\"isPartOf\":{\"@id\":\"https:\/\/kopija.poljoserviskljakic.com\/ru\/#website\"},\"primaryImageOfPage\":{\"@id\":\"https:\/\/kopija.poljoserviskljakic.com\/rezervni-delovi\/carraro-dana\/#primaryimage\"},\"image\":{\"@id\":\"https:\/\/kopija.poljoserviskljakic.com\/rezervni-delovi\/carraro-dana\/#primaryimage\"},\"thumbnailUrl\":\"https:\/\/kopija.poljoserviskljakic.com\/wp-content\/uploads\/2024\/06\/assale-intero-smontato.jpg\",\"datePublished\":\"2024-06-20T09:19:29+00:00\",\"dateModified\":\"2026-03-02T12:48:41+00:00\",\"description\":\"Originalni Carraro i Dana Spicer rezervni delovi za traktore, bager, industrijske i gra\u0111evinske ma\u0161ine. Brza isporuka i do 10 puta povoljnija cena za Va\u0161u mehanizaciju.\",\"breadcrumb\":{\"@id\":\"https:\/\/kopija.poljoserviskljakic.com\/rezervni-delovi\/carraro-dana\/#breadcrumb\"},\"inLanguage\":\"ru-RU\",\"potentialAction\":[{\"@type\":\"ReadAction\",\"target\":[\"https:\/\/kopija.poljoserviskljakic.com\/rezervni-delovi\/carraro-dana\/\"]}]},{\"@type\":\"ImageObject\",\"inLanguage\":\"ru-RU\",\"@id\":\"https:\/\/kopija.poljoserviskljakic.com\/rezervni-delovi\/carraro-dana\/#primaryimage\",\"url\":\"https:\/\/kopija.poljoserviskljakic.com\/wp-content\/uploads\/2024\/06\/assale-intero-smontato.jpg\",\"contentUrl\":\"https:\/\/kopija.poljoserviskljakic.com\/wp-content\/uploads\/2024\/06\/assale-intero-smontato.jpg\"},{\"@type\":\"BreadcrumbList\",\"@id\":\"https:\/\/kopija.poljoserviskljakic.com\/rezervni-delovi\/carraro-dana\/#breadcrumb\",\"itemListElement\":[{\"@type\":\"ListItem\",\"position\":1,\"name\":\"Po\u010detna\",\"item\":\"https:\/\/kopija.poljoserviskljakic.com\/\"},{\"@type\":\"ListItem\",\"position\":2,\"name\":\"Rezervni delovi\",\"item\":\"https:\/\/kopija.poljoserviskljakic.com\/rezervni-delovi\/\"},{\"@type\":\"ListItem\",\"position\":3,\"name\":\"Carraro Dana\"}]},{\"@type\":\"WebSite\",\"@id\":\"https:\/\/kopija.poljoserviskljakic.com\/ru\/#website\",\"url\":\"https:\/\/kopija.poljoserviskljakic.com\/ru\/\",\"name\":\"Poljoservis Kljaki\u0107\",\"description\":\"Servis i prodaja poljoprivredne opreme\",\"publisher\":{\"@id\":\"https:\/\/kopija.poljoserviskljakic.com\/ru\/#organization\"},\"potentialAction\":[{\"@type\":\"SearchAction\",\"target\":{\"@type\":\"EntryPoint\",\"urlTemplate\":\"https:\/\/kopija.poljoserviskljakic.com\/ru\/?s={search_term_string}\"},\"query-input\":{\"@type\":\"PropertyValueSpecification\",\"valueRequired\":true,\"valueName\":\"search_term_string\"}}],\"inLanguage\":\"ru-RU\"},{\"@type\":\"Organization\",\"@id\":\"https:\/\/kopija.poljoserviskljakic.com\/ru\/#organization\",\"name\":\"Poljoservis Kljaki\u0107\",\"url\":\"https:\/\/kopija.poljoserviskljakic.com\/ru\/\",\"logo\":{\"@type\":\"ImageObject\",\"inLanguage\":\"ru-RU\",\"@id\":\"https:\/\/kopija.poljoserviskljakic.com\/ru\/#\/schema\/logo\/image\/\",\"url\":\"https:\/\/kopija.poljoserviskljakic.com\/wp-content\/uploads\/2024\/06\/logo-e1717595433124.png\",\"contentUrl\":\"https:\/\/kopija.poljoserviskljakic.com\/wp-content\/uploads\/2024\/06\/logo-e1717595433124.png\",\"width\":491,\"height\":130,\"caption\":\"Poljoservis Kljaki\u0107\"},\"image\":{\"@id\":\"https:\/\/kopija.poljoserviskljakic.com\/ru\/#\/schema\/logo\/image\/\"},\"sameAs\":[\"https:\/\/www.instagram.com\/poljoserviskljakic\/\"]}]}<\/script>\n<!-- \/ Yoast SEO plugin. -->","yoast_head_json":{"title":"Carraro i Dana Spicer rezervni delovi \u2013 Poljo Servis Kljaki\u0107","description":"Originalni Carraro i Dana Spicer rezervni delovi za traktore, bager, industrijske i gra\u0111evinske ma\u0161ine. Brza isporuka i do 10 puta povoljnija cena za Va\u0161u mehanizaciju.","robots":{"index":"index","follow":"follow","max-snippet":"max-snippet:-1","max-image-preview":"max-image-preview:large","max-video-preview":"max-video-preview:-1"},"canonical":"https:\/\/kopija.poljoserviskljakic.com\/ru\/\u0437\u0430\u043f\u0447\u0430\u0441\u0442\u0438\/\u043a\u0430\u0440\u0440\u0430\u0440\u043e-\u0434\u043d\u044f\/","og_locale":"ru_RU","og_type":"article","og_title":"Carraro i Dana Spicer rezervni delovi \u2013 Poljo Servis Kljaki\u0107","og_description":"Originalni Carraro i Dana Spicer rezervni delovi za traktore, bager, industrijske i gra\u0111evinske ma\u0161ine. Brza isporuka i do 10 puta povoljnija cena za Va\u0161u mehanizaciju.","og_url":"https:\/\/kopija.poljoserviskljakic.com\/ru\/\u0437\u0430\u043f\u0447\u0430\u0441\u0442\u0438\/\u043a\u0430\u0440\u0440\u0430\u0440\u043e-\u0434\u043d\u044f\/","og_site_name":"Poljoservis Kljaki\u0107","article_modified_time":"2026-03-02T12:48:41+00:00","og_image":[{"url":"https:\/\/kopija.poljoserviskljakic.com\/wp-content\/uploads\/2024\/06\/assale-intero-smontato.jpg","type":"","width":"","height":""}],"twitter_card":"summary_large_image","twitter_misc":{"Primernoe vrem\u044f dl\u044f \u010dteni\u044f":"1 minuta"},"schema":{"@context":"https:\/\/schema.org","@graph":[{"@type":"WebPage","@id":"https:\/\/kopija.poljoserviskljakic.com\/rezervni-delovi\/carraro-dana\/","url":"https:\/\/kopija.poljoserviskljakic.com\/rezervni-delovi\/carraro-dana\/","name":"Carraro i Dana Spicer rezervni delovi \u2013 Poljo Servis Kljaki\u0107","isPartOf":{"@id":"https:\/\/kopija.poljoserviskljakic.com\/ru\/#website"},"primaryImageOfPage":{"@id":"https:\/\/kopija.poljoserviskljakic.com\/rezervni-delovi\/carraro-dana\/#primaryimage"},"image":{"@id":"https:\/\/kopija.poljoserviskljakic.com\/rezervni-delovi\/carraro-dana\/#primaryimage"},"thumbnailUrl":"https:\/\/kopija.poljoserviskljakic.com\/wp-content\/uploads\/2024\/06\/assale-intero-smontato.jpg","datePublished":"2024-06-20T09:19:29+00:00","dateModified":"2026-03-02T12:48:41+00:00","description":"Originalni Carraro i Dana Spicer rezervni delovi za traktore, bager, industrijske i gra\u0111evinske ma\u0161ine. Brza isporuka i do 10 puta povoljnija cena za Va\u0161u mehanizaciju.","breadcrumb":{"@id":"https:\/\/kopija.poljoserviskljakic.com\/rezervni-delovi\/carraro-dana\/#breadcrumb"},"inLanguage":"ru-RU","potentialAction":[{"@type":"ReadAction","target":["https:\/\/kopija.poljoserviskljakic.com\/rezervni-delovi\/carraro-dana\/"]}]},{"@type":"ImageObject","inLanguage":"ru-RU","@id":"https:\/\/kopija.poljoserviskljakic.com\/rezervni-delovi\/carraro-dana\/#primaryimage","url":"https:\/\/kopija.poljoserviskljakic.com\/wp-content\/uploads\/2024\/06\/assale-intero-smontato.jpg","contentUrl":"https:\/\/kopija.poljoserviskljakic.com\/wp-content\/uploads\/2024\/06\/assale-intero-smontato.jpg"},{"@type":"BreadcrumbList","@id":"https:\/\/kopija.poljoserviskljakic.com\/rezervni-delovi\/carraro-dana\/#breadcrumb","itemListElement":[{"@type":"ListItem","position":1,"name":"Po\u010detna","item":"https:\/\/kopija.poljoserviskljakic.com\/"},{"@type":"ListItem","position":2,"name":"Rezervni delovi","item":"https:\/\/kopija.poljoserviskljakic.com\/rezervni-delovi\/"},{"@type":"ListItem","position":3,"name":"Carraro Dana"}]},{"@type":"WebSite","@id":"https:\/\/kopija.poljoserviskljakic.com\/ru\/#website","url":"https:\/\/kopija.poljoserviskljakic.com\/ru\/","name":"\u041f\u043e\u043b\u0438\u043e\u0441\u0435\u0440\u0432\u0438\u0441 \u041a\u043b\u044f\u043a\u0438\u0447","description":"\u0421\u0435\u0440\u0432\u0438\u0441 \u0438 \u043f\u0440\u043e\u0434\u0430\u0436\u0430 \u0441\u0435\u043b\u044c\u0441\u043a\u043e\u0445\u043e\u0437\u044f\u0439\u0441\u0442\u0432\u0435\u043d\u043d\u043e\u0439 \u0442\u0435\u0445\u043d\u0438\u043a\u0438","publisher":{"@id":"https:\/\/kopija.poljoserviskljakic.com\/ru\/#organization"},"potentialAction":[{"@type":"SearchAction","target":{"@type":"EntryPoint","urlTemplate":"https:\/\/kopija.poljoserviskljakic.com\/ru\/?s={search_term_string}"},"query-input":{"@type":"PropertyValueSpecification","valueRequired":true,"valueName":"search_term_string"}}],"inLanguage":"ru-RU"},{"@type":"Organization","@id":"https:\/\/kopija.poljoserviskljakic.com\/ru\/#organization","name":"\u041f\u043e\u043b\u0438\u043e\u0441\u0435\u0440\u0432\u0438\u0441 \u041a\u043b\u044f\u043a\u0438\u0447","url":"https:\/\/kopija.poljoserviskljakic.com\/ru\/","logo":{"@type":"ImageObject","inLanguage":"ru-RU","@id":"https:\/\/kopija.poljoserviskljakic.com\/ru\/#\/schema\/logo\/image\/","url":"https:\/\/kopija.poljoserviskljakic.com\/wp-content\/uploads\/2024\/06\/logo-e1717595433124.png","contentUrl":"https:\/\/kopija.poljoserviskljakic.com\/wp-content\/uploads\/2024\/06\/logo-e1717595433124.png","width":491,"height":130,"caption":"Poljoservis Kljaki\u0107"},"image":{"@id":"https:\/\/kopija.poljoserviskljakic.com\/ru\/#\/schema\/logo\/image\/"},"sameAs":["https:\/\/www.instagram.com\/poljoserviskljakic\/"]}]}},"_links":{"self":[{"href":"https:\/\/kopija.poljoserviskljakic.com\/ru\/wp-json\/wp\/v2\/pages\/1329","targetHints":{"allow":["GET"]}}],"collection":[{"href":"https:\/\/kopija.poljoserviskljakic.com\/ru\/wp-json\/wp\/v2\/pages"}],"about":[{"href":"https:\/\/kopija.poljoserviskljakic.com\/ru\/wp-json\/wp\/v2\/types\/page"}],"author":[{"embeddable":true,"href":"https:\/\/kopija.poljoserviskljakic.com\/ru\/wp-json\/wp\/v2\/users\/2"}],"replies":[{"embeddable":true,"href":"https:\/\/kopija.poljoserviskljakic.com\/ru\/wp-json\/wp\/v2\/comments?post=1329"}],"version-history":[{"count":22,"href":"https:\/\/kopija.poljoserviskljakic.com\/ru\/wp-json\/wp\/v2\/pages\/1329\/revisions"}],"predecessor-version":[{"id":3583,"href":"https:\/\/kopija.poljoserviskljakic.com\/ru\/wp-json\/wp\/v2\/pages\/1329\/revisions\/3583"}],"up":[{"embeddable":true,"href":"https:\/\/kopija.poljoserviskljakic.com\/ru\/wp-json\/wp\/v2\/pages\/27"}],"wp:attachment":[{"href":"https:\/\/kopija.poljoserviskljakic.com\/ru\/wp-json\/wp\/v2\/media?parent=1329"}],"curies":[{"name":"WP","href":"https:\/\/api.w.org\/{rel}","templated":true}]}}